{"id":63,"date":"2020-02-10T10:54:55","date_gmt":"2020-02-10T09:54:55","guid":{"rendered":"http:\/\/cborsplus.de\/HP2020\/?page_id=63"},"modified":"2024-09-09T22:12:06","modified_gmt":"2024-09-09T20:12:06","slug":"schulprofil","status":"publish","type":"page","link":"https:\/\/cborsplus.de\/HP2020\/schulprofil\/","title":{"rendered":"Schulprofil"},"content":{"rendered":"\n<style type=\"text\/css\" data-created_by=\"avia_inline_auto\" id=\"style-css-av-3usqb-b1e72c5bd6e4707f32d722578833032f\">\n.flex_column.av-3usqb-b1e72c5bd6e4707f32d722578833032f{\n-webkit-border-radius:0px 0px 0px 0px;\n-moz-border-radius:0px 0px 0px 0px;\nborder-radius:0px 0px 0px 0px;\npadding:0px 0px 0px 0px;\n}\n<\/style>\n<div  class='flex_column av-3usqb-b1e72c5bd6e4707f32d722578833032f av_two_third  avia-builder-el-0  el_before_av_two_third  avia-builder-el-first  first flex_column_div av-zero-column-padding  '     ><style type=\"text\/css\" data-created_by=\"avia_inline_auto\" id=\"style-css-av-3gy9v-1aa58312bfe604f8e8433a35d227c39e\">\n#top .av-special-heading.av-3gy9v-1aa58312bfe604f8e8433a35d227c39e{\npadding-bottom:10px;\n}\nbody .av-special-heading.av-3gy9v-1aa58312bfe604f8e8433a35d227c39e .av-special-heading-tag .heading-char{\nfont-size:25px;\n}\n.av-special-heading.av-3gy9v-1aa58312bfe604f8e8433a35d227c39e .av-subheading{\nfont-size:15px;\n}\n<\/style>\n<div  class='av-special-heading av-3gy9v-1aa58312bfe604f8e8433a35d227c39e av-special-heading-h1 blockquote modern-quote modern-centered  avia-builder-el-1  avia-builder-el-no-sibling '><h1 class='av-special-heading-tag'  itemprop=\"headline\"  >Unser Profil<\/h1><div class=\"special-heading-border\"><div class=\"special-heading-inner-border\"><\/div><\/div><\/div><\/div>\n\n<style type=\"text\/css\" data-created_by=\"avia_inline_auto\" id=\"style-css-av-2l857-2a0e8549b5994e3299b4a1be3fe9b4bf\">\n.flex_column.av-2l857-2a0e8549b5994e3299b4a1be3fe9b4bf{\n-webkit-border-radius:0px 0px 0px 0px;\n-moz-border-radius:0px 0px 0px 0px;\nborder-radius:0px 0px 0px 0px;\npadding:0px 0px 0px 0px;\n}\n<\/style>\n<div  class='flex_column av-2l857-2a0e8549b5994e3299b4a1be3fe9b4bf av_two_third  avia-builder-el-2  el_after_av_two_third  el_before_av_one_third  first flex_column_div av-zero-column-padding  column-top-margin'     ><section  class='av_textblock_section av-1xw93-082fdbd4f426b6eb0b0dbeae97029726 '   itemscope=\"itemscope\" itemtype=\"https:\/\/schema.org\/CreativeWork\" ><div class='avia_textblock'  itemprop=\"text\" ><p>Wir sind eine kooperative Realschule plus im \u201eHerzen von Koblenz\u201c gelegen.\u00a0Zus\u00e4tzlich sind wir Schwerpunktschule und Ganztagsschule in Angebotsform!<\/p>\n<p><i><strong>\u201eVielfalt leben &amp; gemeinsam lernen\u201c<\/strong> ist das Motto unserer Realschule plus. Hier lernen und arbeiten zur Zeit 520 Sch\u00fclerinnen und Sch\u00fcler und 50 Lehrerinnen und Lehrern. Die Schule leitet Herr Fabian Haunschild, der von einem vielseitigen Team unterst\u00fctzt wird. Die Sekret\u00e4rinnen entlasten die Leitung bei der Organisation und Durchf\u00fchrung eines geordneten Ablaufs des schulischen Alltags. Die Sch\u00fcler stammen vorwiegend aus Koblenz, verf\u00fcgen oft \u00fcber einen multikulturellen Hintergrund.<\/i><\/p>\n<p><i>Unsere Kinder kommen aus vielen unterschiedlichen Grundschulen. Durch eine Reihe von Initiativen und Projekten, wie Infoabende, Kennenlernnachmittage, Einf\u00fchrungswoche und die Brosch\u00fcre \u201cMeine neue Schule\u201c erleichtern wir unseren Neulingen den \u00dcbergang zur weiterf\u00fchrenden Schule. \u00dcbergabegespr\u00e4che unserer Klassenleitungen mit den ma\u00dfgeblichen abgebenden Grundschulen sind f\u00fcr uns selbstverst\u00e4ndlich.<\/i><\/p>\n<p><i>Nach einer zweij\u00e4hrigen Orientierungsphase steht eine vorl\u00e4ufige Entscheidung \u00fcber die Schullaufbahn an. In unserem kooperativen System werden nun Berufsreife- und Realschulklassen eingerichtet. <\/i>Es besteht nach jedem Schuljahr aber die M\u00f6glichkeit zwischen den Bildungsg\u00e4ngen zu wechseln.\u00a0Intensive Elterninformation und -beratung, F\u00f6rderungen und der Grundsatz der Durchl\u00e4ssigkeit sollen bis zur 9. Jahrgangsstufe \u00dcberg\u00e4nge in den Realschulzweig erleichtern.<\/p>\n<p><i>In den vergangenen Jahren haben unsere Realsch\u00fcler und -sch\u00fclerinnen (oder Sch\u00fcler und Sch\u00fclerinnen des 10. Schuljahres) neben dem Eintritt in ein Ausbildungsverh\u00e4ltnis auch den \u00dcbergang in die Oberstufe eines (allgemeinbildenden oder beruflichen) Gymnasiums geschafft.<\/i><\/p>\n<p><i>Neben den Standardf\u00e4chern werden die allgemeinen Wahlpflichtf\u00e4cher Franz\u00f6sisch, WuV, TuN, HuS und IB angeboten. Als schulspezifische Wahlpflichtf\u00e4cher haben wir neben der Berufsorientierung Sport und Gesundheit, Medien und Kunst und Informatische Bildung im Angebot.<\/i><\/p>\n<p><i>Auch ist eine Reihe von F\u00f6rderm\u00f6glichkeiten vorgesehen, die individuelle F\u00f6rderungen erlauben. Als Schwerpunktschule ist die erg\u00e4nzende Begleitung im Unterricht durch F\u00f6rderschullehrer selbstverst\u00e4ndlich.<\/i><\/p>\n<p>Die \u201eClemi\u201c ist Ganztagsschule, bietet also eine vollumf\u00e4ngliche Nachmittagsbetreuung an. Dazu geh\u00f6rt ein Mittagessen, Lernzeit f\u00fcr die Sch\u00fcler und Sch\u00fclerinnen, um die Hausaufgaben in Ruhe anfertigen zu k\u00f6nnen, sowie eine AG-Zeit, die frei w\u00e4hlbar ist und den Kindern ein breite Palette an Aktivit\u00e4ten bietet.<i>\u00a0Nicht nur wegen der g\u00fcnstigen Lage der Schule werden zahlreiche Kooperationen mit st\u00e4dtischen und anderen \u00f6ffentlichen Einrichtungen innerhalb und au\u00dferhalb des regul\u00e4ren Unterrichts gepflegt.<\/i><\/p>\n<p>Einmal im Jahr unternehmen wir mit drei anderen Schulen eine Segelfreizeit in den Niederlanden: Ein einzigartiges schul\u00fcbergreifendes Projekt, das schon seit \u00fcber 20 Jahren ein Erfolgskonzept ist. Angesprochen sind hierbei vor allem sozial engagierte Sch\u00fclerinnen und Sch\u00fcler.<\/p>\n<p><i>Wir sind au\u00dferdem Medienkompetenzschule, f\u00fchren eine intensive Berufsorientierung durch, die Berufsreifeklassen absolvieren seit Jahren den Praxistag, mit der Partnerschule kommt es regelm\u00e4\u00dfig zum Sch\u00fcleraustausch, unser schuleigenes Ruderboot steht der AG zur Verf\u00fcgung und wir nehmen regelm\u00e4\u00dfig an unterschiedlichsten Projekten teil: \u00a0Kaenguru in Mathe, DELF in Franz\u00f6sisch (Gewinnerin letzten Jahres), B\u00f6rsenspiel der Sparkasse, EVM-Kochwettbewerb, Mobiles Planetarium, Ada Lovelace sind Beispiele dieser Projekte.<\/i><\/p>\n<p><strong>Zertifizierte MINT-Schule seit 2021<\/strong><\/p>\n<p>Was bedeutet die Abk\u00fcrzung MINT?<\/p>\n<p>MINT steht f\u00fcr Mathematik, Informatik, Naturwissenschaft und Technik.<\/p>\n<p>Hast die Lust die Umwelt zu erforschen, Experimente durchzuf\u00fchren und Roboter zu programmieren? Dann bist du an unserer Schule gut aufgehoben. In zahlreichen Projekten und Arbeitsgruppen wie \u201eJugend forscht\u201c oder \u201eLego Technik\u201c entwickeln wir neue Produkte und erforschen die Natur.<\/p>\n<p>Zus\u00e4tzlich engagiert sich Sch\u00fclerinnen und Sch\u00fcler in unserem \u201eMINT-Projekt\u201c im Bereich kooperatives Lernen f\u00fcr die naturwissenschaftliche Bildung von Grundsch\u00fclern. Angeleitet von Sieben- bis Zehntkl\u00e4sslern<\/p>\n<p><i>Was uns sonst noch alles wichtig ist, entnehmen Sie bitte dem Leitbild und ganz konkret dem Programm unserer Schule.<\/i><\/p>\n<\/div><\/section><\/div>\n<style type=\"text\/css\" data-created_by=\"avia_inline_auto\" id=\"style-css-av-1hasr-6f13a1caa0432271835bed8a0d85df34\">\n.flex_column.av-1hasr-6f13a1caa0432271835bed8a0d85df34{\n-webkit-border-radius:0px 0px 0px 0px;\n-moz-border-radius:0px 0px 0px 0px;\nborder-radius:0px 0px 0px 0px;\npadding:0px 0px 0px 0px;\n}\n<\/style>\n<div  class='flex_column av-1hasr-6f13a1caa0432271835bed8a0d85df34 av_one_third  avia-builder-el-4  el_after_av_two_third  avia-builder-el-last  flex_column_div av-zero-column-padding  column-top-margin'     ><style type=\"text\/css\" data-created_by=\"avia_inline_auto\" id=\"style-css-av-yam7-3a55db8777536aabfd36406abcb05a47\">\n#top .avia-gallery.av-yam7-3a55db8777536aabfd36406abcb05a47 .avia-gallery-thumb a{\nwidth:20%;\n}\n<\/style>\n<div  class='avia-gallery av-yam7-3a55db8777536aabfd36406abcb05a47 avia_animate_when_visible  avia-builder-el-5  avia-builder-el-no-sibling  avia_lazyload av-slideshow-ui av-loop-manual-endless av-control-hidden av-navigate-arrows av-navigate-dots hover-effect av-control-hidden avia-gallery-animate avia-gallery-1'  itemprop=\"image\" itemscope=\"itemscope\" itemtype=\"https:\/\/schema.org\/ImageObject\" ><meta itemprop=\"contentURL\" content=\"https:\/\/cborsplus.de\/HP2020\/schulprofil\/\"><a class='avia-gallery-big fakeLightbox lightbox avia-gallery-big-crop-thumb ' href=\"https:\/\/cborsplus.de\/HP2020\/wp-content\/uploads\/2020\/02\/twitter-292994_1920-1030x687.jpg\" data-srcset=\"https:\/\/cborsplus.de\/HP2020\/wp-content\/uploads\/2020\/02\/twitter-292994_1920-1030x687.jpg 1030w, https:\/\/cborsplus.de\/HP2020\/wp-content\/uploads\/2020\/02\/twitter-292994_1920-300x200.jpg 300w, https:\/\/cborsplus.de\/HP2020\/wp-content\/uploads\/2020\/02\/twitter-292994_1920-768x512.jpg 768w, https:\/\/cborsplus.de\/HP2020\/wp-content\/uploads\/2020\/02\/twitter-292994_1920-1536x1024.jpg 1536w, https:\/\/cborsplus.de\/HP2020\/wp-content\/uploads\/2020\/02\/twitter-292994_1920-1500x1000.jpg 1500w, https:\/\/cborsplus.de\/HP2020\/wp-content\/uploads\/2020\/02\/twitter-292994_1920-705x470.jpg 705w, https:\/\/cborsplus.de\/HP2020\/wp-content\/uploads\/2020\/02\/twitter-292994_1920-450x300.jpg 450w, https:\/\/cborsplus.de\/HP2020\/wp-content\/uploads\/2020\/02\/twitter-292994_1920.jpg 1920w\" data-sizes=\"(max-width: 1030px) 100vw, 1030px\"  data-onclick='1' title='twitter-292994_1920' ><span class='avia-gallery-big-inner'  itemprop=\"thumbnailUrl\" ><img decoding=\"async\" class=\"wp-image-60 avia-img-lazy-loading-not-60\"  width=\"495\" height=\"400\" src=\"https:\/\/cborsplus.de\/HP2020\/wp-content\/uploads\/2020\/02\/twitter-292994_1920-495x400.jpg\" title='twitter-292994_1920' alt='' srcset=\"https:\/\/cborsplus.de\/HP2020\/wp-content\/uploads\/2020\/02\/twitter-292994_1920-495x400.jpg 495w, https:\/\/cborsplus.de\/HP2020\/wp-content\/uploads\/2020\/02\/twitter-292994_1920-845x684.jpg 845w\" sizes=\"(max-width: 495px) 100vw, 495px\" \/><\/span><\/a><div class='avia-gallery-thumb'><a href=\"https:\/\/cborsplus.de\/HP2020\/wp-content\/uploads\/2020\/02\/twitter-292994_1920-1030x687.jpg\" data-srcset=\"https:\/\/cborsplus.de\/HP2020\/wp-content\/uploads\/2020\/02\/twitter-292994_1920-1030x687.jpg 1030w, https:\/\/cborsplus.de\/HP2020\/wp-content\/uploads\/2020\/02\/twitter-292994_1920-300x200.jpg 300w, https:\/\/cborsplus.de\/HP2020\/wp-content\/uploads\/2020\/02\/twitter-292994_1920-768x512.jpg 768w, https:\/\/cborsplus.de\/HP2020\/wp-content\/uploads\/2020\/02\/twitter-292994_1920-1536x1024.jpg 1536w, https:\/\/cborsplus.de\/HP2020\/wp-content\/uploads\/2020\/02\/twitter-292994_1920-1500x1000.jpg 1500w, https:\/\/cborsplus.de\/HP2020\/wp-content\/uploads\/2020\/02\/twitter-292994_1920-705x470.jpg 705w, https:\/\/cborsplus.de\/HP2020\/wp-content\/uploads\/2020\/02\/twitter-292994_1920-450x300.jpg 450w, https:\/\/cborsplus.de\/HP2020\/wp-content\/uploads\/2020\/02\/twitter-292994_1920.jpg 1920w\" data-sizes=\"(max-width: 1030px) 100vw, 1030px\" data-rel='gallery-1' data-prev-img='https:\/\/cborsplus.de\/HP2020\/wp-content\/uploads\/2020\/02\/twitter-292994_1920-495x400.jpg' class='first_thumb lightbox ' data-onclick='1' title='twitter-292994_1920'  itemprop=\"thumbnailUrl\"  ><img decoding=\"async\" class=\"wp-image-60 avia-img-lazy-loading-not-60\"   src=\"https:\/\/cborsplus.de\/HP2020\/wp-content\/uploads\/2020\/02\/twitter-292994_1920-495x400.jpg\" width=\"495\" height=\"400\"  title='twitter-292994_1920' alt='' srcset=\"https:\/\/cborsplus.de\/HP2020\/wp-content\/uploads\/2020\/02\/twitter-292994_1920-495x400.jpg 495w, https:\/\/cborsplus.de\/HP2020\/wp-content\/uploads\/2020\/02\/twitter-292994_1920-845x684.jpg 845w\" sizes=\"(max-width: 495px) 100vw, 495px\" \/><div class='big-prev-fake'><img loading=\"lazy\" decoding=\"async\" class=\"wp-image-60 avia-img-lazy-loading-60\"  width=\"495\" height=\"400\" src=\"https:\/\/cborsplus.de\/HP2020\/wp-content\/uploads\/2020\/02\/twitter-292994_1920-495x400.jpg\" title='twitter-292994_1920' alt='' srcset=\"https:\/\/cborsplus.de\/HP2020\/wp-content\/uploads\/2020\/02\/twitter-292994_1920-495x400.jpg 495w, https:\/\/cborsplus.de\/HP2020\/wp-content\/uploads\/2020\/02\/twitter-292994_1920-845x684.jpg 845w\" sizes=\"auto, (max-width: 495px) 100vw, 495px\" \/><\/div><\/a><a href=\"https:\/\/cborsplus.de\/HP2020\/wp-content\/uploads\/2020\/02\/classroom-2093743_1920-1030x735.jpg\" data-srcset=\"https:\/\/cborsplus.de\/HP2020\/wp-content\/uploads\/2020\/02\/classroom-2093743_1920-1030x735.jpg 1030w, https:\/\/cborsplus.de\/HP2020\/wp-content\/uploads\/2020\/02\/classroom-2093743_1920-300x214.jpg 300w, https:\/\/cborsplus.de\/HP2020\/wp-content\/uploads\/2020\/02\/classroom-2093743_1920-768x548.jpg 768w, https:\/\/cborsplus.de\/HP2020\/wp-content\/uploads\/2020\/02\/classroom-2093743_1920-1536x1097.jpg 1536w, https:\/\/cborsplus.de\/HP2020\/wp-content\/uploads\/2020\/02\/classroom-2093743_1920-1500x1071.jpg 1500w, https:\/\/cborsplus.de\/HP2020\/wp-content\/uploads\/2020\/02\/classroom-2093743_1920-260x185.jpg 260w, https:\/\/cborsplus.de\/HP2020\/wp-content\/uploads\/2020\/02\/classroom-2093743_1920-705x503.jpg 705w, https:\/\/cborsplus.de\/HP2020\/wp-content\/uploads\/2020\/02\/classroom-2093743_1920-450x321.jpg 450w, https:\/\/cborsplus.de\/HP2020\/wp-content\/uploads\/2020\/02\/classroom-2093743_1920.jpg 1920w\" data-sizes=\"(max-width: 1030px) 100vw, 1030px\" data-rel='gallery-1' data-prev-img='https:\/\/cborsplus.de\/HP2020\/wp-content\/uploads\/2020\/02\/classroom-2093743_1920-495x400.jpg' class='lightbox ' data-onclick='2' title='classroom-2093743_1920'  itemprop=\"thumbnailUrl\"  ><img decoding=\"async\" class=\"wp-image-58 avia-img-lazy-loading-not-58\"   src=\"https:\/\/cborsplus.de\/HP2020\/wp-content\/uploads\/2020\/02\/classroom-2093743_1920-495x400.jpg\" width=\"495\" height=\"400\"  title='classroom-2093743_1920' alt='' srcset=\"https:\/\/cborsplus.de\/HP2020\/wp-content\/uploads\/2020\/02\/classroom-2093743_1920-495x400.jpg 495w, https:\/\/cborsplus.de\/HP2020\/wp-content\/uploads\/2020\/02\/classroom-2093743_1920-845x684.jpg 845w\" sizes=\"(max-width: 495px) 100vw, 495px\" \/><div class='big-prev-fake'><img loading=\"lazy\" decoding=\"async\" class=\"wp-image-58 avia-img-lazy-loading-58\"  width=\"495\" height=\"400\" src=\"https:\/\/cborsplus.de\/HP2020\/wp-content\/uploads\/2020\/02\/classroom-2093743_1920-495x400.jpg\" title='classroom-2093743_1920' alt='' srcset=\"https:\/\/cborsplus.de\/HP2020\/wp-content\/uploads\/2020\/02\/classroom-2093743_1920-495x400.jpg 495w, https:\/\/cborsplus.de\/HP2020\/wp-content\/uploads\/2020\/02\/classroom-2093743_1920-845x684.jpg 845w\" sizes=\"auto, (max-width: 495px) 100vw, 495px\" \/><\/div><\/a><a href=\"https:\/\/cborsplus.de\/HP2020\/wp-content\/uploads\/2020\/02\/school-tools-3596680_1920-1030x685.jpg\" data-srcset=\"https:\/\/cborsplus.de\/HP2020\/wp-content\/uploads\/2020\/02\/school-tools-3596680_1920-1030x685.jpg 1030w, https:\/\/cborsplus.de\/HP2020\/wp-content\/uploads\/2020\/02\/school-tools-3596680_1920-300x199.jpg 300w, https:\/\/cborsplus.de\/HP2020\/wp-content\/uploads\/2020\/02\/school-tools-3596680_1920-768x510.jpg 768w, https:\/\/cborsplus.de\/HP2020\/wp-content\/uploads\/2020\/02\/school-tools-3596680_1920-1536x1021.jpg 1536w, https:\/\/cborsplus.de\/HP2020\/wp-content\/uploads\/2020\/02\/school-tools-3596680_1920-1500x997.jpg 1500w, https:\/\/cborsplus.de\/HP2020\/wp-content\/uploads\/2020\/02\/school-tools-3596680_1920-705x469.jpg 705w, https:\/\/cborsplus.de\/HP2020\/wp-content\/uploads\/2020\/02\/school-tools-3596680_1920-450x299.jpg 450w, https:\/\/cborsplus.de\/HP2020\/wp-content\/uploads\/2020\/02\/school-tools-3596680_1920.jpg 1920w\" data-sizes=\"(max-width: 1030px) 100vw, 1030px\" data-rel='gallery-1' data-prev-img='https:\/\/cborsplus.de\/HP2020\/wp-content\/uploads\/2020\/02\/school-tools-3596680_1920-495x400.jpg' class='lightbox ' data-onclick='3' title='school-tools-3596680_1920'  itemprop=\"thumbnailUrl\"  ><img decoding=\"async\" class=\"wp-image-46 avia-img-lazy-loading-not-46\"   src=\"https:\/\/cborsplus.de\/HP2020\/wp-content\/uploads\/2020\/02\/school-tools-3596680_1920-495x400.jpg\" width=\"495\" height=\"400\"  title='school-tools-3596680_1920' alt='' srcset=\"https:\/\/cborsplus.de\/HP2020\/wp-content\/uploads\/2020\/02\/school-tools-3596680_1920-495x400.jpg 495w, https:\/\/cborsplus.de\/HP2020\/wp-content\/uploads\/2020\/02\/school-tools-3596680_1920-845x684.jpg 845w\" sizes=\"(max-width: 495px) 100vw, 495px\" \/><div class='big-prev-fake'><img loading=\"lazy\" decoding=\"async\" class=\"wp-image-46 avia-img-lazy-loading-46\"  width=\"495\" height=\"400\" src=\"https:\/\/cborsplus.de\/HP2020\/wp-content\/uploads\/2020\/02\/school-tools-3596680_1920-495x400.jpg\" title='school-tools-3596680_1920' alt='' srcset=\"https:\/\/cborsplus.de\/HP2020\/wp-content\/uploads\/2020\/02\/school-tools-3596680_1920-495x400.jpg 495w, https:\/\/cborsplus.de\/HP2020\/wp-content\/uploads\/2020\/02\/school-tools-3596680_1920-845x684.jpg 845w\" sizes=\"auto, (max-width: 495px) 100vw, 495px\" \/><\/div><\/a><a href=\"https:\/\/cborsplus.de\/HP2020\/wp-content\/uploads\/2020\/02\/hands-2847508_1920-1030x687.jpg\" data-srcset=\"https:\/\/cborsplus.de\/HP2020\/wp-content\/uploads\/2020\/02\/hands-2847508_1920-1030x687.jpg 1030w, https:\/\/cborsplus.de\/HP2020\/wp-content\/uploads\/2020\/02\/hands-2847508_1920-300x200.jpg 300w, https:\/\/cborsplus.de\/HP2020\/wp-content\/uploads\/2020\/02\/hands-2847508_1920-768x512.jpg 768w, https:\/\/cborsplus.de\/HP2020\/wp-content\/uploads\/2020\/02\/hands-2847508_1920-1536x1024.jpg 1536w, https:\/\/cborsplus.de\/HP2020\/wp-content\/uploads\/2020\/02\/hands-2847508_1920-1500x1000.jpg 1500w, https:\/\/cborsplus.de\/HP2020\/wp-content\/uploads\/2020\/02\/hands-2847508_1920-705x470.jpg 705w, https:\/\/cborsplus.de\/HP2020\/wp-content\/uploads\/2020\/02\/hands-2847508_1920-450x300.jpg 450w, https:\/\/cborsplus.de\/HP2020\/wp-content\/uploads\/2020\/02\/hands-2847508_1920.jpg 1920w\" data-sizes=\"(max-width: 1030px) 100vw, 1030px\" data-rel='gallery-1' data-prev-img='https:\/\/cborsplus.de\/HP2020\/wp-content\/uploads\/2020\/02\/hands-2847508_1920-495x400.jpg' class='lightbox ' data-onclick='4' title='hands-2847508_1920'  itemprop=\"thumbnailUrl\"  ><img decoding=\"async\" class=\"wp-image-37 avia-img-lazy-loading-not-37\"   src=\"https:\/\/cborsplus.de\/HP2020\/wp-content\/uploads\/2020\/02\/hands-2847508_1920-495x400.jpg\" width=\"495\" height=\"400\"  title='hands-2847508_1920' alt='' srcset=\"https:\/\/cborsplus.de\/HP2020\/wp-content\/uploads\/2020\/02\/hands-2847508_1920-495x400.jpg 495w, https:\/\/cborsplus.de\/HP2020\/wp-content\/uploads\/2020\/02\/hands-2847508_1920-845x684.jpg 845w\" sizes=\"(max-width: 495px) 100vw, 495px\" \/><div class='big-prev-fake'><img loading=\"lazy\" decoding=\"async\" class=\"wp-image-37 avia-img-lazy-loading-37\"  width=\"495\" height=\"400\" src=\"https:\/\/cborsplus.de\/HP2020\/wp-content\/uploads\/2020\/02\/hands-2847508_1920-495x400.jpg\" title='hands-2847508_1920' alt='' srcset=\"https:\/\/cborsplus.de\/HP2020\/wp-content\/uploads\/2020\/02\/hands-2847508_1920-495x400.jpg 495w, https:\/\/cborsplus.de\/HP2020\/wp-content\/uploads\/2020\/02\/hands-2847508_1920-845x684.jpg 845w\" sizes=\"auto, (max-width: 495px) 100vw, 495px\" \/><\/div><\/a><a href=\"https:\/\/cborsplus.de\/HP2020\/wp-content\/uploads\/2020\/02\/child-865116_1920-1030x687.jpg\" data-srcset=\"https:\/\/cborsplus.de\/HP2020\/wp-content\/uploads\/2020\/02\/child-865116_1920-1030x687.jpg 1030w, https:\/\/cborsplus.de\/HP2020\/wp-content\/uploads\/2020\/02\/child-865116_1920-300x200.jpg 300w, https:\/\/cborsplus.de\/HP2020\/wp-content\/uploads\/2020\/02\/child-865116_1920-768x512.jpg 768w, https:\/\/cborsplus.de\/HP2020\/wp-content\/uploads\/2020\/02\/child-865116_1920-1536x1024.jpg 1536w, https:\/\/cborsplus.de\/HP2020\/wp-content\/uploads\/2020\/02\/child-865116_1920-1500x1000.jpg 1500w, https:\/\/cborsplus.de\/HP2020\/wp-content\/uploads\/2020\/02\/child-865116_1920-705x470.jpg 705w, https:\/\/cborsplus.de\/HP2020\/wp-content\/uploads\/2020\/02\/child-865116_1920-450x300.jpg 450w, https:\/\/cborsplus.de\/HP2020\/wp-content\/uploads\/2020\/02\/child-865116_1920.jpg 1920w\" data-sizes=\"(max-width: 1030px) 100vw, 1030px\" data-rel='gallery-1' data-prev-img='https:\/\/cborsplus.de\/HP2020\/wp-content\/uploads\/2020\/02\/child-865116_1920-495x400.jpg' class='lightbox ' data-onclick='5' title='child-865116_1920'  itemprop=\"thumbnailUrl\"  ><img decoding=\"async\" class=\"wp-image-27 avia-img-lazy-loading-not-27\"   src=\"https:\/\/cborsplus.de\/HP2020\/wp-content\/uploads\/2020\/02\/child-865116_1920-495x400.jpg\" width=\"495\" height=\"400\"  title='child-865116_1920' alt='' srcset=\"https:\/\/cborsplus.de\/HP2020\/wp-content\/uploads\/2020\/02\/child-865116_1920-495x400.jpg 495w, https:\/\/cborsplus.de\/HP2020\/wp-content\/uploads\/2020\/02\/child-865116_1920-845x684.jpg 845w\" sizes=\"(max-width: 495px) 100vw, 495px\" \/><div class='big-prev-fake'><img loading=\"lazy\" decoding=\"async\" class=\"wp-image-27 avia-img-lazy-loading-27\"  width=\"495\" height=\"400\" src=\"https:\/\/cborsplus.de\/HP2020\/wp-content\/uploads\/2020\/02\/child-865116_1920-495x400.jpg\" title='child-865116_1920' alt='' srcset=\"https:\/\/cborsplus.de\/HP2020\/wp-content\/uploads\/2020\/02\/child-865116_1920-495x400.jpg 495w, https:\/\/cborsplus.de\/HP2020\/wp-content\/uploads\/2020\/02\/child-865116_1920-845x684.jpg 845w\" sizes=\"auto, (max-width: 495px) 100vw, 495px\" \/><\/div><\/a><a href=\"https:\/\/cborsplus.de\/HP2020\/wp-content\/uploads\/2020\/02\/hands-600497_1920-1-1030x687.jpg\" data-srcset=\"https:\/\/cborsplus.de\/HP2020\/wp-content\/uploads\/2020\/02\/hands-600497_1920-1-1030x687.jpg 1030w, https:\/\/cborsplus.de\/HP2020\/wp-content\/uploads\/2020\/02\/hands-600497_1920-1-300x200.jpg 300w, https:\/\/cborsplus.de\/HP2020\/wp-content\/uploads\/2020\/02\/hands-600497_1920-1-768x512.jpg 768w, https:\/\/cborsplus.de\/HP2020\/wp-content\/uploads\/2020\/02\/hands-600497_1920-1-1536x1025.jpg 1536w, https:\/\/cborsplus.de\/HP2020\/wp-content\/uploads\/2020\/02\/hands-600497_1920-1-1500x1001.jpg 1500w, https:\/\/cborsplus.de\/HP2020\/wp-content\/uploads\/2020\/02\/hands-600497_1920-1-705x470.jpg 705w, https:\/\/cborsplus.de\/HP2020\/wp-content\/uploads\/2020\/02\/hands-600497_1920-1-450x300.jpg 450w, https:\/\/cborsplus.de\/HP2020\/wp-content\/uploads\/2020\/02\/hands-600497_1920-1.jpg 1920w\" data-sizes=\"(max-width: 1030px) 100vw, 1030px\" data-rel='gallery-1' data-prev-img='https:\/\/cborsplus.de\/HP2020\/wp-content\/uploads\/2020\/02\/hands-600497_1920-1-495x400.jpg' class='first_thumb lightbox ' data-onclick='6' title='hands-600497_1920'  itemprop=\"thumbnailUrl\"  ><img decoding=\"async\" class=\"wp-image-12 avia-img-lazy-loading-not-12\"   src=\"https:\/\/cborsplus.de\/HP2020\/wp-content\/uploads\/2020\/02\/hands-600497_1920-1-495x400.jpg\" width=\"495\" height=\"400\"  title='hands-600497_1920' alt='' srcset=\"https:\/\/cborsplus.de\/HP2020\/wp-content\/uploads\/2020\/02\/hands-600497_1920-1-495x400.jpg 495w, https:\/\/cborsplus.de\/HP2020\/wp-content\/uploads\/2020\/02\/hands-600497_1920-1-845x684.jpg 845w\" sizes=\"(max-width: 495px) 100vw, 495px\" \/><div class='big-prev-fake'><img loading=\"lazy\" decoding=\"async\" class=\"wp-image-12 avia-img-lazy-loading-12\"  width=\"495\" height=\"400\" src=\"https:\/\/cborsplus.de\/HP2020\/wp-content\/uploads\/2020\/02\/hands-600497_1920-1-495x400.jpg\" title='hands-600497_1920' alt='' srcset=\"https:\/\/cborsplus.de\/HP2020\/wp-content\/uploads\/2020\/02\/hands-600497_1920-1-495x400.jpg 495w, https:\/\/cborsplus.de\/HP2020\/wp-content\/uploads\/2020\/02\/hands-600497_1920-1-845x684.jpg 845w\" sizes=\"auto, (max-width: 495px) 100vw, 495px\" \/><\/div><\/a><\/div><\/div><\/div><\/p>\n","protected":false},"excerpt":{"rendered":"","protected":false},"author":1,"featured_media":0,"parent":0,"menu_order":0,"comment_status":"closed","ping_status":"closed","template":"","meta":{"footnotes":""},"class_list":["post-63","page","type-page","status-publish","hentry"],"_links":{"self":[{"href":"https:\/\/cborsplus.de\/HP2020\/wp-json\/wp\/v2\/pages\/63","targetHints":{"allow":["GET"]}}],"collection":[{"href":"https:\/\/cborsplus.de\/HP2020\/wp-json\/wp\/v2\/pages"}],"about":[{"href":"https:\/\/cborsplus.de\/HP2020\/wp-json\/wp\/v2\/types\/page"}],"author":[{"embeddable":true,"href":"https:\/\/cborsplus.de\/HP2020\/wp-json\/wp\/v2\/users\/1"}],"replies":[{"embeddable":true,"href":"https:\/\/cborsplus.de\/HP2020\/wp-json\/wp\/v2\/comments?post=63"}],"version-history":[{"count":10,"href":"https:\/\/cborsplus.de\/HP2020\/wp-json\/wp\/v2\/pages\/63\/revisions"}],"predecessor-version":[{"id":2596,"href":"https:\/\/cborsplus.de\/HP2020\/wp-json\/wp\/v2\/pages\/63\/revisions\/2596"}],"wp:attachment":[{"href":"https:\/\/cborsplus.de\/HP2020\/wp-json\/wp\/v2\/media?parent=63"}],"curies":[{"name":"wp","href":"https:\/\/api.w.org\/{rel}","templated":true}]}}