{"id":482,"date":"2020-03-12T10:36:17","date_gmt":"2020-03-12T09:36:17","guid":{"rendered":"http:\/\/cborsplus.de\/HP2020\/?page_id=482"},"modified":"2024-02-04T12:12:38","modified_gmt":"2024-02-04T11:12:38","slug":"schulsozialarbeit","status":"publish","type":"page","link":"https:\/\/cborsplus.de\/HP2020\/schulsozialarbeit\/","title":{"rendered":"Schulsozialarbeit"},"content":{"rendered":"\n<style type=\"text\/css\" data-created_by=\"avia_inline_auto\" id=\"style-css-av-8tkgy-e8034d567b456bf027762fce07be9a57\">\n.flex_column.av-8tkgy-e8034d567b456bf027762fce07be9a57{\n-webkit-border-radius:0px 0px 0px 0px;\n-moz-border-radius:0px 0px 0px 0px;\nborder-radius:0px 0px 0px 0px;\npadding:0px 0px 0px 0px;\n}\n<\/style>\n<div  class='flex_column av-8tkgy-e8034d567b456bf027762fce07be9a57 av_one_full  avia-builder-el-0  el_before_av_one_full  avia-builder-el-first  first flex_column_div av-animated-generic fade-in av-zero-column-padding  '     ><style type=\"text\/css\" data-created_by=\"avia_inline_auto\" id=\"style-css-av-29aa1u-4a9325f3112d06acac151d26fada3e60\">\n#top .av-special-heading.av-29aa1u-4a9325f3112d06acac151d26fada3e60{\npadding-bottom:10px;\n}\nbody .av-special-heading.av-29aa1u-4a9325f3112d06acac151d26fada3e60 .av-special-heading-tag .heading-char{\nfont-size:25px;\n}\n.av-special-heading.av-29aa1u-4a9325f3112d06acac151d26fada3e60 .av-subheading{\nfont-size:15px;\n}\n<\/style>\n<div  class='av-special-heading av-29aa1u-4a9325f3112d06acac151d26fada3e60 av-special-heading-h1 blockquote modern-quote modern-centered  avia-builder-el-1  avia-builder-el-no-sibling '><h1 class='av-special-heading-tag'  itemprop=\"headline\"  >Wir sind f\u00fcr Dich da<\/h1><div class=\"special-heading-border\"><div class=\"special-heading-inner-border\"><\/div><\/div><\/div><\/div>\n\n<style type=\"text\/css\" data-created_by=\"avia_inline_auto\" id=\"style-css-av-22gtmq-40b95670c581e3b5a980eb5dfedb725e\">\n.flex_column.av-22gtmq-40b95670c581e3b5a980eb5dfedb725e{\n-webkit-border-radius:0px 0px 0px 0px;\n-moz-border-radius:0px 0px 0px 0px;\nborder-radius:0px 0px 0px 0px;\npadding:0px 0px 0px 0px;\n}\n<\/style>\n<div  class='flex_column av-22gtmq-40b95670c581e3b5a980eb5dfedb725e av_one_full  avia-builder-el-2  el_after_av_one_full  el_before_av_one_third  first flex_column_div av-animated-generic fade-in av-zero-column-padding  column-top-margin'     ><style type=\"text\/css\" data-created_by=\"avia_inline_auto\" id=\"style-css-av-1yfhdm-24216ea4375c88fe5ef5fc76768dd352\">\n#top .av-special-heading.av-1yfhdm-24216ea4375c88fe5ef5fc76768dd352{\npadding-bottom:10px;\n}\nbody .av-special-heading.av-1yfhdm-24216ea4375c88fe5ef5fc76768dd352 .av-special-heading-tag .heading-char{\nfont-size:25px;\n}\n.av-special-heading.av-1yfhdm-24216ea4375c88fe5ef5fc76768dd352 .av-subheading{\nfont-size:15px;\n}\n<\/style>\n<div  class='av-special-heading av-1yfhdm-24216ea4375c88fe5ef5fc76768dd352 av-special-heading-h3 meta-heading blockquote modern-quote modern-centered  avia-builder-el-3  avia-builder-el-no-sibling '><h3 class='av-special-heading-tag'  itemprop=\"headline\"  >Schulsozialarbeit ist ein sozialp\u00e4dagogisches Angebot in der Schule. Sie ist Jugendhilfe in der Schule.<\/h3><div class=\"special-heading-border\"><div class=\"special-heading-inner-border\"><\/div><\/div><\/div><\/div>\n\n<style type=\"text\/css\" data-created_by=\"avia_inline_auto\" id=\"style-css-av-1s2bdm-73f3cb3768fc6f40c4766f7e1bd657db\">\n.flex_column.av-1s2bdm-73f3cb3768fc6f40c4766f7e1bd657db{\n-webkit-border-radius:0px 0px 0px 0px;\n-moz-border-radius:0px 0px 0px 0px;\nborder-radius:0px 0px 0px 0px;\npadding:0px 0px 0px 0px;\n}\n<\/style>\n<div  class='flex_column av-1s2bdm-73f3cb3768fc6f40c4766f7e1bd657db av_one_third  avia-builder-el-4  el_after_av_one_full  el_before_av_two_third  first flex_column_div av-animated-generic fade-in av-zero-column-padding  column-top-margin'     ><style type=\"text\/css\" data-created_by=\"avia_inline_auto\" id=\"style-css-av-1io9mi-79de2a9dc5da91c790ae428babef7cc5\">\n.avia-image-container.av-1io9mi-79de2a9dc5da91c790ae428babef7cc5 img.avia_image{\nbox-shadow:none;\n}\n.avia-image-container.av-1io9mi-79de2a9dc5da91c790ae428babef7cc5 .av-image-caption-overlay-center{\ncolor:#ffffff;\n}\n<\/style>\n<div  class='avia-image-container av-1io9mi-79de2a9dc5da91c790ae428babef7cc5 av-styling- avia-align-center  avia-builder-el-5  avia-builder-el-no-sibling '   itemprop=\"image\" itemscope=\"itemscope\" itemtype=\"https:\/\/schema.org\/ImageObject\" ><div class=\"avia-image-container-inner\"><div class=\"avia-image-overlay-wrap\"><img decoding=\"async\" class='wp-image-485 avia-img-lazy-loading-not-485 avia_image ' src=\"https:\/\/cborsplus.de\/HP2020\/wp-content\/uploads\/2020\/03\/team-spirit-2447163_1920-300x243.jpg\" alt='' title='team-spirit-2447163_1920'  height=\"243\" width=\"300\"  itemprop=\"thumbnailUrl\" srcset=\"https:\/\/cborsplus.de\/HP2020\/wp-content\/uploads\/2020\/03\/team-spirit-2447163_1920-300x243.jpg 300w, https:\/\/cborsplus.de\/HP2020\/wp-content\/uploads\/2020\/03\/team-spirit-2447163_1920-1030x834.jpg 1030w, https:\/\/cborsplus.de\/HP2020\/wp-content\/uploads\/2020\/03\/team-spirit-2447163_1920-768x622.jpg 768w, https:\/\/cborsplus.de\/HP2020\/wp-content\/uploads\/2020\/03\/team-spirit-2447163_1920-1536x1244.jpg 1536w, https:\/\/cborsplus.de\/HP2020\/wp-content\/uploads\/2020\/03\/team-spirit-2447163_1920-1500x1215.jpg 1500w, https:\/\/cborsplus.de\/HP2020\/wp-content\/uploads\/2020\/03\/team-spirit-2447163_1920-495x400.jpg 495w, https:\/\/cborsplus.de\/HP2020\/wp-content\/uploads\/2020\/03\/team-spirit-2447163_1920-845x684.jpg 845w, https:\/\/cborsplus.de\/HP2020\/wp-content\/uploads\/2020\/03\/team-spirit-2447163_1920-705x571.jpg 705w, https:\/\/cborsplus.de\/HP2020\/wp-content\/uploads\/2020\/03\/team-spirit-2447163_1920-450x364.jpg 450w, https:\/\/cborsplus.de\/HP2020\/wp-content\/uploads\/2020\/03\/team-spirit-2447163_1920.jpg 1920w\" sizes=\"(max-width: 300px) 100vw, 300px\" \/><\/div><\/div><\/div><\/div>\n\n<style type=\"text\/css\" data-created_by=\"avia_inline_auto\" id=\"style-css-av-1dxi8y-8c3ad955cf85cbdd7d3e9f42f31e4576\">\n.flex_column.av-1dxi8y-8c3ad955cf85cbdd7d3e9f42f31e4576{\n-webkit-border-radius:0px 0px 0px 0px;\n-moz-border-radius:0px 0px 0px 0px;\nborder-radius:0px 0px 0px 0px;\npadding:0px 0px 0px 0px;\n}\n<\/style>\n<div  class='flex_column av-1dxi8y-8c3ad955cf85cbdd7d3e9f42f31e4576 av_two_third  avia-builder-el-6  el_after_av_one_third  avia-builder-el-last  flex_column_div av-animated-generic fade-in av-zero-column-padding  column-top-margin'     ><p>\n<style type=\"text\/css\" data-created_by=\"avia_inline_auto\" id=\"style-css-av-174h9e-18ed8ad00d180e9b4ed7960238ece63d\">\n#top .av-special-heading.av-174h9e-18ed8ad00d180e9b4ed7960238ece63d{\npadding-bottom:10px;\n}\nbody .av-special-heading.av-174h9e-18ed8ad00d180e9b4ed7960238ece63d .av-special-heading-tag .heading-char{\nfont-size:25px;\n}\n.av-special-heading.av-174h9e-18ed8ad00d180e9b4ed7960238ece63d .av-subheading{\nfont-size:15px;\n}\n<\/style>\n<div  class='av-special-heading av-174h9e-18ed8ad00d180e9b4ed7960238ece63d av-special-heading-h4 blockquote modern-quote modern-centered  avia-builder-el-7  el_before_av_iconlist  avia-builder-el-first '><h4 class='av-special-heading-tag'  itemprop=\"headline\"  >Unsere Angebote<\/h4><div class=\"special-heading-border\"><div class=\"special-heading-inner-border\"><\/div><\/div><\/div><br \/>\n<div  class='avia-icon-list-container av-14agf6-009de475fbe486f07251bab7b81f1e1e  avia-builder-el-8  el_after_av_heading  avia-builder-el-last '><ul class='avia-icon-list avia_animate_when_almost_visible avia-icon-list-left av-iconlist-big av-14agf6-009de475fbe486f07251bab7b81f1e1e avia-iconlist-animate'>\n<li><div class='iconlist_icon av-yodqa-7483800f15808dabe33ac657c12b5b13 avia-font-entypo-fontello'><span class='iconlist-char' aria-hidden='true' data-av_icon='\ue80b' data-av_iconfont='entypo-fontello'><\/span><\/div><article class=\"article-icon-entry \"  itemscope=\"itemscope\" itemtype=\"https:\/\/schema.org\/CreativeWork\" ><div class=\"iconlist_content_wrap\"><header class=\"entry-content-header\"><h4 class='av_iconlist_title iconlist_title  '  itemprop=\"headline\" >Einzel- und Gruppenberatung<\/h4><\/header><div class='iconlist_content '  itemprop=\"text\" ><p>in Absprache mit den Lehrern z.B. bei Konflikten mit Mitsch\u00fclern, bei pers\u00f6nlichen und famili\u00e4ren Problemen, Schulblockaden, Lernproblemen, Stress, Schullaufbahnberatung etc\u2026<\/p>\n<\/div><\/div><footer class=\"entry-footer\"><\/footer><\/article><div class=\"iconlist-timeline\"><\/div><\/li>\n<li><div class='iconlist_icon av-piy5u-453f70635aaa166515d765661c6bc773 avia-font-entypo-fontello'><span class='iconlist-char' aria-hidden='true' data-av_icon='\ue8ad' data-av_iconfont='entypo-fontello'><\/span><\/div><article class=\"article-icon-entry \"  itemscope=\"itemscope\" itemtype=\"https:\/\/schema.org\/CreativeWork\" ><div class=\"iconlist_content_wrap\"><header class=\"entry-content-header\"><h4 class='av_iconlist_title iconlist_title  '  itemprop=\"headline\" >Nachmittags AGs und Workshops <\/h4><\/header><div class='iconlist_content '  itemprop=\"text\" ><p>z.B. Maulwurf AG, Haus Metternich AG, Koch AG<\/p>\n<\/div><\/div><footer class=\"entry-footer\"><\/footer><\/article><div class=\"iconlist-timeline\"><\/div><\/li>\n<li><div class='iconlist_icon av-gj72i-e2caa1a321280c868526bbc363193e5a avia-font-entypo-fontello'><span class='iconlist-char' aria-hidden='true' data-av_icon='\ue863' data-av_iconfont='entypo-fontello'><\/span><\/div><article class=\"article-icon-entry av-iconlist-empty\"  itemscope=\"itemscope\" itemtype=\"https:\/\/schema.org\/CreativeWork\" ><div class=\"iconlist_content_wrap\"><header class=\"entry-content-header\"><h4 class='av_iconlist_title iconlist_title  '  itemprop=\"headline\" >Spielpausengestaltung<\/h4><\/header><div class='iconlist_content '  itemprop=\"text\" ><\/div><\/div><footer class=\"entry-footer\"><\/footer><\/article><div class=\"iconlist-timeline\"><\/div><\/li>\n<li><div class='iconlist_icon av-k717m-34b79eaefd63f5bf60558a32b563814d avia-font-entypo-fontello'><span class='iconlist-char' aria-hidden='true' data-av_icon='\ue894' data-av_iconfont='entypo-fontello'><\/span><\/div><article class=\"article-icon-entry \"  itemscope=\"itemscope\" itemtype=\"https:\/\/schema.org\/CreativeWork\" ><div class=\"iconlist_content_wrap\"><header class=\"entry-content-header\"><h4 class='av_iconlist_title iconlist_title  '  itemprop=\"headline\" >Ferienaktionen<\/h4><\/header><div class='iconlist_content '  itemprop=\"text\" ><p>wie z.B. Freizeitpark Klotten, Kletterwald, Trampolino, Spa\u00dffabrik<\/p>\n<\/div><\/div><footer class=\"entry-footer\"><\/footer><\/article><div class=\"iconlist-timeline\"><\/div><\/li>\n<li><div class='iconlist_icon av-9tjzu-803aa47319bfe7111557d950bdf6f2e1 avia-font-entypo-fontello'><span class='iconlist-char' aria-hidden='true' data-av_icon='\ue83f' data-av_iconfont='entypo-fontello'><\/span><\/div><article class=\"article-icon-entry \"  itemscope=\"itemscope\" itemtype=\"https:\/\/schema.org\/CreativeWork\" ><div class=\"iconlist_content_wrap\"><header class=\"entry-content-header\"><h4 class='av_iconlist_title iconlist_title  '  itemprop=\"headline\" >Unterrichtsprojekte<\/h4><\/header><div class='iconlist_content '  itemprop=\"text\" ><p>wie z.B. \u201eSoziales Lernen\u201c und \u201eKlassenrat\u201c.<\/p>\n<\/div><\/div><footer class=\"entry-footer\"><\/footer><\/article><div class=\"iconlist-timeline\"><\/div><\/li>\n<li><div class='iconlist_icon av-ls7effho-c73d236f80f85bf7545f707208c9aabc avia-font-entypo-fontello'><span class='iconlist-char' aria-hidden='true' data-av_icon='\ue917' data-av_iconfont='entypo-fontello'><\/span><\/div><article class=\"article-icon-entry \"  itemscope=\"itemscope\" itemtype=\"https:\/\/schema.org\/CreativeWork\" ><div class=\"iconlist_content_wrap\"><header class=\"entry-content-header\"><h4 class='av_iconlist_title iconlist_title  '  itemprop=\"headline\" >Berufsorientierung<\/h4><\/header><div class='iconlist_content '  itemprop=\"text\" ><p>z.B. Unterst\u00fctzung bei schulischen Projekten (Berufsorientierungs-Camp), Unterst\u00fctzung bei der Praktikumssuche und Bewerbungen<\/p>\n<\/div><\/div><footer class=\"entry-footer\"><\/footer><\/article><div class=\"iconlist-timeline\"><\/div><\/li>\n<li><div class='iconlist_icon av-ls7ei1qn-fdf91ed6e5373ab7d530bc84a606014e avia-font-entypo-fontello'><span class='iconlist-char' aria-hidden='true' data-av_icon='\ue80c' data-av_iconfont='entypo-fontello'><\/span><\/div><article class=\"article-icon-entry av-iconlist-empty\"  itemscope=\"itemscope\" itemtype=\"https:\/\/schema.org\/CreativeWork\" ><div class=\"iconlist_content_wrap\"><header class=\"entry-content-header\"><h4 class='av_iconlist_title iconlist_title  '  itemprop=\"headline\" >Vermittlung von au\u00dferschulischen Hilfen<\/h4><\/header><div class='iconlist_content '  itemprop=\"text\" ><\/div><\/div><footer class=\"entry-footer\"><\/footer><\/article><div class=\"iconlist-timeline\"><\/div><\/li>\n<li><div class='iconlist_icon av-ls7eihzp-e53ec2e72f7494dcf5ac23750438c1d9 avia-font-entypo-fontello'><span class='iconlist-char' aria-hidden='true' data-av_icon='\ue821' data-av_iconfont='entypo-fontello'><\/span><\/div><article class=\"article-icon-entry av-iconlist-empty\"  itemscope=\"itemscope\" itemtype=\"https:\/\/schema.org\/CreativeWork\" ><div class=\"iconlist_content_wrap\"><header class=\"entry-content-header\"><h4 class='av_iconlist_title iconlist_title  '  itemprop=\"headline\" >Elternberatung<\/h4><\/header><div class='iconlist_content '  itemprop=\"text\" ><\/div><\/div><footer class=\"entry-footer\"><\/footer><\/article><div class=\"iconlist-timeline\"><\/div><\/li>\n<\/ul><\/div><\/p><\/div>\n","protected":false},"excerpt":{"rendered":"","protected":false},"author":1,"featured_media":0,"parent":0,"menu_order":0,"comment_status":"closed","ping_status":"closed","template":"","meta":{"footnotes":""},"class_list":["post-482","page","type-page","status-publish","hentry"],"_links":{"self":[{"href":"https:\/\/cborsplus.de\/HP2020\/wp-json\/wp\/v2\/pages\/482","targetHints":{"allow":["GET"]}}],"collection":[{"href":"https:\/\/cborsplus.de\/HP2020\/wp-json\/wp\/v2\/pages"}],"about":[{"href":"https:\/\/cborsplus.de\/HP2020\/wp-json\/wp\/v2\/types\/page"}],"author":[{"embeddable":true,"href":"https:\/\/cborsplus.de\/HP2020\/wp-json\/wp\/v2\/users\/1"}],"replies":[{"embeddable":true,"href":"https:\/\/cborsplus.de\/HP2020\/wp-json\/wp\/v2\/comments?post=482"}],"version-history":[{"count":6,"href":"https:\/\/cborsplus.de\/HP2020\/wp-json\/wp\/v2\/pages\/482\/revisions"}],"predecessor-version":[{"id":2481,"href":"https:\/\/cborsplus.de\/HP2020\/wp-json\/wp\/v2\/pages\/482\/revisions\/2481"}],"wp:attachment":[{"href":"https:\/\/cborsplus.de\/HP2020\/wp-json\/wp\/v2\/media?parent=482"}],"curies":[{"name":"wp","href":"https:\/\/api.w.org\/{rel}","templated":true}]}}