{"id":352,"date":"2020-02-14T11:01:22","date_gmt":"2020-02-14T10:01:22","guid":{"rendered":"http:\/\/cborsplus.de\/HP2020\/?page_id=352"},"modified":"2020-02-14T11:02:13","modified_gmt":"2020-02-14T10:02:13","slug":"praktika","status":"publish","type":"page","link":"https:\/\/cborsplus.de\/HP2020\/praktika\/","title":{"rendered":"Praktika"},"content":{"rendered":"\n<style type=\"text\/css\" data-created_by=\"avia_inline_auto\" id=\"style-css-av-av_one_full-f4c26a98045946fc01b9ad09dcbe50c8\">\n.flex_column.av-av_one_full-f4c26a98045946fc01b9ad09dcbe50c8{\n-webkit-border-radius:0px 0px 0px 0px;\n-moz-border-radius:0px 0px 0px 0px;\nborder-radius:0px 0px 0px 0px;\npadding:0px 0px 0px 0px;\n}\n<\/style>\n<div  class='flex_column av-av_one_full-f4c26a98045946fc01b9ad09dcbe50c8 av_one_full  avia-builder-el-0  el_before_av_one_fourth  avia-builder-el-first  first flex_column_div av-animated-generic fade-in av-zero-column-padding  '     ><style type=\"text\/css\" data-created_by=\"avia_inline_auto\" id=\"style-css-av-av_heading-9e9a1335c1846dab86803fb869b3de28\">\n#top .av-special-heading.av-av_heading-9e9a1335c1846dab86803fb869b3de28{\npadding-bottom:10px;\n}\nbody .av-special-heading.av-av_heading-9e9a1335c1846dab86803fb869b3de28 .av-special-heading-tag .heading-char{\nfont-size:25px;\n}\n.av-special-heading.av-av_heading-9e9a1335c1846dab86803fb869b3de28 .av-subheading{\nfont-size:15px;\n}\n<\/style>\n<div  class='av-special-heading av-av_heading-9e9a1335c1846dab86803fb869b3de28 av-special-heading-h1 blockquote modern-quote modern-centered  avia-builder-el-1  avia-builder-el-no-sibling '><h1 class='av-special-heading-tag'  itemprop=\"headline\"  >Die ersten Einblicke ins Berufsleben<\/h1><div class=\"special-heading-border\"><div class=\"special-heading-inner-border\"><\/div><\/div><\/div><\/div>\n\n<style type=\"text\/css\" data-created_by=\"avia_inline_auto\" id=\"style-css-av-av_one_fourth-f4c26a98045946fc01b9ad09dcbe50c8\">\n.flex_column.av-av_one_fourth-f4c26a98045946fc01b9ad09dcbe50c8{\n-webkit-border-radius:0px 0px 0px 0px;\n-moz-border-radius:0px 0px 0px 0px;\nborder-radius:0px 0px 0px 0px;\npadding:0px 0px 0px 0px;\n}\n<\/style>\n<div  class='flex_column av-av_one_fourth-f4c26a98045946fc01b9ad09dcbe50c8 av_one_fourth  avia-builder-el-2  el_after_av_one_full  el_before_av_one_half  first flex_column_div av-animated-generic fade-in av-zero-column-padding  column-top-margin'     ><style type=\"text\/css\" data-created_by=\"avia_inline_auto\" id=\"style-css-av-av_image-b3d07a5e22fe84ec05ae984326c73d22\">\n.avia-image-container.av-av_image-b3d07a5e22fe84ec05ae984326c73d22 img.avia_image{\nbox-shadow:none;\n}\n.avia-image-container.av-av_image-b3d07a5e22fe84ec05ae984326c73d22 .av-image-caption-overlay-center{\ncolor:#ffffff;\n}\n<\/style>\n<div  class='avia-image-container av-av_image-b3d07a5e22fe84ec05ae984326c73d22 av-styling- avia-align-center  avia-builder-el-3  avia-builder-el-no-sibling '   itemprop=\"image\" itemscope=\"itemscope\" itemtype=\"https:\/\/schema.org\/ImageObject\" ><div class=\"avia-image-container-inner\"><div class=\"avia-image-overlay-wrap\"><img decoding=\"async\" class='wp-image-354 avia-img-lazy-loading-not-354 avia_image ' src=\"https:\/\/cborsplus.de\/HP2020\/wp-content\/uploads\/2020\/02\/Kompetenzz_21831_gd_logo_350_144-300x123.jpg\" alt='' title='Kompetenzz_21831_gd_logo_350_144'  height=\"123\" width=\"300\"  itemprop=\"thumbnailUrl\" srcset=\"https:\/\/cborsplus.de\/HP2020\/wp-content\/uploads\/2020\/02\/Kompetenzz_21831_gd_logo_350_144-300x123.jpg 300w, https:\/\/cborsplus.de\/HP2020\/wp-content\/uploads\/2020\/02\/Kompetenzz_21831_gd_logo_350_144.jpg 350w\" sizes=\"(max-width: 300px) 100vw, 300px\" \/><\/div><\/div><\/div><\/div>\n\n<style type=\"text\/css\" data-created_by=\"avia_inline_auto\" id=\"style-css-av-av_one_half-c8fc129dc35fd1ae2a1e410224d39ea8\">\n.flex_column.av-av_one_half-c8fc129dc35fd1ae2a1e410224d39ea8{\n-webkit-border-radius:0px 0px 0px 0px;\n-moz-border-radius:0px 0px 0px 0px;\nborder-radius:0px 0px 0px 0px;\npadding:0px 0px 0px 0px;\n}\n<\/style>\n<div  class='flex_column av-av_one_half-c8fc129dc35fd1ae2a1e410224d39ea8 av_one_half  avia-builder-el-4  el_after_av_one_fourth  el_before_av_one_fourth  flex_column_div av-zero-column-padding  column-top-margin'     ><section  class='av_textblock_section av-av_textblock-2de302bf1aa3cf4c9157dbe6f50ac7eb '   itemscope=\"itemscope\" itemtype=\"https:\/\/schema.org\/CreativeWork\" ><div class='avia_textblock'  itemprop=\"text\" ><p>M\u00e4dchen und Jungen f\u00fcr neue Berufswege zu interessieren, das ist das Ziel des j\u00e4hrlich stattfindenden Girls` und Boys` Day. Jedes Fr\u00fchjahr wird M\u00e4dchen und Jungen die M\u00f6glichkeit geboten Berufsfelder kennen zulernen, die au\u00dferhalb einer traditionellen Orientierung liegen. So k\u00f6nnen sich M\u00e4dchen in naturwissenschaftlich-technischen Berufen umsehen und Jungen k\u00f6nnen einen Einblick in soziale, erzieherische oder pflegerische Bereiche erhalten.<\/p>\n<\/div><\/section><\/div>\n\n<style type=\"text\/css\" data-created_by=\"avia_inline_auto\" id=\"style-css-av-av_one_fourth-c8fc129dc35fd1ae2a1e410224d39ea8\">\n.flex_column.av-av_one_fourth-c8fc129dc35fd1ae2a1e410224d39ea8{\n-webkit-border-radius:0px 0px 0px 0px;\n-moz-border-radius:0px 0px 0px 0px;\nborder-radius:0px 0px 0px 0px;\npadding:0px 0px 0px 0px;\n}\n<\/style>\n<div  class='flex_column av-av_one_fourth-c8fc129dc35fd1ae2a1e410224d39ea8 av_one_fourth  avia-builder-el-6  el_after_av_one_half  el_before_av_one_third  flex_column_div av-zero-column-padding  column-top-margin'     ><style type=\"text\/css\" data-created_by=\"avia_inline_auto\" id=\"style-css-av-av_image-8f90332728e55480f13da90f75c064bb\">\n.avia-image-container.av-av_image-8f90332728e55480f13da90f75c064bb img.avia_image{\nbox-shadow:none;\n}\n.avia-image-container.av-av_image-8f90332728e55480f13da90f75c064bb .av-image-caption-overlay-center{\ncolor:#ffffff;\n}\n<\/style>\n<div  class='avia-image-container av-av_image-8f90332728e55480f13da90f75c064bb av-styling- avia-align-center  avia-builder-el-7  avia-builder-el-no-sibling '   itemprop=\"image\" itemscope=\"itemscope\" itemtype=\"https:\/\/schema.org\/ImageObject\" ><div class=\"avia-image-container-inner\"><div class=\"avia-image-overlay-wrap\"><img decoding=\"async\" class='wp-image-355 avia-img-lazy-loading-not-355 avia_image ' src=\"https:\/\/cborsplus.de\/HP2020\/wp-content\/uploads\/2020\/02\/Kompetenzz_21828_bd_logo_350_144-300x123.jpg\" alt='' title='Kompetenzz_21828_bd_logo_350_144'  height=\"123\" width=\"300\"  itemprop=\"thumbnailUrl\" srcset=\"https:\/\/cborsplus.de\/HP2020\/wp-content\/uploads\/2020\/02\/Kompetenzz_21828_bd_logo_350_144-300x123.jpg 300w, https:\/\/cborsplus.de\/HP2020\/wp-content\/uploads\/2020\/02\/Kompetenzz_21828_bd_logo_350_144.jpg 350w\" sizes=\"(max-width: 300px) 100vw, 300px\" \/><\/div><\/div><\/div><\/div>\n\n<style type=\"text\/css\" data-created_by=\"avia_inline_auto\" id=\"style-css-av-av_one_third-99f05891b970c46e2309b72639198fe1\">\n.flex_column.av-av_one_third-99f05891b970c46e2309b72639198fe1{\n-webkit-border-radius:0px 0px 0px 0px;\n-moz-border-radius:0px 0px 0px 0px;\nborder-radius:0px 0px 0px 0px;\npadding:0px 0px 0px 0px;\n}\n<\/style>\n<div  class='flex_column av-av_one_third-99f05891b970c46e2309b72639198fe1 av_one_third  avia-builder-el-8  el_after_av_one_fourth  el_before_av_one_third  first flex_column_div av-animated-generic left-to-right av-zero-column-padding  column-top-margin'     ><p>\n<style type=\"text\/css\" data-created_by=\"avia_inline_auto\" id=\"style-css-av-av_heading-b7609a5d40fb40901b8235bb0367ad8f\">\n#top .av-special-heading.av-av_heading-b7609a5d40fb40901b8235bb0367ad8f{\npadding-bottom:10px;\n}\nbody .av-special-heading.av-av_heading-b7609a5d40fb40901b8235bb0367ad8f .av-special-heading-tag .heading-char{\nfont-size:25px;\n}\n.av-special-heading.av-av_heading-b7609a5d40fb40901b8235bb0367ad8f .av-subheading{\nfont-size:15px;\n}\n<\/style>\n<div  class='av-special-heading av-av_heading-b7609a5d40fb40901b8235bb0367ad8f av-special-heading-h3 blockquote modern-quote modern-centered  avia-builder-el-9  el_before_av_notification  avia-builder-el-first '><h3 class='av-special-heading-tag'  itemprop=\"headline\"  >HWK-Handwerkskammer<\/h3><div class=\"special-heading-border\"><div class=\"special-heading-inner-border\"><\/div><\/div><\/div><br \/>\n<div id='avia-messagebox-' class='avia_message_box av_notification av-av_notification-e902e51525b97c9ccfdb83be60eacde8 avia-color-blue avia-size-large avia-icon_select-no avia-border-dashed  avia-builder-el-10  el_after_av_heading  avia-builder-el-last ' ><div class=\"avia_message_box_content\"><p>HWK-Praktikum f\u00fcr Berufsreife-Klassen: zwei Wochen i Klassenstufe 7 (gesplittet: 3 Bereiche des Handwerks)<\/p>\n<\/div><\/div><\/p><\/div>\n\n<style type=\"text\/css\" data-created_by=\"avia_inline_auto\" id=\"style-css-av-av_one_third-8e68d8f27afa3b61f52d4b37ac580f0b\">\n.flex_column.av-av_one_third-8e68d8f27afa3b61f52d4b37ac580f0b{\n-webkit-border-radius:0px 0px 0px 0px;\n-moz-border-radius:0px 0px 0px 0px;\nborder-radius:0px 0px 0px 0px;\npadding:0px 0px 0px 0px;\n}\n<\/style>\n<div  class='flex_column av-av_one_third-8e68d8f27afa3b61f52d4b37ac580f0b av_one_third  avia-builder-el-11  el_after_av_one_third  el_before_av_one_third  flex_column_div av-animated-generic bottom-to-top av-zero-column-padding  column-top-margin'     ><p>\n<style type=\"text\/css\" data-created_by=\"avia_inline_auto\" id=\"style-css-av-av_heading-c3fbe7378394806e06ac11e9f5666001\">\n#top .av-special-heading.av-av_heading-c3fbe7378394806e06ac11e9f5666001{\npadding-bottom:10px;\n}\nbody .av-special-heading.av-av_heading-c3fbe7378394806e06ac11e9f5666001 .av-special-heading-tag .heading-char{\nfont-size:25px;\n}\n.av-special-heading.av-av_heading-c3fbe7378394806e06ac11e9f5666001 .av-subheading{\nfont-size:15px;\n}\n<\/style>\n<div  class='av-special-heading av-av_heading-c3fbe7378394806e06ac11e9f5666001 av-special-heading-h3 blockquote modern-quote modern-centered  avia-builder-el-12  el_before_av_notification  avia-builder-el-first '><h3 class='av-special-heading-tag'  itemprop=\"headline\"  >Praxistag<\/h3><div class=\"special-heading-border\"><div class=\"special-heading-inner-border\"><\/div><\/div><\/div><br \/>\n<div id='avia-messagebox-' class='avia_message_box av_notification av-av_notification-cec448315ce0e665f2d01ebd1cab7e3a avia-color-red avia-size-large avia-icon_select-no avia-border-dashed  avia-builder-el-13  el_after_av_heading  avia-builder-el-last ' ><div class=\"avia_message_box_content\"><p>Praxistag f\u00fcr Berufsreifeklassen Zeitraum\/Jahrgangstufen: 8.2 &#8211; 9.1 jeden<br \/>\nDonnerstag + vorgeschaltetes Blockpraktikum (mit anschlie\u00dfender Pr\u00e4sentation vor Betrieben, Eltern und Schulgemeinschaft)<\/p>\n<\/div><\/div><\/p><\/div>\n\n<style type=\"text\/css\" data-created_by=\"avia_inline_auto\" id=\"style-css-av-av_one_third-11abe5390e81b92aae0ab88519713fdf\">\n.flex_column.av-av_one_third-11abe5390e81b92aae0ab88519713fdf{\n-webkit-border-radius:0px 0px 0px 0px;\n-moz-border-radius:0px 0px 0px 0px;\nborder-radius:0px 0px 0px 0px;\npadding:0px 0px 0px 0px;\n}\n<\/style>\n<div  class='flex_column av-av_one_third-11abe5390e81b92aae0ab88519713fdf av_one_third  avia-builder-el-14  el_after_av_one_third  el_before_av_button  flex_column_div av-animated-generic right-to-left av-zero-column-padding  column-top-margin'     ><p>\n<style type=\"text\/css\" data-created_by=\"avia_inline_auto\" id=\"style-css-av-av_heading-c38ea59bfd1e92805f2870ecc6f97975\">\n#top .av-special-heading.av-av_heading-c38ea59bfd1e92805f2870ecc6f97975{\npadding-bottom:10px;\n}\nbody .av-special-heading.av-av_heading-c38ea59bfd1e92805f2870ecc6f97975 .av-special-heading-tag .heading-char{\nfont-size:25px;\n}\n.av-special-heading.av-av_heading-c38ea59bfd1e92805f2870ecc6f97975 .av-subheading{\nfont-size:15px;\n}\n<\/style>\n<div  class='av-special-heading av-av_heading-c38ea59bfd1e92805f2870ecc6f97975 av-special-heading-h3 blockquote modern-quote modern-centered  avia-builder-el-15  el_before_av_notification  avia-builder-el-first '><h3 class='av-special-heading-tag'  itemprop=\"headline\"  >Blockpraktikum<\/h3><div class=\"special-heading-border\"><div class=\"special-heading-inner-border\"><\/div><\/div><\/div><br \/>\n<div id='avia-messagebox-' class='avia_message_box av_notification av-av_notification-70ac58f53a6770976e73004464c505b0 avia-color-green avia-size-large avia-icon_select-no avia-border-dashed  avia-builder-el-16  el_after_av_heading  avia-builder-el-last ' ><div class=\"avia_message_box_content\"><p>Blockpraktikum f\u00fcr Sek I-Klassen):<br \/>\n2 Wochen nach den Herbstferien (mit<br \/>\nanschlie\u00dfender Pr\u00e4sentation vor Eltern und Schulgemeinschaft)<\/p>\n<\/div><\/div><\/p><\/div>\n<div  class='avia-button-wrap av-av_button-74fb46a744c8991bd6c310fc719a82cc-wrap avia-button-center  avia-builder-el-17  el_after_av_one_third  avia-builder-el-last '><a href='https:\/\/cborsplus.de\/HP2020\/unser-plus\/berufsorientierung\/'  class='avia-button av-av_button-74fb46a744c8991bd6c310fc719a82cc avia-icon_select-yes-left-icon avia-size-medium avia-position-center avia-color-theme-color'  ><span class='avia_button_icon avia_button_icon_left' aria-hidden='true' data-av_icon='\ue830' data-av_iconfont='entypo-fontello'><\/span><span class='avia_iconbox_title' >zur\u00fcck<\/span><\/a><\/div>\n","protected":false},"excerpt":{"rendered":"","protected":false},"author":1,"featured_media":0,"parent":0,"menu_order":0,"comment_status":"closed","ping_status":"closed","template":"","meta":{"footnotes":""},"class_list":["post-352","page","type-page","status-publish","hentry"],"_links":{"self":[{"href":"https:\/\/cborsplus.de\/HP2020\/wp-json\/wp\/v2\/pages\/352","targetHints":{"allow":["GET"]}}],"collection":[{"href":"https:\/\/cborsplus.de\/HP2020\/wp-json\/wp\/v2\/pages"}],"about":[{"href":"https:\/\/cborsplus.de\/HP2020\/wp-json\/wp\/v2\/types\/page"}],"author":[{"embeddable":true,"href":"https:\/\/cborsplus.de\/HP2020\/wp-json\/wp\/v2\/users\/1"}],"replies":[{"embeddable":true,"href":"https:\/\/cborsplus.de\/HP2020\/wp-json\/wp\/v2\/comments?post=352"}],"version-history":[{"count":6,"href":"https:\/\/cborsplus.de\/HP2020\/wp-json\/wp\/v2\/pages\/352\/revisions"}],"predecessor-version":[{"id":367,"href":"https:\/\/cborsplus.de\/HP2020\/wp-json\/wp\/v2\/pages\/352\/revisions\/367"}],"wp:attachment":[{"href":"https:\/\/cborsplus.de\/HP2020\/wp-json\/wp\/v2\/media?parent=352"}],"curies":[{"name":"wp","href":"https:\/\/api.w.org\/{rel}","templated":true}]}}