{"id":340,"date":"2020-02-14T10:40:10","date_gmt":"2020-02-14T09:40:10","guid":{"rendered":"http:\/\/cborsplus.de\/HP2020\/?page_id=340"},"modified":"2020-02-14T11:09:03","modified_gmt":"2020-02-14T10:09:03","slug":"jobscout","status":"publish","type":"page","link":"https:\/\/cborsplus.de\/HP2020\/jobscout\/","title":{"rendered":"Jobscout"},"content":{"rendered":"\n<style type=\"text\/css\" data-created_by=\"avia_inline_auto\" id=\"style-css-av-av_one_full-f4c26a98045946fc01b9ad09dcbe50c8\">\n.flex_column.av-av_one_full-f4c26a98045946fc01b9ad09dcbe50c8{\n-webkit-border-radius:0px 0px 0px 0px;\n-moz-border-radius:0px 0px 0px 0px;\nborder-radius:0px 0px 0px 0px;\npadding:0px 0px 0px 0px;\n}\n<\/style>\n<div  class='flex_column av-av_one_full-f4c26a98045946fc01b9ad09dcbe50c8 av_one_full  avia-builder-el-0  el_before_av_hr  avia-builder-el-first  first flex_column_div av-animated-generic fade-in av-zero-column-padding  '     ><style type=\"text\/css\" data-created_by=\"avia_inline_auto\" id=\"style-css-av-av_heading-a4feb757fd167c708e2000a5384ca6f0\">\n#top .av-special-heading.av-av_heading-a4feb757fd167c708e2000a5384ca6f0{\npadding-bottom:10px;\n}\nbody .av-special-heading.av-av_heading-a4feb757fd167c708e2000a5384ca6f0 .av-special-heading-tag .heading-char{\nfont-size:25px;\n}\n.av-special-heading.av-av_heading-a4feb757fd167c708e2000a5384ca6f0 .av-subheading{\nfont-size:15px;\n}\n<\/style>\n<div  class='av-special-heading av-av_heading-a4feb757fd167c708e2000a5384ca6f0 av-special-heading-h1 blockquote modern-quote modern-centered  avia-builder-el-1  avia-builder-el-no-sibling '><h1 class='av-special-heading-tag'  itemprop=\"headline\"  >Dein JobScout bei uns<\/h1><div class=\"special-heading-border\"><div class=\"special-heading-inner-border\"><\/div><\/div><\/div><\/div>\n<div  class='hr av-av_hr-0ff602b3e980a3377077ff3c1c834df6 hr-default  avia-builder-el-2  el_after_av_one_full  el_before_av_one_full '><span class='hr-inner '><span class=\"hr-inner-style\"><\/span><\/span><\/div>\n\n<style type=\"text\/css\" data-created_by=\"avia_inline_auto\" id=\"style-css-av-av_one_full-f4c26a98045946fc01b9ad09dcbe50c8\">\n.flex_column.av-av_one_full-f4c26a98045946fc01b9ad09dcbe50c8{\n-webkit-border-radius:0px 0px 0px 0px;\n-moz-border-radius:0px 0px 0px 0px;\nborder-radius:0px 0px 0px 0px;\npadding:0px 0px 0px 0px;\n}\n<\/style>\n<div  class='flex_column av-av_one_full-f4c26a98045946fc01b9ad09dcbe50c8 av_one_full  avia-builder-el-3  el_after_av_hr  el_before_av_four_fifth  first flex_column_div av-animated-generic fade-in av-zero-column-padding  '     ><style type=\"text\/css\" data-created_by=\"avia_inline_auto\" id=\"style-css-av-av_heading-892196cdb0de8f8429cf2a070832c178\">\n#top .av-special-heading.av-av_heading-892196cdb0de8f8429cf2a070832c178{\npadding-bottom:10px;\n}\nbody .av-special-heading.av-av_heading-892196cdb0de8f8429cf2a070832c178 .av-special-heading-tag .heading-char{\nfont-size:25px;\n}\n.av-special-heading.av-av_heading-892196cdb0de8f8429cf2a070832c178 .av-subheading{\nfont-size:15px;\n}\n<\/style>\n<div  class='av-special-heading av-av_heading-892196cdb0de8f8429cf2a070832c178 av-special-heading-h3 blockquote modern-quote modern-centered  avia-builder-el-4  avia-builder-el-no-sibling '><h3 class='av-special-heading-tag'  itemprop=\"headline\"  >Wie geht es f\u00fcr mich weiter?<\/h3><div class=\"special-heading-border\"><div class=\"special-heading-inner-border\"><\/div><\/div><\/div><\/div>\n\n<style type=\"text\/css\" data-created_by=\"avia_inline_auto\" id=\"style-css-av-av_four_fifth-f4c26a98045946fc01b9ad09dcbe50c8\">\n.flex_column.av-av_four_fifth-f4c26a98045946fc01b9ad09dcbe50c8{\n-webkit-border-radius:0px 0px 0px 0px;\n-moz-border-radius:0px 0px 0px 0px;\nborder-radius:0px 0px 0px 0px;\npadding:0px 0px 0px 0px;\n}\n<\/style>\n<div  class='flex_column av-av_four_fifth-f4c26a98045946fc01b9ad09dcbe50c8 av_four_fifth  avia-builder-el-5  el_after_av_one_full  el_before_av_one_fifth  first flex_column_div av-animated-generic fade-in av-zero-column-padding  column-top-margin'     ><style type=\"text\/css\" data-created_by=\"avia_inline_auto\" id=\"style-css-sub-av-av_progress-c1b2cff602b3bbe4018acb3ceeb1ab80\">\n#top .avia-progress-bar-container .avia-progress-bar.av-av_progress_bar-da6671ed49d0af4b708f2a0aed1961f4 .bar{\nwidth:60%;\nbackground-image: -webkit-linear-gradient( -45deg, #B02B2C 25%, #D24D4E 25%, #D24D4E 50%, #B02B2C 50%, #B02B2C 75%, #D24D4E 75%, #D24D4E );\nbackground-image: -moz-linear-gradient( -45deg, #B02B2C 25%, #D24D4E 25%, #D24D4E 50%, #B02B2C 50%, #B02B2C 75%, #D24D4E 75%, #D24D4E );\nbackground-image: linear-gradient( -45deg, #B02B2C 25%, #D24D4E 25%, #D24D4E 50%, #B02B2C 50%, #B02B2C 75%, #D24D4E 75%, #D24D4E );\nbackground-color:#B02B2C;\n}\n#top .avia-progress-bar-container .avia-progress-bar.av-av_progress_bar-e078a05ab871347875609e477abbf912 .bar{\nwidth:70%;\nbackground-image: -webkit-linear-gradient( -45deg, #A5CA68 25%, #83a846 25%, #83a846 50%, #A5CA68 50%, #A5CA68 75%, #83a846 75%, #83a846 );\nbackground-image: -moz-linear-gradient( -45deg, #A5CA68 25%, #83a846 25%, #83a846 50%, #A5CA68 50%, #A5CA68 75%, #83a846 75%, #83a846 );\nbackground-image: linear-gradient( -45deg, #A5CA68 25%, #83a846 25%, #83a846 50%, #A5CA68 50%, #A5CA68 75%, #83a846 75%, #83a846 );\nbackground-color:#A5CA68;\n}\n#top .avia-progress-bar-container .avia-progress-bar.av-av_progress_bar-a48f29619c84f92385c16cdc72299dc7 .bar{\nwidth:90%;\nbackground-image: -webkit-linear-gradient( -45deg, #EDAE44 25%, #FFCF66 25%, #FFCF66 50%, #EDAE44 50%, #EDAE44 75%, #FFCF66 75%, #FFCF66 );\nbackground-image: -moz-linear-gradient( -45deg, #EDAE44 25%, #FFCF66 25%, #FFCF66 50%, #EDAE44 50%, #EDAE44 75%, #FFCF66 75%, #FFCF66 );\nbackground-image: linear-gradient( -45deg, #EDAE44 25%, #FFCF66 25%, #FFCF66 50%, #EDAE44 50%, #EDAE44 75%, #FFCF66 75%, #FFCF66 );\nbackground-color:#EDAE44;\n}\n#top .avia-progress-bar-container .avia-progress-bar.av-av_progress_bar-a2ec01dff1c3520783921aaee78e7d84 .bar{\nwidth:100%;\nbackground-image: -webkit-linear-gradient( -45deg, #5F8789 25%, #7FA9AB 25%, #7FA9AB 50%, #5F8789 50%, #5F8789 75%, #7FA9AB 75%, #7FA9AB );\nbackground-image: -moz-linear-gradient( -45deg, #5F8789 25%, #7FA9AB 25%, #7FA9AB 50%, #5F8789 50%, #5F8789 75%, #7FA9AB 75%, #7FA9AB );\nbackground-image: linear-gradient( -45deg, #5F8789 25%, #7FA9AB 25%, #7FA9AB 50%, #5F8789 50%, #5F8789 75%, #7FA9AB 75%, #7FA9AB );\nbackground-color:#5F8789;\n}\n<\/style>\n<div  class='avia-progress-bar-container av-av_progress-c1b2cff602b3bbe4018acb3ceeb1ab80 av-striped-bar av-animated-bar avia_animate_when_almost_visible  avia-builder-el-6  avia-builder-el-no-sibling '><div class='avia-progress-bar av-av_progress_bar-da6671ed49d0af4b708f2a0aed1961f4 icon-bar-no red-bar icon-bar-no'><div class=\"progressbar-title-wrap\"><div class='progressbar-icon'><span class='progressbar-char' aria-hidden='true' data-av_icon='\ue800' data-av_iconfont='entypo-fontello'><\/span><\/div><div class='progressbar-title'>Schule?<\/div><\/div><div class=\"progress\"><div class=\"bar-outer\"><div class='bar' data-progress='60'><\/div><\/div><\/div><\/div><div class='avia-progress-bar av-av_progress_bar-e078a05ab871347875609e477abbf912 icon-bar-no green-bar icon-bar-no'><div class=\"progressbar-title-wrap\"><div class='progressbar-icon'><span class='progressbar-char' aria-hidden='true' data-av_icon='\ue856' data-av_iconfont='entypo-fontello'><\/span><\/div><div class='progressbar-title'>Ausbildung?<\/div><\/div><div class=\"progress\"><div class=\"bar-outer\"><div class='bar' data-progress='70'><\/div><\/div><\/div><\/div><div class='avia-progress-bar av-av_progress_bar-a48f29619c84f92385c16cdc72299dc7 icon-bar-no orange-bar icon-bar-no'><div class=\"progressbar-title-wrap\"><div class='progressbar-icon'><span class='progressbar-char' aria-hidden='true' data-av_icon='\ue800' data-av_iconfont='entypo-fontello'><\/span><\/div><div class='progressbar-title'>FSJ?<\/div><\/div><div class=\"progress\"><div class=\"bar-outer\"><div class='bar' data-progress='90'><\/div><\/div><\/div><\/div><div class='avia-progress-bar av-av_progress_bar-a2ec01dff1c3520783921aaee78e7d84 icon-bar-no teal-bar icon-bar-no'><div class=\"progressbar-title-wrap\"><div class='progressbar-icon'><span class='progressbar-char' aria-hidden='true' data-av_icon='\ue800' data-av_iconfont='entypo-fontello'><\/span><\/div><div class='progressbar-title'>Was ganz anderes?<\/div><\/div><div class=\"progress\"><div class=\"bar-outer\"><div class='bar' data-progress='100'><\/div><\/div><\/div><\/div><\/div><\/div>\n\n<style type=\"text\/css\" data-created_by=\"avia_inline_auto\" id=\"style-css-av-av_one_fifth-14ecd2fc7ff9e37d6b0dc2ca1c41c5aa\">\n.flex_column.av-av_one_fifth-14ecd2fc7ff9e37d6b0dc2ca1c41c5aa{\n-webkit-border-radius:0px 0px 0px 0px;\n-moz-border-radius:0px 0px 0px 0px;\nborder-radius:0px 0px 0px 0px;\npadding:0px 0px 0px 0px;\n}\n<\/style>\n<div  class='flex_column av-av_one_fifth-14ecd2fc7ff9e37d6b0dc2ca1c41c5aa av_one_fifth  avia-builder-el-7  el_after_av_four_fifth  el_before_av_hr  flex_column_div av-animated-generic fade-in av-zero-column-padding  column-top-margin'     ><style type=\"text\/css\" data-created_by=\"avia_inline_auto\" id=\"style-css-av-av_image-dd79d2d05a578a800f3dacb6f2662677\">\n.avia-image-container.av-av_image-dd79d2d05a578a800f3dacb6f2662677 img.avia_image{\nbox-shadow:none;\n}\n.avia-image-container.av-av_image-dd79d2d05a578a800f3dacb6f2662677 .av-image-caption-overlay-center{\ncolor:#ffffff;\n}\n<\/style>\n<div  class='avia-image-container av-av_image-dd79d2d05a578a800f3dacb6f2662677 av-styling- avia-align-center  avia-builder-el-8  avia-builder-el-no-sibling '   itemprop=\"image\" itemscope=\"itemscope\" itemtype=\"https:\/\/schema.org\/ImageObject\" ><div class=\"avia-image-container-inner\"><div class=\"avia-image-overlay-wrap\"><img decoding=\"async\" class='wp-image-342 avia-img-lazy-loading-not-342 avia_image ' src=\"https:\/\/cborsplus.de\/HP2020\/wp-content\/uploads\/2020\/02\/mistake-1966448_1920-300x192.jpg\" alt='' title='mistake-1966448_1920'  height=\"192\" width=\"300\"  itemprop=\"thumbnailUrl\" srcset=\"https:\/\/cborsplus.de\/HP2020\/wp-content\/uploads\/2020\/02\/mistake-1966448_1920-300x192.jpg 300w, https:\/\/cborsplus.de\/HP2020\/wp-content\/uploads\/2020\/02\/mistake-1966448_1920-1030x659.jpg 1030w, https:\/\/cborsplus.de\/HP2020\/wp-content\/uploads\/2020\/02\/mistake-1966448_1920-768x491.jpg 768w, https:\/\/cborsplus.de\/HP2020\/wp-content\/uploads\/2020\/02\/mistake-1966448_1920-1536x982.jpg 1536w, https:\/\/cborsplus.de\/HP2020\/wp-content\/uploads\/2020\/02\/mistake-1966448_1920-1500x959.jpg 1500w, https:\/\/cborsplus.de\/HP2020\/wp-content\/uploads\/2020\/02\/mistake-1966448_1920-705x451.jpg 705w, https:\/\/cborsplus.de\/HP2020\/wp-content\/uploads\/2020\/02\/mistake-1966448_1920-450x288.jpg 450w, https:\/\/cborsplus.de\/HP2020\/wp-content\/uploads\/2020\/02\/mistake-1966448_1920.jpg 1920w\" sizes=\"(max-width: 300px) 100vw, 300px\" \/><\/div><\/div><\/div><\/div>\n<div  class='hr av-av_hr-0ff602b3e980a3377077ff3c1c834df6 hr-default  avia-builder-el-9  el_after_av_one_fifth  el_before_av_one_third '><span class='hr-inner '><span class=\"hr-inner-style\"><\/span><\/span><\/div>\n\n<style type=\"text\/css\" data-created_by=\"avia_inline_auto\" id=\"style-css-av-av_one_third-f4c26a98045946fc01b9ad09dcbe50c8\">\n.flex_column.av-av_one_third-f4c26a98045946fc01b9ad09dcbe50c8{\n-webkit-border-radius:0px 0px 0px 0px;\n-moz-border-radius:0px 0px 0px 0px;\nborder-radius:0px 0px 0px 0px;\npadding:0px 0px 0px 0px;\n}\n<\/style>\n<div  class='flex_column av-av_one_third-f4c26a98045946fc01b9ad09dcbe50c8 av_one_third  avia-builder-el-10  el_after_av_hr  el_before_av_two_third  first flex_column_div av-animated-generic fade-in av-zero-column-padding  '     ><style type=\"text\/css\" data-created_by=\"avia_inline_auto\" id=\"style-css-av-av_image-8d9e997763ed93edc204d03fc9b015cf\">\n.avia-image-container.av-av_image-8d9e997763ed93edc204d03fc9b015cf img.avia_image{\nbox-shadow:none;\n}\n.avia-image-container.av-av_image-8d9e997763ed93edc204d03fc9b015cf .av-image-caption-overlay-center{\ncolor:#ffffff;\n}\n<\/style>\n<div  class='avia-image-container av-av_image-8d9e997763ed93edc204d03fc9b015cf av-styling- avia-align-center  avia-builder-el-11  avia-builder-el-no-sibling '   itemprop=\"image\" itemscope=\"itemscope\" itemtype=\"https:\/\/schema.org\/ImageObject\" ><div class=\"avia-image-container-inner\"><div class=\"avia-image-overlay-wrap\"><img decoding=\"async\" class='wp-image- avia-img-lazy-loading-not- avia_image ' src=\"https:\/\/cborsplus.de\/HP2020\/wp-content\/themes\/enfold\/config-templatebuilder\/avia-template-builder\/images\/placeholder.jpg\" alt='' title=''   itemprop=\"thumbnailUrl\"  \/><\/div><\/div><\/div><\/div>\n\n<style type=\"text\/css\" data-created_by=\"avia_inline_auto\" id=\"style-css-av-av_two_third-14ecd2fc7ff9e37d6b0dc2ca1c41c5aa\">\n.flex_column.av-av_two_third-14ecd2fc7ff9e37d6b0dc2ca1c41c5aa{\n-webkit-border-radius:0px 0px 0px 0px;\n-moz-border-radius:0px 0px 0px 0px;\nborder-radius:0px 0px 0px 0px;\npadding:0px 0px 0px 0px;\n}\n<\/style>\n<div  class='flex_column av-av_two_third-14ecd2fc7ff9e37d6b0dc2ca1c41c5aa av_two_third  avia-builder-el-12  el_after_av_one_third  el_before_av_two_third  flex_column_div av-animated-generic fade-in av-zero-column-padding  '     ><section  class='av_textblock_section av-av_textblock-2de302bf1aa3cf4c9157dbe6f50ac7eb '   itemscope=\"itemscope\" itemtype=\"https:\/\/schema.org\/CreativeWork\" ><div class='avia_textblock'  itemprop=\"text\" ><p>Du hast noch keine Vorstellung davon, f\u00fcr welche Berufe du dich interessierst oder welche Ausbildung du machen willst? Die Jobscouts helfen dir, eine f\u00fcr dich geeignete Ausbildung zu finden oder auch einen Praktikumsplatz zu bekommen, um herauszufinden, was dich in den einzelnen Berufen erwartet.<\/p>\n<p>Bei ihnen kannst du dir auch B\u00fccher oder Hefte mit Informationen rund um die Berufswelt ausleihen. Wenn du dich dann f\u00fcr eine passende Berufsrichtung entschieden hast helfen dir die Jobscouts bei der Suche nach freien Stellen in deiner Umgebung.<\/p>\n<\/div><\/section><\/div>\n\n<style type=\"text\/css\" data-created_by=\"avia_inline_auto\" id=\"style-css-av-av_two_third-f4c26a98045946fc01b9ad09dcbe50c8\">\n.flex_column.av-av_two_third-f4c26a98045946fc01b9ad09dcbe50c8{\n-webkit-border-radius:0px 0px 0px 0px;\n-moz-border-radius:0px 0px 0px 0px;\nborder-radius:0px 0px 0px 0px;\npadding:0px 0px 0px 0px;\n}\n<\/style>\n<div  class='flex_column av-av_two_third-f4c26a98045946fc01b9ad09dcbe50c8 av_two_third  avia-builder-el-14  el_after_av_two_third  el_before_av_one_third  first flex_column_div av-animated-generic fade-in av-zero-column-padding  column-top-margin'     ><section  class='av_textblock_section av-av_textblock-2de302bf1aa3cf4c9157dbe6f50ac7eb '   itemscope=\"itemscope\" itemtype=\"https:\/\/schema.org\/CreativeWork\" ><div class='avia_textblock'  itemprop=\"text\" ><p>Ebenso bekommst du Unterst\u00fctzung beim Informieren \u00fcber ein bestimmtes Unternehmen sowie beim Erstellen deiner Bewerbungsunterlagen. Wir helfen dir, ein Deckblatt, einen Lebenslauf und ein Anschreiben, worin du das Unternehmen von deinen F\u00e4higkeiten und St\u00e4rken erz\u00e4hlst, zu verfassen und dir gute Ideen f\u00fcr verschiedene Arten der Bewerbung zu zeigen. Wenn die Bewerbungen abgeschickt sind und du zu einem Eignungstest oder einem Vorstellungsgespr\u00e4ch eingeladen wirst, k\u00f6nnen die Jobscouts mit dir Einstellungstests \u00fcben und dir bei der Vorbereitung auf die Fragen des Vorstellungsgespr\u00e4ches helfen. Was solltest du \u00fcber das Unternehmen wissen? Welche T\u00e4tigkeiten wirst du in dem ausgew\u00e4hlten Beruf ausf\u00fchren und welche Eigenschaften geh\u00f6ren zu deinen St\u00e4rken? Auch wenn du dich zwischendurch \u00fcber eine berufliche oder schulische Zukunft informieren willst, werden wir dich gerne beraten. An der Litfa\u00dfs\u00e4ule haben wir die aktuellsten Stellenanzeigen unter anderem f\u00fcr Ausbildungsberufe ausgeh\u00e4ngt, eingeteilt in verschiedene Kategorien wie technische Berufe, B\u00fcrot\u00e4tigkeiten, den Bereich Einzelhandel oder auch kreative Berufe. Regelm\u00e4\u00dfig bekommt dein Klassenlehrer\/ deine Klassenlehrerin auch ein paar interessante Stellenangebote, um diese in der Klasse aufzuh\u00e4ngen.<\/p>\n<\/div><\/section><\/div>\n\n<style type=\"text\/css\" data-created_by=\"avia_inline_auto\" id=\"style-css-av-av_one_third-14ecd2fc7ff9e37d6b0dc2ca1c41c5aa\">\n.flex_column.av-av_one_third-14ecd2fc7ff9e37d6b0dc2ca1c41c5aa{\n-webkit-border-radius:0px 0px 0px 0px;\n-moz-border-radius:0px 0px 0px 0px;\nborder-radius:0px 0px 0px 0px;\npadding:0px 0px 0px 0px;\n}\n<\/style>\n<div  class='flex_column av-av_one_third-14ecd2fc7ff9e37d6b0dc2ca1c41c5aa av_one_third  avia-builder-el-16  el_after_av_two_third  el_before_av_hr  flex_column_div av-animated-generic fade-in av-zero-column-padding  column-top-margin'     ><style type=\"text\/css\" data-created_by=\"avia_inline_auto\" id=\"style-css-av-av_image-d49a82b12e0a93a2bbf827b513f5cb73\">\n.avia-image-container.av-av_image-d49a82b12e0a93a2bbf827b513f5cb73 img.avia_image{\nbox-shadow:none;\n}\n.avia-image-container.av-av_image-d49a82b12e0a93a2bbf827b513f5cb73 .av-image-caption-overlay-center{\ncolor:#ffffff;\n}\n<\/style>\n<div  class='avia-image-container av-av_image-d49a82b12e0a93a2bbf827b513f5cb73 av-styling- avia-align-center  avia-builder-el-17  avia-builder-el-no-sibling '   itemprop=\"image\" itemscope=\"itemscope\" itemtype=\"https:\/\/schema.org\/ImageObject\" ><div class=\"avia-image-container-inner\"><div class=\"avia-image-overlay-wrap\"><img decoding=\"async\" class='wp-image-347 avia-img-lazy-loading-not-347 avia_image ' src=\"https:\/\/cborsplus.de\/HP2020\/wp-content\/uploads\/2020\/02\/adventure-1807524_1920-300x184.jpg\" alt='' title='adventure-1807524_1920'  height=\"184\" width=\"300\"  itemprop=\"thumbnailUrl\" srcset=\"https:\/\/cborsplus.de\/HP2020\/wp-content\/uploads\/2020\/02\/adventure-1807524_1920-300x184.jpg 300w, https:\/\/cborsplus.de\/HP2020\/wp-content\/uploads\/2020\/02\/adventure-1807524_1920-1030x631.jpg 1030w, https:\/\/cborsplus.de\/HP2020\/wp-content\/uploads\/2020\/02\/adventure-1807524_1920-768x471.jpg 768w, https:\/\/cborsplus.de\/HP2020\/wp-content\/uploads\/2020\/02\/adventure-1807524_1920-1536x942.jpg 1536w, https:\/\/cborsplus.de\/HP2020\/wp-content\/uploads\/2020\/02\/adventure-1807524_1920-1500x920.jpg 1500w, https:\/\/cborsplus.de\/HP2020\/wp-content\/uploads\/2020\/02\/adventure-1807524_1920-705x432.jpg 705w, https:\/\/cborsplus.de\/HP2020\/wp-content\/uploads\/2020\/02\/adventure-1807524_1920-450x276.jpg 450w, https:\/\/cborsplus.de\/HP2020\/wp-content\/uploads\/2020\/02\/adventure-1807524_1920.jpg 1920w\" sizes=\"(max-width: 300px) 100vw, 300px\" \/><\/div><\/div><\/div><\/div>\n\n<style type=\"text\/css\" data-created_by=\"avia_inline_auto\" id=\"style-css-av-av_hr-4474f20d2389e2e5ecf918a02da5132e\">\n#top .hr.hr-invisible.av-av_hr-4474f20d2389e2e5ecf918a02da5132e{\nheight:50px;\n}\n<\/style>\n<div  class='hr av-av_hr-4474f20d2389e2e5ecf918a02da5132e hr-invisible  avia-builder-el-18  el_after_av_one_third  el_before_av_button '><span class='hr-inner '><span class=\"hr-inner-style\"><\/span><\/span><\/div>\n<div  class='avia-button-wrap av-av_button-74fb46a744c8991bd6c310fc719a82cc-wrap avia-button-center  avia-builder-el-19  el_after_av_hr  avia-builder-el-last '><a href='https:\/\/cborsplus.de\/HP2020\/unser-plus\/berufsorientierung\/'  class='avia-button av-av_button-74fb46a744c8991bd6c310fc719a82cc avia-icon_select-yes-left-icon avia-size-medium avia-position-center avia-color-theme-color'  ><span class='avia_button_icon avia_button_icon_left' aria-hidden='true' data-av_icon='\ue830' data-av_iconfont='entypo-fontello'><\/span><span class='avia_iconbox_title' >zur\u00fcck<\/span><\/a><\/div>\n","protected":false},"excerpt":{"rendered":"","protected":false},"author":1,"featured_media":0,"parent":0,"menu_order":0,"comment_status":"closed","ping_status":"closed","template":"","meta":{"footnotes":""},"class_list":["post-340","page","type-page","status-publish","hentry"],"_links":{"self":[{"href":"https:\/\/cborsplus.de\/HP2020\/wp-json\/wp\/v2\/pages\/340","targetHints":{"allow":["GET"]}}],"collection":[{"href":"https:\/\/cborsplus.de\/HP2020\/wp-json\/wp\/v2\/pages"}],"about":[{"href":"https:\/\/cborsplus.de\/HP2020\/wp-json\/wp\/v2\/types\/page"}],"author":[{"embeddable":true,"href":"https:\/\/cborsplus.de\/HP2020\/wp-json\/wp\/v2\/users\/1"}],"replies":[{"embeddable":true,"href":"https:\/\/cborsplus.de\/HP2020\/wp-json\/wp\/v2\/comments?post=340"}],"version-history":[{"count":6,"href":"https:\/\/cborsplus.de\/HP2020\/wp-json\/wp\/v2\/pages\/340\/revisions"}],"predecessor-version":[{"id":391,"href":"https:\/\/cborsplus.de\/HP2020\/wp-json\/wp\/v2\/pages\/340\/revisions\/391"}],"wp:attachment":[{"href":"https:\/\/cborsplus.de\/HP2020\/wp-json\/wp\/v2\/media?parent=340"}],"curies":[{"name":"wp","href":"https:\/\/api.w.org\/{rel}","templated":true}]}}