{"id":255,"date":"2020-02-13T09:03:33","date_gmt":"2020-02-13T08:03:33","guid":{"rendered":"http:\/\/cborsplus.de\/HP2020\/?page_id=255"},"modified":"2020-02-13T09:03:33","modified_gmt":"2020-02-13T08:03:33","slug":"medienbestand","status":"publish","type":"page","link":"https:\/\/cborsplus.de\/HP2020\/medienbestand\/","title":{"rendered":"Medienbestand"},"content":{"rendered":"\n<style type=\"text\/css\" data-created_by=\"avia_inline_auto\" id=\"style-css-av-av_one_full-f4c26a98045946fc01b9ad09dcbe50c8\">\n.flex_column.av-av_one_full-f4c26a98045946fc01b9ad09dcbe50c8{\n-webkit-border-radius:0px 0px 0px 0px;\n-moz-border-radius:0px 0px 0px 0px;\nborder-radius:0px 0px 0px 0px;\npadding:0px 0px 0px 0px;\n}\n<\/style>\n<div  class='flex_column av-av_one_full-f4c26a98045946fc01b9ad09dcbe50c8 av_one_full  avia-builder-el-0  el_before_av_hr  avia-builder-el-first  first flex_column_div av-animated-generic fade-in av-zero-column-padding  '     ><p>\n<style type=\"text\/css\" data-created_by=\"avia_inline_auto\" id=\"style-css-av-av_heading-2e172205947cf86a055c7c143d11c209\">\n#top .av-special-heading.av-av_heading-2e172205947cf86a055c7c143d11c209{\npadding-bottom:10px;\n}\nbody .av-special-heading.av-av_heading-2e172205947cf86a055c7c143d11c209 .av-special-heading-tag .heading-char{\nfont-size:25px;\n}\n.av-special-heading.av-av_heading-2e172205947cf86a055c7c143d11c209 .av-subheading{\nfont-size:15px;\n}\n<\/style>\n<div  class='av-special-heading av-av_heading-2e172205947cf86a055c7c143d11c209 av-special-heading-h1 blockquote modern-quote modern-centered  avia-builder-el-1  el_before_av_heading  avia-builder-el-first '><h1 class='av-special-heading-tag'  itemprop=\"headline\"  >Komm herein undschau dich um<\/h1><div class=\"special-heading-border\"><div class=\"special-heading-inner-border\"><\/div><\/div><\/div><br \/>\n\n<style type=\"text\/css\" data-created_by=\"avia_inline_auto\" id=\"style-css-av-av_heading-5a38d185252eb7ff1cd9eb2f021dc73e\">\n#top .av-special-heading.av-av_heading-5a38d185252eb7ff1cd9eb2f021dc73e{\npadding-bottom:10px;\n}\nbody .av-special-heading.av-av_heading-5a38d185252eb7ff1cd9eb2f021dc73e .av-special-heading-tag .heading-char{\nfont-size:25px;\n}\n.av-special-heading.av-av_heading-5a38d185252eb7ff1cd9eb2f021dc73e .av-subheading{\nfont-size:15px;\n}\n<\/style>\n<div  class='av-special-heading av-av_heading-5a38d185252eb7ff1cd9eb2f021dc73e av-special-heading-h3 blockquote modern-quote modern-centered  avia-builder-el-2  el_after_av_heading  avia-builder-el-last '><h3 class='av-special-heading-tag'  itemprop=\"headline\"  >B\u00fccher, Zeitschriften, H\u00f6rspiele <span class='special_amp'>&amp;<\/span> DVDs<\/h3><div class=\"special-heading-border\"><div class=\"special-heading-inner-border\"><\/div><\/div><\/div><\/p><\/div>\n\n<style type=\"text\/css\" data-created_by=\"avia_inline_auto\" id=\"style-css-av-av_hr-1dda432e44fce4f434726bd6549d55e7\">\n#top .hr.av-av_hr-1dda432e44fce4f434726bd6549d55e7{\nmargin-top:30px;\nmargin-bottom:30px;\n}\n.hr.av-av_hr-1dda432e44fce4f434726bd6549d55e7 .hr-inner{\nwidth:250px;\nmax-width:45%;\n}\n<\/style>\n<div  class='hr av-av_hr-1dda432e44fce4f434726bd6549d55e7 hr-custom  avia-builder-el-3  el_after_av_one_full  el_before_av_two_third  hr-center hr-icon-yes'><span class='hr-inner inner-border-av-border-thin'><span class=\"hr-inner-style\"><\/span><\/span><span class='av-seperator-icon' aria-hidden='true' data-av_icon='\ue84e' data-av_iconfont='entypo-fontello'><\/span><span class='hr-inner inner-border-av-border-thin'><span class=\"hr-inner-style\"><\/span><\/span><\/div>\n\n<style type=\"text\/css\" data-created_by=\"avia_inline_auto\" id=\"style-css-av-av_two_third-f4c26a98045946fc01b9ad09dcbe50c8\">\n.flex_column.av-av_two_third-f4c26a98045946fc01b9ad09dcbe50c8{\n-webkit-border-radius:0px 0px 0px 0px;\n-moz-border-radius:0px 0px 0px 0px;\nborder-radius:0px 0px 0px 0px;\npadding:0px 0px 0px 0px;\n}\n<\/style>\n<div  class='flex_column av-av_two_third-f4c26a98045946fc01b9ad09dcbe50c8 av_two_third  avia-builder-el-4  el_after_av_hr  el_before_av_one_third  first flex_column_div av-animated-generic fade-in av-zero-column-padding  '     ><p>\n<style type=\"text\/css\" data-created_by=\"avia_inline_auto\" id=\"style-css-av-av_heading-fcfac860cfb7c034c19eeea1b9e50bbc\">\n#top .av-special-heading.av-av_heading-fcfac860cfb7c034c19eeea1b9e50bbc{\npadding-bottom:10px;\n}\nbody .av-special-heading.av-av_heading-fcfac860cfb7c034c19eeea1b9e50bbc .av-special-heading-tag .heading-char{\nfont-size:25px;\n}\n.av-special-heading.av-av_heading-fcfac860cfb7c034c19eeea1b9e50bbc .av-subheading{\nfont-size:15px;\n}\n<\/style>\n<div  class='av-special-heading av-av_heading-fcfac860cfb7c034c19eeea1b9e50bbc av-special-heading-h2 blockquote modern-quote modern-centered  avia-builder-el-5  el_before_av_textblock  avia-builder-el-first '><h2 class='av-special-heading-tag'  itemprop=\"headline\"  >Modern und immer aktuell!<\/h2><div class=\"special-heading-border\"><div class=\"special-heading-inner-border\"><\/div><\/div><\/div><br \/>\n\n<style type=\"text\/css\" data-created_by=\"avia_inline_auto\" id=\"style-css-av-av_textblock-352afc35c842fc84891e91dfc27c56b5\">\n#top .av_textblock_section.av-av_textblock-352afc35c842fc84891e91dfc27c56b5 .avia_textblock{\nfont-size:18px;\n}\n<\/style>\n<section  class='av_textblock_section av-av_textblock-352afc35c842fc84891e91dfc27c56b5 '   itemscope=\"itemscope\" itemtype=\"https:\/\/schema.org\/CreativeWork\" ><div class='avia_textblock'  itemprop=\"text\" ><p style=\"text-align: center;\">Die\u00a0Sch\u00fclerb\u00fccherei\u00a0ist mit etwa 1000 Medien ausgestattet. Dazu geh\u00f6ren nat\u00fcrlich jede Menge B\u00fccher, aber auch Zeitschriften, H\u00f6rspiele, Videos und DVDs.<\/p>\n<p style=\"text-align: center;\">Im Regalbereich\u00a0Romane, Erz\u00e4hlungen &amp; Gedichte\u00a0findet Ihr Spannendes, Fantastisches, Witziges und Romantisches f\u00fcr Sch\u00fcler der 5. bis 10. Klasse.<\/p>\n<\/div><\/section><\/p><\/div>\n<style type=\"text\/css\" data-created_by=\"avia_inline_auto\" id=\"style-css-av-av_one_third-14ecd2fc7ff9e37d6b0dc2ca1c41c5aa\">\n.flex_column.av-av_one_third-14ecd2fc7ff9e37d6b0dc2ca1c41c5aa{\n-webkit-border-radius:0px 0px 0px 0px;\n-moz-border-radius:0px 0px 0px 0px;\nborder-radius:0px 0px 0px 0px;\npadding:0px 0px 0px 0px;\n}\n<\/style>\n<div  class='flex_column av-av_one_third-14ecd2fc7ff9e37d6b0dc2ca1c41c5aa av_one_third  avia-builder-el-7  el_after_av_two_third  el_before_av_one_third  flex_column_div av-animated-generic fade-in av-zero-column-padding  '     ><style type=\"text\/css\" data-created_by=\"avia_inline_auto\" id=\"style-css-av-av_image-1d4e9cd74b8edfb9130589176cf94ba3\">\n.avia-image-container.av-av_image-1d4e9cd74b8edfb9130589176cf94ba3 img.avia_image{\nbox-shadow:none;\n}\n.avia-image-container.av-av_image-1d4e9cd74b8edfb9130589176cf94ba3 .av-image-caption-overlay-center{\ncolor:#ffffff;\n}\n<\/style>\n<div  class='avia-image-container av-av_image-1d4e9cd74b8edfb9130589176cf94ba3 av-styling- avia-align-center  avia-builder-el-8  avia-builder-el-no-sibling '   itemprop=\"image\" itemscope=\"itemscope\" itemtype=\"https:\/\/schema.org\/ImageObject\" ><div class=\"avia-image-container-inner\"><div class=\"avia-image-overlay-wrap\"><img decoding=\"async\" class='wp-image-128 avia-img-lazy-loading-not-128 avia_image ' src=\"https:\/\/cborsplus.de\/HP2020\/wp-content\/uploads\/2020\/02\/Ausleihtheke-Large-300x225-1.jpg\" alt='' title='Ausleihtheke-Large-300x225'  height=\"225\" width=\"300\"  itemprop=\"thumbnailUrl\"  \/><\/div><\/div><\/div><\/div><\/p>\n\n<style type=\"text\/css\" data-created_by=\"avia_inline_auto\" id=\"style-css-av-av_one_third-f4c26a98045946fc01b9ad09dcbe50c8\">\n.flex_column.av-av_one_third-f4c26a98045946fc01b9ad09dcbe50c8{\n-webkit-border-radius:0px 0px 0px 0px;\n-moz-border-radius:0px 0px 0px 0px;\nborder-radius:0px 0px 0px 0px;\npadding:0px 0px 0px 0px;\n}\n<\/style>\n<div  class='flex_column av-av_one_third-f4c26a98045946fc01b9ad09dcbe50c8 av_one_third  avia-builder-el-9  el_after_av_one_third  el_before_av_two_third  first flex_column_div av-animated-generic fade-in av-zero-column-padding  column-top-margin'     ><style type=\"text\/css\" data-created_by=\"avia_inline_auto\" id=\"style-css-av-av_image-0666c213d699398d4fba6f1c9b87edc4\">\n.avia-image-container.av-av_image-0666c213d699398d4fba6f1c9b87edc4 img.avia_image{\nbox-shadow:none;\n}\n.avia-image-container.av-av_image-0666c213d699398d4fba6f1c9b87edc4 .av-image-caption-overlay-center{\ncolor:#ffffff;\n}\n<\/style>\n<div  class='avia-image-container av-av_image-0666c213d699398d4fba6f1c9b87edc4 av-styling- avia-align-center  avia-builder-el-10  avia-builder-el-no-sibling '   itemprop=\"image\" itemscope=\"itemscope\" itemtype=\"https:\/\/schema.org\/ImageObject\" ><div class=\"avia-image-container-inner\"><div class=\"avia-image-overlay-wrap\"><img decoding=\"async\" class='wp-image-126 avia-img-lazy-loading-not-126 avia_image ' src=\"https:\/\/cborsplus.de\/HP2020\/wp-content\/uploads\/2020\/02\/Sachbuch-5-Large-300x225-1.jpg\" alt='' title='Sachbuch-5-Large-300x225'  height=\"225\" width=\"300\"  itemprop=\"thumbnailUrl\"  \/><\/div><\/div><\/div><\/div>\n\n<style type=\"text\/css\" data-created_by=\"avia_inline_auto\" id=\"style-css-av-av_two_third-14ecd2fc7ff9e37d6b0dc2ca1c41c5aa\">\n.flex_column.av-av_two_third-14ecd2fc7ff9e37d6b0dc2ca1c41c5aa{\n-webkit-border-radius:0px 0px 0px 0px;\n-moz-border-radius:0px 0px 0px 0px;\nborder-radius:0px 0px 0px 0px;\npadding:0px 0px 0px 0px;\n}\n<\/style>\n<div  class='flex_column av-av_two_third-14ecd2fc7ff9e37d6b0dc2ca1c41c5aa av_two_third  avia-builder-el-11  el_after_av_one_third  avia-builder-el-last  flex_column_div av-animated-generic fade-in av-zero-column-padding  column-top-margin'     ><p>\n<style type=\"text\/css\" data-created_by=\"avia_inline_auto\" id=\"style-css-av-av_heading-7b97e7b2e604e86468ef5cdad6ebfb3f\">\n#top .av-special-heading.av-av_heading-7b97e7b2e604e86468ef5cdad6ebfb3f{\npadding-bottom:10px;\n}\nbody .av-special-heading.av-av_heading-7b97e7b2e604e86468ef5cdad6ebfb3f .av-special-heading-tag .heading-char{\nfont-size:25px;\n}\n.av-special-heading.av-av_heading-7b97e7b2e604e86468ef5cdad6ebfb3f .av-subheading{\nfont-size:15px;\n}\n<\/style>\n<div  class='av-special-heading av-av_heading-7b97e7b2e604e86468ef5cdad6ebfb3f av-special-heading-h2 blockquote modern-quote modern-centered  avia-builder-el-12  el_before_av_textblock  avia-builder-el-first '><h2 class='av-special-heading-tag'  itemprop=\"headline\"  >Vorbereitung auf den Unterricht<\/h2><div class=\"special-heading-border\"><div class=\"special-heading-inner-border\"><\/div><\/div><\/div><br \/>\n\n<style type=\"text\/css\" data-created_by=\"avia_inline_auto\" id=\"style-css-av-av_textblock-352afc35c842fc84891e91dfc27c56b5\">\n#top .av_textblock_section.av-av_textblock-352afc35c842fc84891e91dfc27c56b5 .avia_textblock{\nfont-size:18px;\n}\n<\/style>\n<section  class='av_textblock_section av-av_textblock-352afc35c842fc84891e91dfc27c56b5 '   itemscope=\"itemscope\" itemtype=\"https:\/\/schema.org\/CreativeWork\" ><div class='avia_textblock'  itemprop=\"text\" ><p style=\"text-align: center;\">Unser neuer und aktualisierter Bereich\u00a0Sachb\u00fccher &amp; Zeitschriften\u00a0kann Euch zur Vorbereitung auf die n\u00e4chste H\u00dc oder Klassenarbeit oder ein bevorstehendes Referat helfen.<\/p>\n<p style=\"text-align: center;\">Sollte ein Buch, eine Zeitschrift oder eine DVD nicht zu finden sein, fragt einfach bei den verantwortlichen Sch\u00fclerinnen und Sch\u00fclern der\u00a0Sch\u00fclerb\u00fccherei-AG\u00a0oder Frau Endres nach. Sie k\u00f6nnen Dir sicher helfen.<\/p>\n<\/div><\/section><\/p><\/div>\n","protected":false},"excerpt":{"rendered":"","protected":false},"author":1,"featured_media":0,"parent":0,"menu_order":0,"comment_status":"closed","ping_status":"closed","template":"","meta":{"footnotes":""},"class_list":["post-255","page","type-page","status-publish","hentry"],"_links":{"self":[{"href":"https:\/\/cborsplus.de\/HP2020\/wp-json\/wp\/v2\/pages\/255","targetHints":{"allow":["GET"]}}],"collection":[{"href":"https:\/\/cborsplus.de\/HP2020\/wp-json\/wp\/v2\/pages"}],"about":[{"href":"https:\/\/cborsplus.de\/HP2020\/wp-json\/wp\/v2\/types\/page"}],"author":[{"embeddable":true,"href":"https:\/\/cborsplus.de\/HP2020\/wp-json\/wp\/v2\/users\/1"}],"replies":[{"embeddable":true,"href":"https:\/\/cborsplus.de\/HP2020\/wp-json\/wp\/v2\/comments?post=255"}],"version-history":[{"count":6,"href":"https:\/\/cborsplus.de\/HP2020\/wp-json\/wp\/v2\/pages\/255\/revisions"}],"predecessor-version":[{"id":261,"href":"https:\/\/cborsplus.de\/HP2020\/wp-json\/wp\/v2\/pages\/255\/revisions\/261"}],"wp:attachment":[{"href":"https:\/\/cborsplus.de\/HP2020\/wp-json\/wp\/v2\/media?parent=255"}],"curies":[{"name":"wp","href":"https:\/\/api.w.org\/{rel}","templated":true}]}}