{"id":20,"date":"2020-02-07T12:59:08","date_gmt":"2020-02-07T11:59:08","guid":{"rendered":"http:\/\/cborsplus.de\/HP2020\/?page_id=20"},"modified":"2020-02-12T12:40:12","modified_gmt":"2020-02-12T11:40:12","slug":"leitbild","status":"publish","type":"page","link":"https:\/\/cborsplus.de\/HP2020\/leitbild\/","title":{"rendered":"Leitbild"},"content":{"rendered":"\n<style type=\"text\/css\" data-created_by=\"avia_inline_auto\" id=\"style-css-av-av_one_full-15d750bd1b332b34c6e70b077ebbccdf\">\n.flex_column.av-av_one_full-15d750bd1b332b34c6e70b077ebbccdf{\n-webkit-border-radius:0px 0px 0px 0px;\n-moz-border-radius:0px 0px 0px 0px;\nborder-radius:0px 0px 0px 0px;\npadding:0px 0px 0px 0px;\n}\n<\/style>\n<div  class='flex_column av-av_one_full-15d750bd1b332b34c6e70b077ebbccdf av_one_full  avia-builder-el-0  el_before_av_one_full  avia-builder-el-first  first flex_column_div av-zero-column-padding  '     ><p>\n<style type=\"text\/css\" data-created_by=\"avia_inline_auto\" id=\"style-css-av-av_heading-adca9f990ee3e3ebe22dc95f2c5226d5\">\n#top .av-special-heading.av-av_heading-adca9f990ee3e3ebe22dc95f2c5226d5{\npadding-bottom:10px;\n}\nbody .av-special-heading.av-av_heading-adca9f990ee3e3ebe22dc95f2c5226d5 .av-special-heading-tag .heading-char{\nfont-size:25px;\n}\n.av-special-heading.av-av_heading-adca9f990ee3e3ebe22dc95f2c5226d5 .av-subheading{\nfont-size:15px;\n}\n<\/style>\n<div  class='av-special-heading av-av_heading-adca9f990ee3e3ebe22dc95f2c5226d5 av-special-heading-h1 blockquote modern-quote modern-centered  avia-builder-el-1  el_before_av_heading  avia-builder-el-first '><h1 class='av-special-heading-tag'  itemprop=\"headline\"  >Unser Leitbild<\/h1><div class=\"special-heading-border\"><div class=\"special-heading-inner-border\"><\/div><\/div><\/div><br \/>\n\n<style type=\"text\/css\" data-created_by=\"avia_inline_auto\" id=\"style-css-av-av_heading-e574c116116277dfb23ee6fab3623c6c\">\n#top .av-special-heading.av-av_heading-e574c116116277dfb23ee6fab3623c6c{\npadding-bottom:10px;\n}\nbody .av-special-heading.av-av_heading-e574c116116277dfb23ee6fab3623c6c .av-special-heading-tag .heading-char{\nfont-size:25px;\n}\n.av-special-heading.av-av_heading-e574c116116277dfb23ee6fab3623c6c .av-subheading{\nfont-size:15px;\n}\n<\/style>\n<div  class='av-special-heading av-av_heading-e574c116116277dfb23ee6fab3623c6c av-special-heading-h2 blockquote modern-quote modern-centered  avia-builder-el-2  el_after_av_heading  avia-builder-el-last '><h2 class='av-special-heading-tag'  itemprop=\"headline\"  >Vielfalt leben und gemeinsam lernen <\/h2><div class=\"special-heading-border\"><div class=\"special-heading-inner-border\"><\/div><\/div><\/div><\/p><\/div>\n<style type=\"text\/css\" data-created_by=\"avia_inline_auto\" id=\"style-css-av-av_one_full-15d750bd1b332b34c6e70b077ebbccdf\">\n.flex_column.av-av_one_full-15d750bd1b332b34c6e70b077ebbccdf{\n-webkit-border-radius:0px 0px 0px 0px;\n-moz-border-radius:0px 0px 0px 0px;\nborder-radius:0px 0px 0px 0px;\npadding:0px 0px 0px 0px;\n}\n<\/style>\n<div  class='flex_column av-av_one_full-15d750bd1b332b34c6e70b077ebbccdf av_one_full  avia-builder-el-3  el_after_av_one_full  el_before_av_hr  first flex_column_div av-zero-column-padding  column-top-margin'     ><style type=\"text\/css\" data-created_by=\"avia_inline_auto\" id=\"style-css-av-av_image-6abfe367759efec671f9aa25f133926b\">\n.avia-image-container.av-av_image-6abfe367759efec671f9aa25f133926b img.avia_image{\nbox-shadow:none;\n}\n.avia-image-container.av-av_image-6abfe367759efec671f9aa25f133926b .av-image-caption-overlay-center{\ncolor:#ffffff;\n}\n<\/style>\n<div  class='avia-image-container av-av_image-6abfe367759efec671f9aa25f133926b av-styling- avia_animated_image av-animated-when-visible-95 fade-in avia-align-center  avia-builder-el-4  avia-builder-el-no-sibling '   itemprop=\"image\" itemscope=\"itemscope\" itemtype=\"https:\/\/schema.org\/ImageObject\" ><div class=\"avia-image-container-inner\"><div class=\"avia-image-overlay-wrap\"><img decoding=\"async\" class='wp-image-27 avia-img-lazy-loading-not-27 avia_image ' src=\"https:\/\/cborsplus.de\/HP2020\/wp-content\/uploads\/2020\/02\/child-865116_1920-1210x423.jpg\" alt='' title='child-865116_1920'  height=\"423\" width=\"1210\"  itemprop=\"thumbnailUrl\"  \/><\/div><\/div><\/div><\/div><\/p>\n<div  class='hr av-av_hr-0ff602b3e980a3377077ff3c1c834df6 hr-default  avia-builder-el-5  el_after_av_one_full  el_before_av_one_full '><span class='hr-inner '><span class=\"hr-inner-style\"><\/span><\/span><\/div>\n\n<style type=\"text\/css\" data-created_by=\"avia_inline_auto\" id=\"style-css-av-av_one_full-f4c26a98045946fc01b9ad09dcbe50c8\">\n.flex_column.av-av_one_full-f4c26a98045946fc01b9ad09dcbe50c8{\n-webkit-border-radius:0px 0px 0px 0px;\n-moz-border-radius:0px 0px 0px 0px;\nborder-radius:0px 0px 0px 0px;\npadding:0px 0px 0px 0px;\n}\n<\/style>\n<div  class='flex_column av-av_one_full-f4c26a98045946fc01b9ad09dcbe50c8 av_one_full  avia-builder-el-6  el_after_av_hr  el_before_av_one_fourth  first flex_column_div av-animated-generic fade-in av-zero-column-padding  '     ><style type=\"text\/css\" data-created_by=\"avia_inline_auto\" id=\"style-css-av-av_heading-8bba2d6b2312b5071f1453f7c0b12c37\">\n#top .av-special-heading.av-av_heading-8bba2d6b2312b5071f1453f7c0b12c37{\npadding-bottom:10px;\n}\nbody .av-special-heading.av-av_heading-8bba2d6b2312b5071f1453f7c0b12c37 .av-special-heading-tag .heading-char{\nfont-size:25px;\n}\n.av-special-heading.av-av_heading-8bba2d6b2312b5071f1453f7c0b12c37 .av-subheading{\nfont-size:15px;\n}\n<\/style>\n<div  class='av-special-heading av-av_heading-8bba2d6b2312b5071f1453f7c0b12c37 av-special-heading-h3 blockquote modern-quote modern-centered  avia-builder-el-7  avia-builder-el-no-sibling '><h3 class='av-special-heading-tag'  itemprop=\"headline\"  >An unserer Schule begegnen sich Sch\u00fclerinnen und Sch\u00fcler mit ihren unterschiedlichen kulturellen Hintergr\u00fcnden respektvoll, tolerant und offen. Grundlagen unseres Umgangs miteinander sind Wertsch\u00e4tzung und Freundlichkeit.<\/h3><div class=\"special-heading-border\"><div class=\"special-heading-inner-border\"><\/div><\/div><\/div><\/div>\n\n<style type=\"text\/css\" data-created_by=\"avia_inline_auto\" id=\"style-css-av-av_one_fourth-f4c26a98045946fc01b9ad09dcbe50c8\">\n.flex_column.av-av_one_fourth-f4c26a98045946fc01b9ad09dcbe50c8{\n-webkit-border-radius:0px 0px 0px 0px;\n-moz-border-radius:0px 0px 0px 0px;\nborder-radius:0px 0px 0px 0px;\npadding:0px 0px 0px 0px;\n}\n<\/style>\n<div  class='flex_column av-av_one_fourth-f4c26a98045946fc01b9ad09dcbe50c8 av_one_fourth  avia-builder-el-8  el_after_av_one_full  el_before_av_one_fourth  first flex_column_div av-animated-generic fade-in av-zero-column-padding  column-top-margin'     ><article  class='iconbox iconbox_top av-av_icon_box-a036f4adab148684545b51f60a955503  avia-builder-el-9  avia-builder-el-no-sibling  main_color'  itemscope=\"itemscope\" itemtype=\"https:\/\/schema.org\/CreativeWork\" ><div class=\"iconbox_content\"><header class=\"entry-content-header\"><div class=\"iconbox_icon heading-color\" aria-hidden='true' data-av_icon='\ue81e' data-av_iconfont='entypo-fontello'><\/div><h3 class='iconbox_content_title '  itemprop=\"headline\" >Wir wollen es wissen!<\/h3><\/header><div class='iconbox_content_container '  itemprop=\"text\" ><p>Wir legen Wert auf eine umfassende Bildung. Dies beinhaltet sowohl das Allgemein- als auch das Fachwissen, das auf vielf\u00e4ltige Weise vermittelt wird.<\/p>\n<\/div><\/div><footer class=\"entry-footer\"><\/footer><\/article><\/div>\n\n<style type=\"text\/css\" data-created_by=\"avia_inline_auto\" id=\"style-css-av-av_one_fourth-14ecd2fc7ff9e37d6b0dc2ca1c41c5aa\">\n.flex_column.av-av_one_fourth-14ecd2fc7ff9e37d6b0dc2ca1c41c5aa{\n-webkit-border-radius:0px 0px 0px 0px;\n-moz-border-radius:0px 0px 0px 0px;\nborder-radius:0px 0px 0px 0px;\npadding:0px 0px 0px 0px;\n}\n<\/style>\n<div  class='flex_column av-av_one_fourth-14ecd2fc7ff9e37d6b0dc2ca1c41c5aa av_one_fourth  avia-builder-el-10  el_after_av_one_fourth  el_before_av_one_fourth  flex_column_div av-animated-generic fade-in av-zero-column-padding  column-top-margin'     ><article  class='iconbox iconbox_top av-av_icon_box-1a23dd6a3febed58b0f9059dcdc8731e  avia-builder-el-11  avia-builder-el-no-sibling  main_color'  itemscope=\"itemscope\" itemtype=\"https:\/\/schema.org\/CreativeWork\" ><div class=\"iconbox_content\"><header class=\"entry-content-header\"><div class=\"iconbox_icon heading-color\" aria-hidden='true' data-av_icon='\ue84e' data-av_iconfont='entypo-fontello'><\/div><h3 class='iconbox_content_title '  itemprop=\"headline\" >Wir lernen f\u00fcr das Leben!<\/h3><\/header><div class='iconbox_content_container '  itemprop=\"text\" ><p>Eigenverantwortliches Lernen, Ordnung, P\u00fcnktlichkeit, Teamf\u00e4higkeit und Flei\u00df bilden weitere Grundsteine unseres schulischen Miteinanders, um die Sch\u00fclerinnen und Sch\u00fcler auf ihre Zukunft vorzubereiten.<\/p>\n<\/div><\/div><footer class=\"entry-footer\"><\/footer><\/article><\/div>\n\n<style type=\"text\/css\" data-created_by=\"avia_inline_auto\" id=\"style-css-av-av_one_fourth-14ecd2fc7ff9e37d6b0dc2ca1c41c5aa\">\n.flex_column.av-av_one_fourth-14ecd2fc7ff9e37d6b0dc2ca1c41c5aa{\n-webkit-border-radius:0px 0px 0px 0px;\n-moz-border-radius:0px 0px 0px 0px;\nborder-radius:0px 0px 0px 0px;\npadding:0px 0px 0px 0px;\n}\n<\/style>\n<div  class='flex_column av-av_one_fourth-14ecd2fc7ff9e37d6b0dc2ca1c41c5aa av_one_fourth  avia-builder-el-12  el_after_av_one_fourth  el_before_av_one_fourth  flex_column_div av-animated-generic fade-in av-zero-column-padding  column-top-margin'     ><article  class='iconbox iconbox_top av-av_icon_box-07853a8144aec57abe846e228979d343  avia-builder-el-13  avia-builder-el-no-sibling  main_color'  itemscope=\"itemscope\" itemtype=\"https:\/\/schema.org\/CreativeWork\" ><div class=\"iconbox_content\"><header class=\"entry-content-header\"><div class=\"iconbox_icon heading-color\" aria-hidden='true' data-av_icon='\ue80b' data-av_iconfont='entypo-fontello'><\/div><h3 class='iconbox_content_title '  itemprop=\"headline\" >Ohne Eltern geht es nicht!<\/h3><\/header><div class='iconbox_content_container '  itemprop=\"text\" ><p>Unter erfolgreicher Elternarbeit verstehen wir einen regelm\u00e4\u00dfigen und konstruktiven Austausch zwischen Schule und Elternhaus. Einsatz und Engagement der Eltern ist f\u00fcr die Umsetzung unserer Ziele unerl\u00e4sslich.<\/p>\n<\/div><\/div><footer class=\"entry-footer\"><\/footer><\/article><\/div>\n\n<style type=\"text\/css\" data-created_by=\"avia_inline_auto\" id=\"style-css-av-av_one_fourth-14ecd2fc7ff9e37d6b0dc2ca1c41c5aa\">\n.flex_column.av-av_one_fourth-14ecd2fc7ff9e37d6b0dc2ca1c41c5aa{\n-webkit-border-radius:0px 0px 0px 0px;\n-moz-border-radius:0px 0px 0px 0px;\nborder-radius:0px 0px 0px 0px;\npadding:0px 0px 0px 0px;\n}\n<\/style>\n<div  class='flex_column av-av_one_fourth-14ecd2fc7ff9e37d6b0dc2ca1c41c5aa av_one_fourth  avia-builder-el-14  el_after_av_one_fourth  avia-builder-el-last  flex_column_div av-animated-generic fade-in av-zero-column-padding  column-top-margin'     ><article  class='iconbox iconbox_top av-av_icon_box-1cae4fd12147fc10d499b7f685068f38  avia-builder-el-15  avia-builder-el-no-sibling  main_color'  itemscope=\"itemscope\" itemtype=\"https:\/\/schema.org\/CreativeWork\" ><div class=\"iconbox_content\"><header class=\"entry-content-header\"><div class=\"iconbox_icon heading-color\" aria-hidden='true' data-av_icon='\ue8b1' data-av_iconfont='entypo-fontello'><\/div><h3 class='iconbox_content_title '  itemprop=\"headline\" >Unsere Schule ist mehr als Unterricht!<\/h3><\/header><div class='iconbox_content_container '  itemprop=\"text\" ><p>Unser Schulleben wird durch eine Vielfalt an au\u00dferunterrichtlichen Aktivit\u00e4ten bereichert. Hier gestalten die Sch\u00fclerinnen und Sch\u00fcler den Schulalltag mit und k\u00f6nnen ihre pers\u00f6nlichen Interessen verfolgen.<\/p>\n<\/div><\/div><footer class=\"entry-footer\"><\/footer><\/article><\/div>\n","protected":false},"excerpt":{"rendered":"","protected":false},"author":1,"featured_media":0,"parent":0,"menu_order":0,"comment_status":"closed","ping_status":"closed","template":"","meta":{"footnotes":""},"class_list":["post-20","page","type-page","status-publish","hentry"],"_links":{"self":[{"href":"https:\/\/cborsplus.de\/HP2020\/wp-json\/wp\/v2\/pages\/20","targetHints":{"allow":["GET"]}}],"collection":[{"href":"https:\/\/cborsplus.de\/HP2020\/wp-json\/wp\/v2\/pages"}],"about":[{"href":"https:\/\/cborsplus.de\/HP2020\/wp-json\/wp\/v2\/types\/page"}],"author":[{"embeddable":true,"href":"https:\/\/cborsplus.de\/HP2020\/wp-json\/wp\/v2\/users\/1"}],"replies":[{"embeddable":true,"href":"https:\/\/cborsplus.de\/HP2020\/wp-json\/wp\/v2\/comments?post=20"}],"version-history":[{"count":10,"href":"https:\/\/cborsplus.de\/HP2020\/wp-json\/wp\/v2\/pages\/20\/revisions"}],"predecessor-version":[{"id":2009,"href":"https:\/\/cborsplus.de\/HP2020\/wp-json\/wp\/v2\/pages\/20\/revisions\/2009"}],"wp:attachment":[{"href":"https:\/\/cborsplus.de\/HP2020\/wp-json\/wp\/v2\/media?parent=20"}],"curies":[{"name":"wp","href":"https:\/\/api.w.org\/{rel}","templated":true}]}}