{"id":1728,"date":"2021-09-23T12:37:42","date_gmt":"2021-09-23T10:37:42","guid":{"rendered":"http:\/\/cborsplus.de\/HP2020\/?page_id=1728"},"modified":"2025-07-08T10:07:08","modified_gmt":"2025-07-08T08:07:08","slug":"segelfreizeit-2022","status":"publish","type":"page","link":"https:\/\/cborsplus.de\/HP2020\/segelfreizeit-2022\/","title":{"rendered":"Segelfreizeit"},"content":{"rendered":"\n<style type=\"text\/css\" data-created_by=\"avia_inline_auto\" id=\"style-css-av-acvlsg-dcba3aaa6a7762d460e172537d94f7a1\">\n.flex_column.av-acvlsg-dcba3aaa6a7762d460e172537d94f7a1{\n-webkit-border-radius:0px 0px 0px 0px;\n-moz-border-radius:0px 0px 0px 0px;\nborder-radius:0px 0px 0px 0px;\npadding:0px 0px 0px 0px;\n}\n<\/style>\n<div  class='flex_column av-acvlsg-dcba3aaa6a7762d460e172537d94f7a1 av_one_full  avia-builder-el-0  el_before_av_two_third  avia-builder-el-first  first flex_column_div av-zero-column-padding  '     ><style type=\"text\/css\" data-created_by=\"avia_inline_auto\" id=\"style-css-av-8suxhc-f5fdd33412757d6a80d640a7c874ff46\">\n#top .av-special-heading.av-8suxhc-f5fdd33412757d6a80d640a7c874ff46{\npadding-bottom:10px;\n}\nbody .av-special-heading.av-8suxhc-f5fdd33412757d6a80d640a7c874ff46 .av-special-heading-tag .heading-char{\nfont-size:25px;\n}\n.av-special-heading.av-8suxhc-f5fdd33412757d6a80d640a7c874ff46 .av-subheading{\nfont-size:15px;\n}\n<\/style>\n<div  class='av-special-heading av-8suxhc-f5fdd33412757d6a80d640a7c874ff46 av-special-heading-h1 blockquote modern-quote modern-centered  avia-builder-el-1  avia-builder-el-no-sibling '><h1 class='av-special-heading-tag'  itemprop=\"headline\"  >Projekt Segelfreizeit<\/h1><div class=\"special-heading-border\"><div class=\"special-heading-inner-border\"><\/div><\/div><\/div><\/div>\n\n<style type=\"text\/css\" data-created_by=\"avia_inline_auto\" id=\"style-css-av-83faio-cd03fec7d84cef42e627f91c630e277e\">\n.flex_column.av-83faio-cd03fec7d84cef42e627f91c630e277e{\n-webkit-border-radius:0px 0px 0px 0px;\n-moz-border-radius:0px 0px 0px 0px;\nborder-radius:0px 0px 0px 0px;\npadding:0px 0px 0px 0px;\n}\n<\/style>\n<div  class='flex_column av-83faio-cd03fec7d84cef42e627f91c630e277e av_two_third  avia-builder-el-2  el_after_av_one_full  el_before_av_one_third  first flex_column_div av-zero-column-padding  column-top-margin'     ><section  class='av_textblock_section av-5oji7k-3d8dce0bc2043d1e476a6f70e3b9e4d9 '   itemscope=\"itemscope\" itemtype=\"https:\/\/schema.org\/CreativeWork\" ><div class='avia_textblock'  itemprop=\"text\" ><p>R(h)ein ins Meer!<\/p>\n<p style=\"margin: 0cm; margin-bottom: .0001pt;\"><span style=\"color: black;\">Vor \u00fcber 20 Jahren haben zwei engagierte Sportlehrer die Segelfreizeit im holl\u00e4ndischen Wattenmeer ins Leben gerufen. Zun\u00e4chst fand sie nur bei uns in der Clemi statt, sp\u00e4ter wurde sie zu einem gemeinsamen Projekt mit drei anderen Schulen (Cusanus Gymnasium Koblenz, St. Franziskus-Schule Koblenz, bisch\u00f6fliche Realschule Marienberg in Boppard).\u00a0<\/span><\/p>\n<p style=\"margin: 0cm; margin-bottom: .0001pt; min-height: 19.1px; caret-color: #000000;\"><span style=\"font-size: 13.5pt; color: black;\">\u00a0<\/span><\/p>\n<p style=\"margin: 0cm; margin-bottom: .0001pt; caret-color: #000000;\"><span style=\"color: black;\">Die Fahrt, die auf traditionellen holl\u00e4ndischen Plattbodenschiffen stattfindet, ist besonders: Sie richtet sich vor allem an Sch\u00fcler und Sch\u00fclerinnen der siebten bis neunten Klasse, die sich besonders sozial oder &#8222;ehrenamtlich&#8220; im Schulleben engagieren.\u00a0<\/span><\/p>\n<p style=\"margin: 0cm; margin-bottom: .0001pt; min-height: 19.1px; caret-color: #000000;\"><span style=\"font-size: 13.5pt; color: black;\">\u00a0<\/span><\/p>\n<p style=\"margin: 0cm 0cm 0.0001pt;\"><span style=\"color: #000000;\">Durch Covid-19 haben wir leider drei Jahre aussetzen m\u00fcssen und waren 2023 das erste Mal seit der Pause wieder unterwegs. Wir freuen uns, das Projekt zuk\u00fcnftig wieder anbieten zu k\u00f6nnen. Um euch zu qualifizieren, engagiert euch in unserer Schule und schon k\u00f6nnt ihr mit uns zwischen den westfriesischen Inseln umhersegeln.<\/span><\/p>\n<p style=\"margin: 0cm; margin-bottom: .0001pt; min-height: 19.1px; caret-color: #000000;\"><span style=\"font-size: 13.5pt; color: black;\">\u00a0<\/span><\/p>\n<p style=\"margin: 0cm 0cm 0.0001pt;\"><span style=\"color: #000000;\"><span style=\"caret-color: #000000;\">Der Termin f\u00fcr die Segelfreizeit 2026 wird noch bekannt gegeben. <\/span><\/span><\/p>\n<\/div><\/section><\/div>\n<style type=\"text\/css\" data-created_by=\"avia_inline_auto\" id=\"style-css-av-4oxkio-2fc124c9889b9d1a1fab996419df282a\">\n.flex_column.av-4oxkio-2fc124c9889b9d1a1fab996419df282a{\n-webkit-border-radius:0px 0px 0px 0px;\n-moz-border-radius:0px 0px 0px 0px;\nborder-radius:0px 0px 0px 0px;\npadding:0px 0px 0px 0px;\n}\n<\/style>\n<div  class='flex_column av-4oxkio-2fc124c9889b9d1a1fab996419df282a av_one_third  avia-builder-el-4  el_after_av_two_third  avia-builder-el-last  flex_column_div av-zero-column-padding  column-top-margin'     ><style type=\"text\/css\" data-created_by=\"avia_inline_auto\" id=\"style-css-av-39bi34-09925998d07a8d2c75fd6a3c6889f9c7\">\n#top .avia-gallery.av-39bi34-09925998d07a8d2c75fd6a3c6889f9c7 .avia-gallery-thumb a{\nwidth:20%;\n}\n<\/style>\n<div  class='avia-gallery av-39bi34-09925998d07a8d2c75fd6a3c6889f9c7 avia_animate_when_visible  avia-builder-el-5  avia-builder-el-no-sibling  avia_lazyload av-slideshow-ui av-loop-manual-endless av-control-hidden av-navigate-arrows hover-effect av-control-hidden avia-gallery-animate avia-gallery-1'  itemprop=\"image\" itemscope=\"itemscope\" itemtype=\"https:\/\/schema.org\/ImageObject\" ><meta itemprop=\"contentURL\" content=\"https:\/\/cborsplus.de\/HP2020\/segelfreizeit-2022\/\"><a class='avia-gallery-big fakeLightbox lightbox avia-gallery-big-crop-thumb ' href=\"https:\/\/cborsplus.de\/HP2020\/wp-content\/uploads\/2021\/09\/segeln1.jpg\" data-srcset=\"https:\/\/cborsplus.de\/HP2020\/wp-content\/uploads\/2021\/09\/segeln1.jpg 350w, https:\/\/cborsplus.de\/HP2020\/wp-content\/uploads\/2021\/09\/segeln1-300x214.jpg 300w, https:\/\/cborsplus.de\/HP2020\/wp-content\/uploads\/2021\/09\/segeln1-260x185.jpg 260w\" data-sizes=\"(max-width: 350px) 100vw, 350px\"  data-onclick='1' title='segeln1' ><span class='avia-gallery-big-inner'  itemprop=\"thumbnailUrl\" ><img decoding=\"async\" class=\"wp-image-1729 avia-img-lazy-loading-not-1729\"  width=\"350\" height=\"250\" src=\"https:\/\/cborsplus.de\/HP2020\/wp-content\/uploads\/2021\/09\/segeln1.jpg\" title='segeln1' alt='' srcset=\"https:\/\/cborsplus.de\/HP2020\/wp-content\/uploads\/2021\/09\/segeln1.jpg 350w, https:\/\/cborsplus.de\/HP2020\/wp-content\/uploads\/2021\/09\/segeln1-300x214.jpg 300w, https:\/\/cborsplus.de\/HP2020\/wp-content\/uploads\/2021\/09\/segeln1-260x185.jpg 260w\" sizes=\"(max-width: 350px) 100vw, 350px\" \/><\/span><\/a><div class='avia-gallery-thumb'><a href=\"https:\/\/cborsplus.de\/HP2020\/wp-content\/uploads\/2021\/09\/segeln1.jpg\" data-srcset=\"https:\/\/cborsplus.de\/HP2020\/wp-content\/uploads\/2021\/09\/segeln1.jpg 350w, https:\/\/cborsplus.de\/HP2020\/wp-content\/uploads\/2021\/09\/segeln1-300x214.jpg 300w, https:\/\/cborsplus.de\/HP2020\/wp-content\/uploads\/2021\/09\/segeln1-260x185.jpg 260w\" data-sizes=\"(max-width: 350px) 100vw, 350px\" data-rel='gallery-1' data-prev-img='https:\/\/cborsplus.de\/HP2020\/wp-content\/uploads\/2021\/09\/segeln1.jpg' class='first_thumb lightbox ' data-onclick='1' title='segeln1'  itemprop=\"thumbnailUrl\"  ><img decoding=\"async\" class=\"wp-image-1729 avia-img-lazy-loading-not-1729\"   src=\"https:\/\/cborsplus.de\/HP2020\/wp-content\/uploads\/2021\/09\/segeln1.jpg\" width=\"350\" height=\"250\"  title='segeln1' alt='' srcset=\"https:\/\/cborsplus.de\/HP2020\/wp-content\/uploads\/2021\/09\/segeln1.jpg 350w, https:\/\/cborsplus.de\/HP2020\/wp-content\/uploads\/2021\/09\/segeln1-300x214.jpg 300w, https:\/\/cborsplus.de\/HP2020\/wp-content\/uploads\/2021\/09\/segeln1-260x185.jpg 260w\" sizes=\"(max-width: 350px) 100vw, 350px\" \/><div class='big-prev-fake'><img loading=\"lazy\" decoding=\"async\" class=\"wp-image-1729 avia-img-lazy-loading-1729\"  width=\"350\" height=\"250\" src=\"https:\/\/cborsplus.de\/HP2020\/wp-content\/uploads\/2021\/09\/segeln1.jpg\" title='segeln1' alt='' srcset=\"https:\/\/cborsplus.de\/HP2020\/wp-content\/uploads\/2021\/09\/segeln1.jpg 350w, https:\/\/cborsplus.de\/HP2020\/wp-content\/uploads\/2021\/09\/segeln1-300x214.jpg 300w, https:\/\/cborsplus.de\/HP2020\/wp-content\/uploads\/2021\/09\/segeln1-260x185.jpg 260w\" sizes=\"auto, (max-width: 350px) 100vw, 350px\" \/><\/div><\/a><a href=\"https:\/\/cborsplus.de\/HP2020\/wp-content\/uploads\/2021\/09\/segeln2.jpg\" data-srcset=\"https:\/\/cborsplus.de\/HP2020\/wp-content\/uploads\/2021\/09\/segeln2.jpg 438w, https:\/\/cborsplus.de\/HP2020\/wp-content\/uploads\/2021\/09\/segeln2-225x300.jpg 225w\" data-sizes=\"(max-width: 438px) 100vw, 438px\" data-rel='gallery-1' data-prev-img='https:\/\/cborsplus.de\/HP2020\/wp-content\/uploads\/2021\/09\/segeln2-438x400.jpg' class='lightbox ' data-onclick='2' title='segeln2'  itemprop=\"thumbnailUrl\"  ><img decoding=\"async\" class=\"wp-image-1730 avia-img-lazy-loading-not-1730\"   src=\"https:\/\/cborsplus.de\/HP2020\/wp-content\/uploads\/2021\/09\/segeln2-438x400.jpg\" width=\"438\" height=\"400\"  title='segeln2' alt='' \/><div class='big-prev-fake'><img loading=\"lazy\" decoding=\"async\" class=\"wp-image-1730 avia-img-lazy-loading-1730\"  width=\"438\" height=\"400\" src=\"https:\/\/cborsplus.de\/HP2020\/wp-content\/uploads\/2021\/09\/segeln2-438x400.jpg\" title='segeln2' alt='' \/><\/div><\/a><a href=\"https:\/\/cborsplus.de\/HP2020\/wp-content\/uploads\/2023\/06\/IMG_6131-1030x773.jpg\" data-srcset=\"https:\/\/cborsplus.de\/HP2020\/wp-content\/uploads\/2023\/06\/IMG_6131-1030x773.jpg 1030w, https:\/\/cborsplus.de\/HP2020\/wp-content\/uploads\/2023\/06\/IMG_6131-300x225.jpg 300w, https:\/\/cborsplus.de\/HP2020\/wp-content\/uploads\/2023\/06\/IMG_6131-768x576.jpg 768w, https:\/\/cborsplus.de\/HP2020\/wp-content\/uploads\/2023\/06\/IMG_6131-1536x1152.jpg 1536w, https:\/\/cborsplus.de\/HP2020\/wp-content\/uploads\/2023\/06\/IMG_6131-2048x1536.jpg 2048w, https:\/\/cborsplus.de\/HP2020\/wp-content\/uploads\/2023\/06\/IMG_6131-1500x1125.jpg 1500w, https:\/\/cborsplus.de\/HP2020\/wp-content\/uploads\/2023\/06\/IMG_6131-705x529.jpg 705w\" data-sizes=\"(max-width: 1030px) 100vw, 1030px\" data-rel='gallery-1' data-prev-img='https:\/\/cborsplus.de\/HP2020\/wp-content\/uploads\/2023\/06\/IMG_6131-495x400.jpg' class='lightbox ' data-onclick='3' title='IMG_6131'  itemprop=\"thumbnailUrl\"  ><img decoding=\"async\" class=\"wp-image-2209 avia-img-lazy-loading-not-2209\"   src=\"https:\/\/cborsplus.de\/HP2020\/wp-content\/uploads\/2023\/06\/IMG_6131-495x400.jpg\" width=\"495\" height=\"400\"  title='IMG_6131' alt='' srcset=\"https:\/\/cborsplus.de\/HP2020\/wp-content\/uploads\/2023\/06\/IMG_6131-495x400.jpg 495w, https:\/\/cborsplus.de\/HP2020\/wp-content\/uploads\/2023\/06\/IMG_6131-845x684.jpg 845w\" sizes=\"(max-width: 495px) 100vw, 495px\" \/><div class='big-prev-fake'><img loading=\"lazy\" decoding=\"async\" class=\"wp-image-2209 avia-img-lazy-loading-2209\"  width=\"495\" height=\"400\" src=\"https:\/\/cborsplus.de\/HP2020\/wp-content\/uploads\/2023\/06\/IMG_6131-495x400.jpg\" title='IMG_6131' alt='' srcset=\"https:\/\/cborsplus.de\/HP2020\/wp-content\/uploads\/2023\/06\/IMG_6131-495x400.jpg 495w, https:\/\/cborsplus.de\/HP2020\/wp-content\/uploads\/2023\/06\/IMG_6131-845x684.jpg 845w\" sizes=\"auto, (max-width: 495px) 100vw, 495px\" \/><\/div><\/a><a href=\"https:\/\/cborsplus.de\/HP2020\/wp-content\/uploads\/2023\/06\/IMG_6339-773x1030.jpg\" data-srcset=\"https:\/\/cborsplus.de\/HP2020\/wp-content\/uploads\/2023\/06\/IMG_6339-773x1030.jpg 773w, https:\/\/cborsplus.de\/HP2020\/wp-content\/uploads\/2023\/06\/IMG_6339-225x300.jpg 225w, https:\/\/cborsplus.de\/HP2020\/wp-content\/uploads\/2023\/06\/IMG_6339-768x1024.jpg 768w, https:\/\/cborsplus.de\/HP2020\/wp-content\/uploads\/2023\/06\/IMG_6339-1152x1536.jpg 1152w, https:\/\/cborsplus.de\/HP2020\/wp-content\/uploads\/2023\/06\/IMG_6339-1536x2048.jpg 1536w, https:\/\/cborsplus.de\/HP2020\/wp-content\/uploads\/2023\/06\/IMG_6339-1125x1500.jpg 1125w, https:\/\/cborsplus.de\/HP2020\/wp-content\/uploads\/2023\/06\/IMG_6339-529x705.jpg 529w, https:\/\/cborsplus.de\/HP2020\/wp-content\/uploads\/2023\/06\/IMG_6339-scaled.jpg 1920w\" data-sizes=\"(max-width: 773px) 100vw, 773px\" data-rel='gallery-1' data-prev-img='https:\/\/cborsplus.de\/HP2020\/wp-content\/uploads\/2023\/06\/IMG_6339-495x400.jpg' class='lightbox ' data-onclick='4' title='IMG_6339'  itemprop=\"thumbnailUrl\"  ><img decoding=\"async\" class=\"wp-image-2208 avia-img-lazy-loading-not-2208\"   src=\"https:\/\/cborsplus.de\/HP2020\/wp-content\/uploads\/2023\/06\/IMG_6339-495x400.jpg\" width=\"495\" height=\"400\"  title='IMG_6339' alt='' srcset=\"https:\/\/cborsplus.de\/HP2020\/wp-content\/uploads\/2023\/06\/IMG_6339-495x400.jpg 495w, https:\/\/cborsplus.de\/HP2020\/wp-content\/uploads\/2023\/06\/IMG_6339-845x684.jpg 845w\" sizes=\"(max-width: 495px) 100vw, 495px\" \/><div class='big-prev-fake'><img loading=\"lazy\" decoding=\"async\" class=\"wp-image-2208 avia-img-lazy-loading-2208\"  width=\"495\" height=\"400\" src=\"https:\/\/cborsplus.de\/HP2020\/wp-content\/uploads\/2023\/06\/IMG_6339-495x400.jpg\" title='IMG_6339' alt='' srcset=\"https:\/\/cborsplus.de\/HP2020\/wp-content\/uploads\/2023\/06\/IMG_6339-495x400.jpg 495w, https:\/\/cborsplus.de\/HP2020\/wp-content\/uploads\/2023\/06\/IMG_6339-845x684.jpg 845w\" sizes=\"auto, (max-width: 495px) 100vw, 495px\" \/><\/div><\/a><a href=\"https:\/\/cborsplus.de\/HP2020\/wp-content\/uploads\/2023\/06\/IMG_6462-773x1030.jpg\" data-srcset=\"https:\/\/cborsplus.de\/HP2020\/wp-content\/uploads\/2023\/06\/IMG_6462-773x1030.jpg 773w, https:\/\/cborsplus.de\/HP2020\/wp-content\/uploads\/2023\/06\/IMG_6462-225x300.jpg 225w, https:\/\/cborsplus.de\/HP2020\/wp-content\/uploads\/2023\/06\/IMG_6462-768x1024.jpg 768w, https:\/\/cborsplus.de\/HP2020\/wp-content\/uploads\/2023\/06\/IMG_6462-1152x1536.jpg 1152w, https:\/\/cborsplus.de\/HP2020\/wp-content\/uploads\/2023\/06\/IMG_6462-1536x2048.jpg 1536w, https:\/\/cborsplus.de\/HP2020\/wp-content\/uploads\/2023\/06\/IMG_6462-1125x1500.jpg 1125w, https:\/\/cborsplus.de\/HP2020\/wp-content\/uploads\/2023\/06\/IMG_6462-529x705.jpg 529w, https:\/\/cborsplus.de\/HP2020\/wp-content\/uploads\/2023\/06\/IMG_6462-scaled.jpg 1920w\" data-sizes=\"(max-width: 773px) 100vw, 773px\" data-rel='gallery-1' data-prev-img='https:\/\/cborsplus.de\/HP2020\/wp-content\/uploads\/2023\/06\/IMG_6462-495x400.jpg' class='lightbox ' data-onclick='5' title='IMG_6462'  itemprop=\"thumbnailUrl\"  ><img decoding=\"async\" class=\"wp-image-2207 avia-img-lazy-loading-not-2207\"   src=\"https:\/\/cborsplus.de\/HP2020\/wp-content\/uploads\/2023\/06\/IMG_6462-495x400.jpg\" width=\"495\" height=\"400\"  title='IMG_6462' alt='' srcset=\"https:\/\/cborsplus.de\/HP2020\/wp-content\/uploads\/2023\/06\/IMG_6462-495x400.jpg 495w, https:\/\/cborsplus.de\/HP2020\/wp-content\/uploads\/2023\/06\/IMG_6462-845x684.jpg 845w\" sizes=\"(max-width: 495px) 100vw, 495px\" \/><div class='big-prev-fake'><img loading=\"lazy\" decoding=\"async\" class=\"wp-image-2207 avia-img-lazy-loading-2207\"  width=\"495\" height=\"400\" src=\"https:\/\/cborsplus.de\/HP2020\/wp-content\/uploads\/2023\/06\/IMG_6462-495x400.jpg\" title='IMG_6462' alt='' srcset=\"https:\/\/cborsplus.de\/HP2020\/wp-content\/uploads\/2023\/06\/IMG_6462-495x400.jpg 495w, https:\/\/cborsplus.de\/HP2020\/wp-content\/uploads\/2023\/06\/IMG_6462-845x684.jpg 845w\" sizes=\"auto, (max-width: 495px) 100vw, 495px\" \/><\/div><\/a><a href=\"https:\/\/cborsplus.de\/HP2020\/wp-content\/uploads\/2023\/06\/IMG_6512-773x1030.jpg\" data-srcset=\"https:\/\/cborsplus.de\/HP2020\/wp-content\/uploads\/2023\/06\/IMG_6512-773x1030.jpg 773w, https:\/\/cborsplus.de\/HP2020\/wp-content\/uploads\/2023\/06\/IMG_6512-225x300.jpg 225w, https:\/\/cborsplus.de\/HP2020\/wp-content\/uploads\/2023\/06\/IMG_6512-768x1024.jpg 768w, https:\/\/cborsplus.de\/HP2020\/wp-content\/uploads\/2023\/06\/IMG_6512-1152x1536.jpg 1152w, https:\/\/cborsplus.de\/HP2020\/wp-content\/uploads\/2023\/06\/IMG_6512-1536x2048.jpg 1536w, https:\/\/cborsplus.de\/HP2020\/wp-content\/uploads\/2023\/06\/IMG_6512-1125x1500.jpg 1125w, https:\/\/cborsplus.de\/HP2020\/wp-content\/uploads\/2023\/06\/IMG_6512-529x705.jpg 529w, https:\/\/cborsplus.de\/HP2020\/wp-content\/uploads\/2023\/06\/IMG_6512-scaled.jpg 1920w\" data-sizes=\"(max-width: 773px) 100vw, 773px\" data-rel='gallery-1' data-prev-img='https:\/\/cborsplus.de\/HP2020\/wp-content\/uploads\/2023\/06\/IMG_6512-495x400.jpg' class='first_thumb lightbox ' data-onclick='6' title='IMG_6512'  itemprop=\"thumbnailUrl\"  ><img decoding=\"async\" class=\"wp-image-2206 avia-img-lazy-loading-not-2206\"   src=\"https:\/\/cborsplus.de\/HP2020\/wp-content\/uploads\/2023\/06\/IMG_6512-495x400.jpg\" width=\"495\" height=\"400\"  title='IMG_6512' alt='' srcset=\"https:\/\/cborsplus.de\/HP2020\/wp-content\/uploads\/2023\/06\/IMG_6512-495x400.jpg 495w, https:\/\/cborsplus.de\/HP2020\/wp-content\/uploads\/2023\/06\/IMG_6512-845x684.jpg 845w\" sizes=\"(max-width: 495px) 100vw, 495px\" \/><div class='big-prev-fake'><img loading=\"lazy\" decoding=\"async\" class=\"wp-image-2206 avia-img-lazy-loading-2206\"  width=\"495\" height=\"400\" src=\"https:\/\/cborsplus.de\/HP2020\/wp-content\/uploads\/2023\/06\/IMG_6512-495x400.jpg\" title='IMG_6512' alt='' srcset=\"https:\/\/cborsplus.de\/HP2020\/wp-content\/uploads\/2023\/06\/IMG_6512-495x400.jpg 495w, https:\/\/cborsplus.de\/HP2020\/wp-content\/uploads\/2023\/06\/IMG_6512-845x684.jpg 845w\" sizes=\"auto, (max-width: 495px) 100vw, 495px\" \/><\/div><\/a><a href=\"https:\/\/cborsplus.de\/HP2020\/wp-content\/uploads\/2023\/06\/IMG_6555-773x1030.jpg\" data-srcset=\"https:\/\/cborsplus.de\/HP2020\/wp-content\/uploads\/2023\/06\/IMG_6555-773x1030.jpg 773w, https:\/\/cborsplus.de\/HP2020\/wp-content\/uploads\/2023\/06\/IMG_6555-225x300.jpg 225w, https:\/\/cborsplus.de\/HP2020\/wp-content\/uploads\/2023\/06\/IMG_6555-768x1024.jpg 768w, https:\/\/cborsplus.de\/HP2020\/wp-content\/uploads\/2023\/06\/IMG_6555-1152x1536.jpg 1152w, https:\/\/cborsplus.de\/HP2020\/wp-content\/uploads\/2023\/06\/IMG_6555-1536x2048.jpg 1536w, https:\/\/cborsplus.de\/HP2020\/wp-content\/uploads\/2023\/06\/IMG_6555-1125x1500.jpg 1125w, https:\/\/cborsplus.de\/HP2020\/wp-content\/uploads\/2023\/06\/IMG_6555-529x705.jpg 529w, https:\/\/cborsplus.de\/HP2020\/wp-content\/uploads\/2023\/06\/IMG_6555-scaled.jpg 1920w\" data-sizes=\"(max-width: 773px) 100vw, 773px\" data-rel='gallery-1' data-prev-img='https:\/\/cborsplus.de\/HP2020\/wp-content\/uploads\/2023\/06\/IMG_6555-495x400.jpg' class='lightbox ' data-onclick='7' title='IMG_6555'  itemprop=\"thumbnailUrl\"  ><img decoding=\"async\" class=\"wp-image-2204 avia-img-lazy-loading-not-2204\"   src=\"https:\/\/cborsplus.de\/HP2020\/wp-content\/uploads\/2023\/06\/IMG_6555-495x400.jpg\" width=\"495\" height=\"400\"  title='IMG_6555' alt='' srcset=\"https:\/\/cborsplus.de\/HP2020\/wp-content\/uploads\/2023\/06\/IMG_6555-495x400.jpg 495w, https:\/\/cborsplus.de\/HP2020\/wp-content\/uploads\/2023\/06\/IMG_6555-845x684.jpg 845w\" sizes=\"(max-width: 495px) 100vw, 495px\" \/><div class='big-prev-fake'><img loading=\"lazy\" decoding=\"async\" class=\"wp-image-2204 avia-img-lazy-loading-2204\"  width=\"495\" height=\"400\" src=\"https:\/\/cborsplus.de\/HP2020\/wp-content\/uploads\/2023\/06\/IMG_6555-495x400.jpg\" title='IMG_6555' alt='' srcset=\"https:\/\/cborsplus.de\/HP2020\/wp-content\/uploads\/2023\/06\/IMG_6555-495x400.jpg 495w, https:\/\/cborsplus.de\/HP2020\/wp-content\/uploads\/2023\/06\/IMG_6555-845x684.jpg 845w\" sizes=\"auto, (max-width: 495px) 100vw, 495px\" \/><\/div><\/a><\/div><\/div><\/div><\/p>\n","protected":false},"excerpt":{"rendered":"","protected":false},"author":1,"featured_media":0,"parent":0,"menu_order":0,"comment_status":"closed","ping_status":"closed","template":"","meta":{"footnotes":""},"class_list":["post-1728","page","type-page","status-publish","hentry"],"_links":{"self":[{"href":"https:\/\/cborsplus.de\/HP2020\/wp-json\/wp\/v2\/pages\/1728","targetHints":{"allow":["GET"]}}],"collection":[{"href":"https:\/\/cborsplus.de\/HP2020\/wp-json\/wp\/v2\/pages"}],"about":[{"href":"https:\/\/cborsplus.de\/HP2020\/wp-json\/wp\/v2\/types\/page"}],"author":[{"embeddable":true,"href":"https:\/\/cborsplus.de\/HP2020\/wp-json\/wp\/v2\/users\/1"}],"replies":[{"embeddable":true,"href":"https:\/\/cborsplus.de\/HP2020\/wp-json\/wp\/v2\/comments?post=1728"}],"version-history":[{"count":12,"href":"https:\/\/cborsplus.de\/HP2020\/wp-json\/wp\/v2\/pages\/1728\/revisions"}],"predecessor-version":[{"id":2849,"href":"https:\/\/cborsplus.de\/HP2020\/wp-json\/wp\/v2\/pages\/1728\/revisions\/2849"}],"wp:attachment":[{"href":"https:\/\/cborsplus.de\/HP2020\/wp-json\/wp\/v2\/media?parent=1728"}],"curies":[{"name":"wp","href":"https:\/\/api.w.org\/{rel}","templated":true}]}}