{"id":1549,"date":"2021-02-04T08:35:46","date_gmt":"2021-02-04T07:35:46","guid":{"rendered":"http:\/\/cborsplus.de\/HP2020\/?page_id=1549"},"modified":"2024-09-10T10:32:24","modified_gmt":"2024-09-10T08:32:24","slug":"mint-freundliche-schule","status":"publish","type":"page","link":"https:\/\/cborsplus.de\/HP2020\/mint-freundliche-schule\/","title":{"rendered":"MINT freundliche Schule"},"content":{"rendered":"\n<style type=\"text\/css\" data-created_by=\"avia_inline_auto\" id=\"style-css-av-y6rin1-beb607c5ea90ae14160171691c040fc9\">\n.flex_column.av-y6rin1-beb607c5ea90ae14160171691c040fc9{\n-webkit-border-radius:0px 0px 0px 0px;\n-moz-border-radius:0px 0px 0px 0px;\nborder-radius:0px 0px 0px 0px;\npadding:0px 0px 0px 0px;\n}\n<\/style>\n<div  class='flex_column av-y6rin1-beb607c5ea90ae14160171691c040fc9 av_one_full  avia-builder-el-0  el_before_av_hr  avia-builder-el-first  first flex_column_div av-zero-column-padding  '     ><style type=\"text\/css\" data-created_by=\"avia_inline_auto\" id=\"style-css-av-wbu6j1-73502901f04e38d39cadc502e6a0e8b3\">\n#top .av-special-heading.av-wbu6j1-73502901f04e38d39cadc502e6a0e8b3{\npadding-bottom:10px;\nfont-size:38px;\n}\nbody .av-special-heading.av-wbu6j1-73502901f04e38d39cadc502e6a0e8b3 .av-special-heading-tag .heading-char{\nfont-size:25px;\n}\n#top #wrap_all .av-special-heading.av-wbu6j1-73502901f04e38d39cadc502e6a0e8b3 .av-special-heading-tag{\nfont-size:38px;\n}\n.av-special-heading.av-wbu6j1-73502901f04e38d39cadc502e6a0e8b3 .av-subheading{\nfont-size:15px;\n}\n\n@media only screen and (min-width: 480px) and (max-width: 767px){ \n#top #wrap_all .av-special-heading.av-wbu6j1-73502901f04e38d39cadc502e6a0e8b3 .av-special-heading-tag{\nfont-size:0.8em;\n}\n}\n\n@media only screen and (max-width: 479px){ \n#top #wrap_all .av-special-heading.av-wbu6j1-73502901f04e38d39cadc502e6a0e8b3 .av-special-heading-tag{\nfont-size:0.8em;\n}\n}\n<\/style>\n<div  class='av-special-heading av-wbu6j1-73502901f04e38d39cadc502e6a0e8b3 av-special-heading-h1 blockquote modern-quote modern-centered  avia-builder-el-1  avia-builder-el-no-sibling  av-inherit-size'><h1 class='av-special-heading-tag'  itemprop=\"headline\"  >MINT freundliche Schule<\/h1><div class=\"special-heading-border\"><div class=\"special-heading-inner-border\"><\/div><\/div><\/div><\/div>\n\n<style type=\"text\/css\" data-created_by=\"avia_inline_auto\" id=\"style-css-av-uwwjq5-65f6a503b3fa7e4fe209255146b99d7f\">\n#top .hr.av-uwwjq5-65f6a503b3fa7e4fe209255146b99d7f{\nmargin-top:30px;\nmargin-bottom:30px;\n}\n.hr.av-uwwjq5-65f6a503b3fa7e4fe209255146b99d7f .hr-inner{\nwidth:50px;\nmax-width:45%;\n}\n<\/style>\n<div  class='hr av-uwwjq5-65f6a503b3fa7e4fe209255146b99d7f hr-custom  avia-builder-el-2  el_after_av_one_full  el_before_av_one_full  hr-center hr-icon-yes'><span class='hr-inner inner-border-av-border-thin'><span class=\"hr-inner-style\"><\/span><\/span><span class='av-seperator-icon' aria-hidden='true' data-av_icon='\ue8ac' data-av_iconfont='entypo-fontello'><\/span><span class='hr-inner inner-border-av-border-thin'><span class=\"hr-inner-style\"><\/span><\/span><\/div>\n\n<style type=\"text\/css\" data-created_by=\"avia_inline_auto\" id=\"style-css-av-sb2f2l-9e6c26db8e5d38e20479e4295534c7bc\">\n.flex_column.av-sb2f2l-9e6c26db8e5d38e20479e4295534c7bc{\n-webkit-border-radius:0px 0px 0px 0px;\n-moz-border-radius:0px 0px 0px 0px;\nborder-radius:0px 0px 0px 0px;\npadding:0px 0px 0px 0px;\n}\n<\/style>\n<div  class='flex_column av-sb2f2l-9e6c26db8e5d38e20479e4295534c7bc av_one_full  avia-builder-el-3  el_after_av_hr  el_before_av_three_fourth  first flex_column_div av-animated-generic fade-in av-zero-column-padding  '     ><p>\n<style type=\"text\/css\" data-created_by=\"avia_inline_auto\" id=\"style-css-av-qyk8f1-7d5ba213121f2e64d1e73c305c1a715e\">\n#top .av-special-heading.av-qyk8f1-7d5ba213121f2e64d1e73c305c1a715e{\npadding-bottom:10px;\n}\nbody .av-special-heading.av-qyk8f1-7d5ba213121f2e64d1e73c305c1a715e .av-special-heading-tag .heading-char{\nfont-size:25px;\n}\n.av-special-heading.av-qyk8f1-7d5ba213121f2e64d1e73c305c1a715e .av-subheading{\nfont-size:15px;\n}\n<\/style>\n<div  class='av-special-heading av-qyk8f1-7d5ba213121f2e64d1e73c305c1a715e av-special-heading-h3 blockquote modern-quote modern-centered  avia-builder-el-4  el_before_av_textblock  avia-builder-el-first '><h3 class='av-special-heading-tag'  itemprop=\"headline\"  >Was bedeutet MINT???<\/h3><div class=\"special-heading-border\"><div class=\"special-heading-inner-border\"><\/div><\/div><\/div><br \/>\n<section  class='av_textblock_section av-ppo5el-783aaec9c93d48e282459fc883ae5c6f '   itemscope=\"itemscope\" itemtype=\"https:\/\/schema.org\/CreativeWork\" ><div class='avia_textblock'  itemprop=\"text\" ><p>Die Abk\u00fcrzung MINT steht f\u00fcr die F\u00e4cher\u00a0<strong>M<\/strong>athematik,\u00a0<strong>I<\/strong>nformatik,\u00a0<strong>N<\/strong>aturwissenschaften und\u00a0<strong>T<\/strong>echnik. Diese F\u00e4cher begegnen unseren Sch\u00fclerInnen t\u00e4glich, nicht nur im regul\u00e4ren Fachunterricht, sondern auch in allen m\u00f6glichen alltagsweltlichen Zusammenh\u00e4ngen. Egal ob Handy, Kleidung oder Lebensmittel \u2013 \u00fcberall ist MINT drin.<\/p>\n<p>Dar\u00fcber hinaus enthalten zahlreiche\u00a0 Berufsbilder, die von unseren AbsolventInnen bevorzugt angestrebt werden, hohe mathematisch-naturwissenschaftliche Anteile.<\/p>\n<\/div><\/section><\/p><\/div>\n\n<style type=\"text\/css\" data-created_by=\"avia_inline_auto\" id=\"style-css-av-nn66h9-37449ba4c19b9cc5e9d63748b2576e75\">\n.flex_column.av-nn66h9-37449ba4c19b9cc5e9d63748b2576e75{\n-webkit-border-radius:0px 0px 0px 0px;\n-moz-border-radius:0px 0px 0px 0px;\nborder-radius:0px 0px 0px 0px;\npadding:0px 0px 0px 0px;\n}\n<\/style>\n<div  class='flex_column av-nn66h9-37449ba4c19b9cc5e9d63748b2576e75 av_three_fourth  avia-builder-el-6  el_after_av_one_full  el_before_av_one_fourth  first flex_column_div av-animated-generic fade-in av-zero-column-padding  column-top-margin'     ><p>\n<style type=\"text\/css\" data-created_by=\"avia_inline_auto\" id=\"style-css-av-281rh9-49d154511cce2f72961a233bcf6170f6\">\n#top .av-special-heading.av-281rh9-49d154511cce2f72961a233bcf6170f6{\npadding-bottom:10px;\n}\nbody .av-special-heading.av-281rh9-49d154511cce2f72961a233bcf6170f6 .av-special-heading-tag .heading-char{\nfont-size:25px;\n}\n.av-special-heading.av-281rh9-49d154511cce2f72961a233bcf6170f6 .av-subheading{\nfont-size:15px;\n}\n<\/style>\n<div  class='av-special-heading av-281rh9-49d154511cce2f72961a233bcf6170f6 av-special-heading-h3 blockquote modern-quote modern-centered  avia-builder-el-7  el_before_av_textblock  avia-builder-el-first '><h3 class='av-special-heading-tag'  itemprop=\"headline\"  >MINT &#8211; Verantwortliche<\/h3><div class=\"special-heading-border\"><div class=\"special-heading-inner-border\"><\/div><\/div><\/div><br \/>\n<section  class='av_textblock_section av-korl8t-7599ee13164544db25d885a7a816a316 '   itemscope=\"itemscope\" itemtype=\"https:\/\/schema.org\/CreativeWork\" ><div class='avia_textblock'  itemprop=\"text\" ><ul>\n<li>Hauptkoordinatorin unserer naturwissenschaftlichen Aktivit\u00e4ten und MINT-Schwerpunkte ist <strong>Frau Durdagi<\/strong>, stellvertretende Schulleiterin im Schulleitungsteam und Fachlehrerin f\u00fcr Physik, Mathematik, Naturwissenschaften und Erdkunde.<\/li>\n<li><strong>Herr Haunschild<\/strong>,\u00a0 Schulleiter und Fachlehrer f\u00fcr WuV, der sich f\u00fcr den Ausbau der IT-Ausstattung und des Medienkonzepts der Schule einsetzt, koordiniert und betreut die MINT-Aktivit\u00e4ten in diesen Fachbereichen.<\/li>\n<li><strong>Herr Reif <\/strong>administriert und betreut als IT-Fachmann seit vielen Jahren die schulische Soft- und Hardware, leitet die AG \u201eVeranstaltungstechnik\u201c und supportet unter anderem den Schulcampus RLP als Schulcampusbetreuer unserer Schule, als Medienbeauftragter der Schule und moodle-Schulberator die Lernplattform im Schulcampus,\u00a0 ebenso ist er Landesmoderator f\u00fcr Jugendmedienschutz und E-Tutor im Bereich Informatische Bildung f\u00fcr das Land Rheinland-Pfalz.<\/li>\n<li>Die Koordinatorin f\u00fcr unsere Aktivit\u00e4ten im Bereich \u201eBerufsorientierung\u201c ist <strong>Frau Weiler. <\/strong>Sie f\u00fchrt j\u00e4hrlich das BO-Camp durch und kooperiert mit unseren au\u00dferschulischen Partnern, unter anderem der Barmer, Debeka oder der Stiftung Bethesda in Koblenz. Federf\u00fchrend korrespondiert sie mit der \u201eBundesagentur f\u00fcr Arbeit\u201c \u2013 Herr Haevescher und arbeitet eng mit dem \u201e\u00dcbergangscoach\u201c Herrn Tlili des Internationalen Bundes zusammen. Die aktuelle BO-Planung findet sich im Anhang! Sie koordiniert die Durchf\u00fchrung des Praxistages und des Girls\u00b4und Boys\u00b4Day, sowie Elterninformationsabende zur Berufsorientierung.<\/li>\n<li>Fachbereichsleiter f\u00fcr Technik und Naturwissenschaften (TuN) ist <strong>Frau H\u00fcmmerich<\/strong>, die sich mit der Durchf\u00fchrung der \u201eMofa-AG\u201c aktiv f\u00fcr die Verkn\u00fcpfung des naturwissenschaftlichen Unterrichts und der praktischen Umsetzung im technischen Bereich einsetzt.<\/li>\n<li><strong>Frau Kamp <\/strong>leitet den Fachbereich Mathematik und die \u201eZahlenjonleure\u201c, organisiert den \u201emathematischen Adventskalender\u201c und nimmt regelm\u00e4\u00dfig am \u201eK\u00e4nguru-Wettbewerb\u201c im Bereich Mathematik f\u00fcr Klasse 5.\/6. Teil. Letztes Schuljahr erzielten die Teilnehmer unserer Schule eine Platzierung!<\/li>\n<li>Koordinatorin f\u00fcr den Fachbereich Chemie ist <strong>Frau Pesch<\/strong>. Ihr liegt daran, Unterrichtsreihen im Fach Chemie zu behandeln, die die Nutzung moderner Medien unterst\u00fctzen und aus der Lebenswelt der Sch\u00fcler*innen stammen.<\/li>\n<li>Koordinatorin f\u00fcr die M\u00e4dchenf\u00f6rderung im MINT-Bereich ist <strong>Frau Theisen. <\/strong><\/li>\n<\/ul>\n<p>Die regelm\u00e4\u00dfige Durchf\u00fchrung des Boys\u00b4 und Girls` Day und des Ada-Lovelace-Projekts ist seit vielen Jahren im Konzept der Berufsorientierung in unserer Schule fest verankert. <a href=\"https:\/\/cborsplus.de\/HP2020\/?page_id=352\">https:\/\/cborsplus.de\/HP2020\/?page_id=352<\/a><\/p>\n<ul>\n<li>Herr Reif, Herr Haunschild und Frau Durdagi sind als Beauftrage im Bereich Digitalisierung unter anderem f\u00fcr die Umsetzung des Programms \u201eMedienkompetenz macht Schule\u201c zust\u00e4ndig und nehmen regelm\u00e4\u00dfig an Arbeitstagungen im Austausch mit anderen Schule und dem Tr\u00e4ger der Schule teil, sowie an Fortbildungen wie zum Beispiel \u201eErste Schritte mit dem iPad\u201c im September 2020.<\/li>\n<\/ul>\n<\/div><\/section><\/p><\/div>\n<style type=\"text\/css\" data-created_by=\"avia_inline_auto\" id=\"style-css-av-jokndp-213c5a392722b734cbe15edfac7340a6\">\n.flex_column.av-jokndp-213c5a392722b734cbe15edfac7340a6{\n-webkit-border-radius:0px 0px 0px 0px;\n-moz-border-radius:0px 0px 0px 0px;\nborder-radius:0px 0px 0px 0px;\npadding:0px 0px 0px 0px;\n}\n<\/style>\n<div  class='flex_column av-jokndp-213c5a392722b734cbe15edfac7340a6 av_one_fourth  avia-builder-el-9  el_after_av_three_fourth  avia-builder-el-last  flex_column_div av-animated-generic fade-in av-zero-column-padding  column-top-margin'     ><p>\n<style type=\"text\/css\" data-created_by=\"avia_inline_auto\" id=\"style-css-av-huw3x9-bd02793570c4b88dc049bcf538f4eaa7\">\n#top .av-special-heading.av-huw3x9-bd02793570c4b88dc049bcf538f4eaa7{\npadding-bottom:10px;\ncolor:#af0000;\n}\nbody .av-special-heading.av-huw3x9-bd02793570c4b88dc049bcf538f4eaa7 .av-special-heading-tag .heading-char{\nfont-size:25px;\n}\n.av-special-heading.av-huw3x9-bd02793570c4b88dc049bcf538f4eaa7 .special-heading-inner-border{\nborder-color:#af0000;\n}\n.av-special-heading.av-huw3x9-bd02793570c4b88dc049bcf538f4eaa7 .av-subheading{\nfont-size:15px;\n}\n<\/style>\n<div  class='av-special-heading av-huw3x9-bd02793570c4b88dc049bcf538f4eaa7 av-special-heading-h3 custom-color-heading blockquote modern-quote modern-centered  avia-builder-el-10  el_before_av_image  avia-builder-el-first '><h3 class='av-special-heading-tag'  itemprop=\"headline\"  >Clemi goes Digital<\/h3><div class=\"special-heading-border\"><div class=\"special-heading-inner-border\"><\/div><\/div><\/div><br \/>\n\n<style type=\"text\/css\" data-created_by=\"avia_inline_auto\" id=\"style-css-av-gffm3x-9ee10088b0027b0228c0c88724640bcb\">\n.avia-image-container.av-gffm3x-9ee10088b0027b0228c0c88724640bcb img.avia_image{\nbox-shadow:none;\n}\n.avia-image-container.av-gffm3x-9ee10088b0027b0228c0c88724640bcb .av-image-caption-overlay-center{\ncolor:#ffffff;\n}\n<\/style>\n<div  class='avia-image-container av-gffm3x-9ee10088b0027b0228c0c88724640bcb av-styling-no-styling av-hover-grow avia_animated_image av-animated-when-visible-95 fade-in avia-align-center  avia-builder-el-11  el_after_av_heading  el_before_av_heading '   itemprop=\"image\" itemscope=\"itemscope\" itemtype=\"https:\/\/schema.org\/ImageObject\" ><div class=\"avia-image-container-inner\"><div class=\"avia-image-overlay-wrap\"><a href=\"https:\/\/cborsplus.de\/HP2020\/clemi-goes-digital\/\" class='avia_image' ><img decoding=\"async\" class='wp-image-1553 avia-img-lazy-loading-not-1553 avia_image ' src=\"https:\/\/cborsplus.de\/HP2020\/wp-content\/uploads\/2021\/02\/IMG_9710-300x225.jpg\" alt='' title='IMG_9710'  height=\"225\" width=\"300\"  itemprop=\"thumbnailUrl\" srcset=\"https:\/\/cborsplus.de\/HP2020\/wp-content\/uploads\/2021\/02\/IMG_9710-300x225.jpg 300w, https:\/\/cborsplus.de\/HP2020\/wp-content\/uploads\/2021\/02\/IMG_9710-1030x773.jpg 1030w, https:\/\/cborsplus.de\/HP2020\/wp-content\/uploads\/2021\/02\/IMG_9710-768x576.jpg 768w, https:\/\/cborsplus.de\/HP2020\/wp-content\/uploads\/2021\/02\/IMG_9710-1536x1152.jpg 1536w, https:\/\/cborsplus.de\/HP2020\/wp-content\/uploads\/2021\/02\/IMG_9710-2048x1536.jpg 2048w, https:\/\/cborsplus.de\/HP2020\/wp-content\/uploads\/2021\/02\/IMG_9710-1500x1125.jpg 1500w, https:\/\/cborsplus.de\/HP2020\/wp-content\/uploads\/2021\/02\/IMG_9710-705x529.jpg 705w, https:\/\/cborsplus.de\/HP2020\/wp-content\/uploads\/2021\/02\/IMG_9710-450x338.jpg 450w\" sizes=\"(max-width: 300px) 100vw, 300px\" \/><\/a><\/div><\/div><\/div><br \/>\n\n<style type=\"text\/css\" data-created_by=\"avia_inline_auto\" id=\"style-css-av-ek57bh-3a5866c6f64d65462d2a4cd1c2ae5c72\">\n#top .av-special-heading.av-ek57bh-3a5866c6f64d65462d2a4cd1c2ae5c72{\npadding-bottom:10px;\ncolor:#af0000;\n}\nbody .av-special-heading.av-ek57bh-3a5866c6f64d65462d2a4cd1c2ae5c72 .av-special-heading-tag .heading-char{\nfont-size:25px;\n}\n.av-special-heading.av-ek57bh-3a5866c6f64d65462d2a4cd1c2ae5c72 .special-heading-inner-border{\nborder-color:#af0000;\n}\n.av-special-heading.av-ek57bh-3a5866c6f64d65462d2a4cd1c2ae5c72 .av-subheading{\nfont-size:15px;\n}\n<\/style>\n<div  class='av-special-heading av-ek57bh-3a5866c6f64d65462d2a4cd1c2ae5c72 av-special-heading-h3 custom-color-heading blockquote modern-quote modern-centered  avia-builder-el-12  el_after_av_image  el_before_av_image '><h3 class='av-special-heading-tag'  itemprop=\"headline\"  >MINT Jahresplanung<\/h3><div class=\"special-heading-border\"><div class=\"special-heading-inner-border\"><\/div><\/div><\/div><br \/>\n\n<style type=\"text\/css\" data-created_by=\"avia_inline_auto\" id=\"style-css-av-czeld9-0cbe71eb30a064f95ca9f87e6bafafdc\">\n.avia-image-container.av-czeld9-0cbe71eb30a064f95ca9f87e6bafafdc img.avia_image{\nbox-shadow:none;\n}\n.avia-image-container.av-czeld9-0cbe71eb30a064f95ca9f87e6bafafdc .av-image-caption-overlay-center{\ncolor:#ffffff;\n}\n<\/style>\n<div  class='avia-image-container av-czeld9-0cbe71eb30a064f95ca9f87e6bafafdc av-styling-no-styling av-hover-grow avia_animated_image av-animated-when-visible-95 fade-in avia-align-center  avia-builder-el-13  el_after_av_heading  el_before_av_heading '   itemprop=\"image\" itemscope=\"itemscope\" itemtype=\"https:\/\/schema.org\/ImageObject\" ><div class=\"avia-image-container-inner\"><div class=\"avia-image-overlay-wrap\"><a href=\"https:\/\/cborsplus.de\/HP2020\/mint-jahresplanung\/\" class='avia_image' ><img decoding=\"async\" class='wp-image-1572 avia-img-lazy-loading-not-1572 avia_image ' src=\"https:\/\/cborsplus.de\/HP2020\/wp-content\/uploads\/2021\/02\/calendar-1990453_1920-300x200.jpg\" alt='' title='calendar-1990453_1920'  height=\"200\" width=\"300\"  itemprop=\"thumbnailUrl\" srcset=\"https:\/\/cborsplus.de\/HP2020\/wp-content\/uploads\/2021\/02\/calendar-1990453_1920-300x200.jpg 300w, https:\/\/cborsplus.de\/HP2020\/wp-content\/uploads\/2021\/02\/calendar-1990453_1920-1030x687.jpg 1030w, https:\/\/cborsplus.de\/HP2020\/wp-content\/uploads\/2021\/02\/calendar-1990453_1920-768x512.jpg 768w, https:\/\/cborsplus.de\/HP2020\/wp-content\/uploads\/2021\/02\/calendar-1990453_1920-1536x1024.jpg 1536w, https:\/\/cborsplus.de\/HP2020\/wp-content\/uploads\/2021\/02\/calendar-1990453_1920-1500x1000.jpg 1500w, https:\/\/cborsplus.de\/HP2020\/wp-content\/uploads\/2021\/02\/calendar-1990453_1920-705x470.jpg 705w, https:\/\/cborsplus.de\/HP2020\/wp-content\/uploads\/2021\/02\/calendar-1990453_1920-450x300.jpg 450w, https:\/\/cborsplus.de\/HP2020\/wp-content\/uploads\/2021\/02\/calendar-1990453_1920.jpg 1920w\" sizes=\"(max-width: 300px) 100vw, 300px\" \/><\/a><\/div><\/div><\/div><br \/>\n\n<style type=\"text\/css\" data-created_by=\"avia_inline_auto\" id=\"style-css-av-aiikr1-240570da7a17e88ad5b9bd20b649addc\">\n#top .av-special-heading.av-aiikr1-240570da7a17e88ad5b9bd20b649addc{\npadding-bottom:10px;\ncolor:#af0000;\n}\nbody .av-special-heading.av-aiikr1-240570da7a17e88ad5b9bd20b649addc .av-special-heading-tag .heading-char{\nfont-size:25px;\n}\n.av-special-heading.av-aiikr1-240570da7a17e88ad5b9bd20b649addc .special-heading-inner-border{\nborder-color:#af0000;\n}\n.av-special-heading.av-aiikr1-240570da7a17e88ad5b9bd20b649addc .av-subheading{\nfont-size:15px;\n}\n<\/style>\n<div  class='av-special-heading av-aiikr1-240570da7a17e88ad5b9bd20b649addc av-special-heading-h3 custom-color-heading blockquote modern-quote modern-centered  avia-builder-el-14  el_after_av_image  el_before_av_image '><h3 class='av-special-heading-tag'  itemprop=\"headline\"  >WpF &#8211; Robotik<\/h3><div class=\"special-heading-border\"><div class=\"special-heading-inner-border\"><\/div><\/div><\/div><br \/>\n\n<style type=\"text\/css\" data-created_by=\"avia_inline_auto\" id=\"style-css-av-90g7b1-ed2c6c8768e682ecc8d92a40f0252ee3\">\n.avia-image-container.av-90g7b1-ed2c6c8768e682ecc8d92a40f0252ee3 img.avia_image{\nbox-shadow:none;\n}\n.avia-image-container.av-90g7b1-ed2c6c8768e682ecc8d92a40f0252ee3 .av-image-caption-overlay-center{\ncolor:#ffffff;\n}\n<\/style>\n<div  class='avia-image-container av-90g7b1-ed2c6c8768e682ecc8d92a40f0252ee3 av-styling-no-styling av-hover-grow avia_animated_image av-animated-when-visible-95 fade-in avia-align-center  avia-builder-el-15  el_after_av_heading  el_before_av_heading '   itemprop=\"image\" itemscope=\"itemscope\" itemtype=\"https:\/\/schema.org\/ImageObject\" ><div class=\"avia-image-container-inner\"><div class=\"avia-image-overlay-wrap\"><a href=\"https:\/\/cborsplus.de\/HP2020\/wpf-robotik\/\" class='avia_image' ><img decoding=\"async\" class='wp-image-1594 avia-img-lazy-loading-not-1594 avia_image ' src=\"https:\/\/cborsplus.de\/HP2020\/wp-content\/uploads\/2021\/02\/Robotik.jpg\" alt='' title='Robotik'  height=\"277\" width=\"220\"  itemprop=\"thumbnailUrl\"  \/><\/a><\/div><\/div><\/div><br \/>\n\n<style type=\"text\/css\" data-created_by=\"avia_inline_auto\" id=\"style-css-av-6tjesd-2cb0f7ee408927aa3a6f927d0ec92a58\">\n#top .av-special-heading.av-6tjesd-2cb0f7ee408927aa3a6f927d0ec92a58{\npadding-bottom:10px;\ncolor:#af0000;\n}\nbody .av-special-heading.av-6tjesd-2cb0f7ee408927aa3a6f927d0ec92a58 .av-special-heading-tag .heading-char{\nfont-size:25px;\n}\n.av-special-heading.av-6tjesd-2cb0f7ee408927aa3a6f927d0ec92a58 .special-heading-inner-border{\nborder-color:#af0000;\n}\n.av-special-heading.av-6tjesd-2cb0f7ee408927aa3a6f927d0ec92a58 .av-subheading{\nfont-size:15px;\n}\n<\/style>\n<div  class='av-special-heading av-6tjesd-2cb0f7ee408927aa3a6f927d0ec92a58 av-special-heading-h3 custom-color-heading blockquote modern-quote modern-centered  avia-builder-el-16  el_after_av_image  el_before_av_image '><h3 class='av-special-heading-tag'  itemprop=\"headline\"  >Jugend forscht!<\/h3><div class=\"special-heading-border\"><div class=\"special-heading-inner-border\"><\/div><\/div><\/div><br \/>\n\n<style type=\"text\/css\" data-created_by=\"avia_inline_auto\" id=\"style-css-av-5gbxn1-539cb9653a88b94b95517170073822dc\">\n.avia-image-container.av-5gbxn1-539cb9653a88b94b95517170073822dc img.avia_image{\nbox-shadow:none;\n}\n.avia-image-container.av-5gbxn1-539cb9653a88b94b95517170073822dc .av-image-caption-overlay-center{\ncolor:#ffffff;\n}\n<\/style>\n<div  class='avia-image-container av-5gbxn1-539cb9653a88b94b95517170073822dc av-styling-no-styling av-hover-grow avia_animated_image av-animated-when-visible-95 fade-in avia-align-center  avia-builder-el-17  el_after_av_heading  el_before_av_heading '   itemprop=\"image\" itemscope=\"itemscope\" itemtype=\"https:\/\/schema.org\/ImageObject\" ><div class=\"avia-image-container-inner\"><div class=\"avia-image-overlay-wrap\"><a href=\"https:\/\/cborsplus.de\/HP2020\/jugend-forscht\/\" class='avia_image' ><img decoding=\"async\" class='wp-image-1609 avia-img-lazy-loading-not-1609 avia_image ' src=\"https:\/\/cborsplus.de\/HP2020\/wp-content\/uploads\/2021\/02\/BILd-Peeling-300x225.jpg\" alt='' title='BILd Peeling'  height=\"225\" width=\"300\"  itemprop=\"thumbnailUrl\" srcset=\"https:\/\/cborsplus.de\/HP2020\/wp-content\/uploads\/2021\/02\/BILd-Peeling-300x225.jpg 300w, https:\/\/cborsplus.de\/HP2020\/wp-content\/uploads\/2021\/02\/BILd-Peeling-1030x773.jpg 1030w, https:\/\/cborsplus.de\/HP2020\/wp-content\/uploads\/2021\/02\/BILd-Peeling-768x576.jpg 768w, https:\/\/cborsplus.de\/HP2020\/wp-content\/uploads\/2021\/02\/BILd-Peeling-1536x1152.jpg 1536w, https:\/\/cborsplus.de\/HP2020\/wp-content\/uploads\/2021\/02\/BILd-Peeling-2048x1536.jpg 2048w, https:\/\/cborsplus.de\/HP2020\/wp-content\/uploads\/2021\/02\/BILd-Peeling-1500x1125.jpg 1500w, https:\/\/cborsplus.de\/HP2020\/wp-content\/uploads\/2021\/02\/BILd-Peeling-705x529.jpg 705w, https:\/\/cborsplus.de\/HP2020\/wp-content\/uploads\/2021\/02\/BILd-Peeling-450x338.jpg 450w\" sizes=\"(max-width: 300px) 100vw, 300px\" \/><\/a><\/div><\/div><\/div><br \/>\n\n<style type=\"text\/css\" data-created_by=\"avia_inline_auto\" id=\"style-css-av-4nwwxp-855e28b79258559d105ecc8aef292d36\">\n#top .av-special-heading.av-4nwwxp-855e28b79258559d105ecc8aef292d36{\npadding-bottom:10px;\ncolor:#af0000;\n}\nbody .av-special-heading.av-4nwwxp-855e28b79258559d105ecc8aef292d36 .av-special-heading-tag .heading-char{\nfont-size:25px;\n}\n.av-special-heading.av-4nwwxp-855e28b79258559d105ecc8aef292d36 .special-heading-inner-border{\nborder-color:#af0000;\n}\n.av-special-heading.av-4nwwxp-855e28b79258559d105ecc8aef292d36 .av-subheading{\nfont-size:15px;\n}\n<\/style>\n<div  class='av-special-heading av-4nwwxp-855e28b79258559d105ecc8aef292d36 av-special-heading-h3 custom-color-heading blockquote modern-quote modern-centered  avia-builder-el-18  el_after_av_image  el_before_av_image '><h3 class='av-special-heading-tag'  itemprop=\"headline\"  >Ada Lovelace &#8211; Projekt<\/h3><div class=\"special-heading-border\"><div class=\"special-heading-inner-border\"><\/div><\/div><\/div><br \/>\n\n<style type=\"text\/css\" data-created_by=\"avia_inline_auto\" id=\"style-css-av-32vdgt-af7574e70ca36a4a7ccd958c8f5967ae\">\n.avia-image-container.av-32vdgt-af7574e70ca36a4a7ccd958c8f5967ae img.avia_image{\nbox-shadow:none;\n}\n.avia-image-container.av-32vdgt-af7574e70ca36a4a7ccd958c8f5967ae .av-image-caption-overlay-center{\ncolor:#ffffff;\n}\n<\/style>\n<div  class='avia-image-container av-32vdgt-af7574e70ca36a4a7ccd958c8f5967ae av-styling-no-styling av-hover-grow avia_animated_image av-animated-when-visible-95 fade-in avia-align-center  avia-builder-el-19  el_after_av_heading  avia-builder-el-last '   itemprop=\"image\" itemscope=\"itemscope\" itemtype=\"https:\/\/schema.org\/ImageObject\" ><div class=\"avia-image-container-inner\"><div class=\"avia-image-overlay-wrap\"><a href=\"https:\/\/cborsplus.de\/HP2020\/ada-lovelace-projekt\/\" class='avia_image' ><img decoding=\"async\" class='wp-image-1997 avia-img-lazy-loading-not-1997 avia_image ' src=\"https:\/\/cborsplus.de\/HP2020\/wp-content\/uploads\/2023\/02\/PNG-Bild-225x300.png\" alt='' title='PNG-Bild'  height=\"300\" width=\"225\"  itemprop=\"thumbnailUrl\" srcset=\"https:\/\/cborsplus.de\/HP2020\/wp-content\/uploads\/2023\/02\/PNG-Bild-225x300.png 225w, https:\/\/cborsplus.de\/HP2020\/wp-content\/uploads\/2023\/02\/PNG-Bild-773x1030.png 773w, https:\/\/cborsplus.de\/HP2020\/wp-content\/uploads\/2023\/02\/PNG-Bild-768x1023.png 768w, https:\/\/cborsplus.de\/HP2020\/wp-content\/uploads\/2023\/02\/PNG-Bild-1153x1536.png 1153w, https:\/\/cborsplus.de\/HP2020\/wp-content\/uploads\/2023\/02\/PNG-Bild-1537x2048.png 1537w, https:\/\/cborsplus.de\/HP2020\/wp-content\/uploads\/2023\/02\/PNG-Bild.png 1816w\" sizes=\"(max-width: 225px) 100vw, 225px\" \/><\/a><\/div><\/div><\/div><\/p><\/div><\/p>\n","protected":false},"excerpt":{"rendered":"","protected":false},"author":1,"featured_media":0,"parent":0,"menu_order":0,"comment_status":"closed","ping_status":"closed","template":"","meta":{"footnotes":""},"class_list":["post-1549","page","type-page","status-publish","hentry"],"_links":{"self":[{"href":"https:\/\/cborsplus.de\/HP2020\/wp-json\/wp\/v2\/pages\/1549","targetHints":{"allow":["GET"]}}],"collection":[{"href":"https:\/\/cborsplus.de\/HP2020\/wp-json\/wp\/v2\/pages"}],"about":[{"href":"https:\/\/cborsplus.de\/HP2020\/wp-json\/wp\/v2\/types\/page"}],"author":[{"embeddable":true,"href":"https:\/\/cborsplus.de\/HP2020\/wp-json\/wp\/v2\/users\/1"}],"replies":[{"embeddable":true,"href":"https:\/\/cborsplus.de\/HP2020\/wp-json\/wp\/v2\/comments?post=1549"}],"version-history":[{"count":25,"href":"https:\/\/cborsplus.de\/HP2020\/wp-json\/wp\/v2\/pages\/1549\/revisions"}],"predecessor-version":[{"id":2610,"href":"https:\/\/cborsplus.de\/HP2020\/wp-json\/wp\/v2\/pages\/1549\/revisions\/2610"}],"wp:attachment":[{"href":"https:\/\/cborsplus.de\/HP2020\/wp-json\/wp\/v2\/media?parent=1549"}],"curies":[{"name":"wp","href":"https:\/\/api.w.org\/{rel}","templated":true}]}}