{"id":1528,"date":"2021-01-14T07:36:38","date_gmt":"2021-01-14T06:36:38","guid":{"rendered":"http:\/\/cborsplus.de\/HP2020\/?page_id=1528"},"modified":"2026-01-10T11:29:50","modified_gmt":"2026-01-10T10:29:50","slug":"anmeldung-5-klassen","status":"publish","type":"page","link":"https:\/\/cborsplus.de\/HP2020\/service\/anmeldung-5-klassen\/","title":{"rendered":"Anmeldung"},"content":{"rendered":"\n<style type=\"text\/css\" data-created_by=\"avia_inline_auto\" id=\"style-css-av-r3mmrc-3e25b46847a760e1bc6794901c8a0a20\">\n.flex_column.av-r3mmrc-3e25b46847a760e1bc6794901c8a0a20{\n-webkit-border-radius:0px 0px 0px 0px;\n-moz-border-radius:0px 0px 0px 0px;\nborder-radius:0px 0px 0px 0px;\npadding:0px 0px 0px 0px;\n}\n<\/style>\n<div  class='flex_column av-r3mmrc-3e25b46847a760e1bc6794901c8a0a20 av_one_full  avia-builder-el-0  el_before_av_one_fifth  avia-builder-el-first  first flex_column_div av-zero-column-padding  '     ><style type=\"text\/css\" data-created_by=\"avia_inline_auto\" id=\"style-css-av-p9s394-b2562eb2c908c98e23a7020e06c3f4ff\">\n#top .av-special-heading.av-p9s394-b2562eb2c908c98e23a7020e06c3f4ff{\npadding-bottom:10px;\n}\nbody .av-special-heading.av-p9s394-b2562eb2c908c98e23a7020e06c3f4ff .av-special-heading-tag .heading-char{\nfont-size:25px;\n}\n.av-special-heading.av-p9s394-b2562eb2c908c98e23a7020e06c3f4ff .av-subheading{\nfont-size:15px;\n}\n<\/style>\n<div  class='av-special-heading av-p9s394-b2562eb2c908c98e23a7020e06c3f4ff av-special-heading-h3 blockquote modern-quote modern-centered  avia-builder-el-1  avia-builder-el-no-sibling '><h3 class='av-special-heading-tag'  itemprop=\"headline\"  >Informationen zur Anmeldung f\u00fcr die 5. Klasse und andere Klassenstufen<\/h3><div class=\"special-heading-border\"><div class=\"special-heading-inner-border\"><\/div><\/div><\/div><\/div>\n\n<style type=\"text\/css\" data-created_by=\"avia_inline_auto\" id=\"style-css-av-noh4a0-a31302eef2959bfd8de2b3d30fab45c6\">\n.flex_column.av-noh4a0-a31302eef2959bfd8de2b3d30fab45c6{\n-webkit-border-radius:0px 0px 0px 0px;\n-moz-border-radius:0px 0px 0px 0px;\nborder-radius:0px 0px 0px 0px;\npadding:0px 0px 0px 0px;\n}\n<\/style>\n<div  class='flex_column av-noh4a0-a31302eef2959bfd8de2b3d30fab45c6 av_one_fifth  avia-builder-el-2  el_after_av_one_full  el_before_av_three_fourth  first flex_column_div av-zero-column-padding  column-top-margin'     ><style type=\"text\/css\" data-created_by=\"avia_inline_auto\" id=\"style-css-av-n4n648-38fbbf0d3f04937a5fb860c30c113649\">\n.avia-image-container.av-n4n648-38fbbf0d3f04937a5fb860c30c113649 img.avia_image{\nbox-shadow:none;\n}\n.avia-image-container.av-n4n648-38fbbf0d3f04937a5fb860c30c113649 .av-image-caption-overlay-center{\ncolor:#ffffff;\n}\n<\/style>\n<div  class='avia-image-container av-n4n648-38fbbf0d3f04937a5fb860c30c113649 av-styling- avia-align-center  avia-builder-el-3  avia-builder-el-no-sibling '   itemprop=\"image\" itemscope=\"itemscope\" itemtype=\"https:\/\/schema.org\/ImageObject\" ><div class=\"avia-image-container-inner\"><div class=\"avia-image-overlay-wrap\"><img decoding=\"async\" class='wp-image-1529 avia-img-lazy-loading-not-1529 avia_image ' src=\"https:\/\/cborsplus.de\/HP2020\/wp-content\/uploads\/2021\/01\/writing-1149962_1920-300x200.jpg\" alt='' title='writing-1149962_1920'  height=\"200\" width=\"300\"  itemprop=\"thumbnailUrl\" srcset=\"https:\/\/cborsplus.de\/HP2020\/wp-content\/uploads\/2021\/01\/writing-1149962_1920-300x200.jpg 300w, https:\/\/cborsplus.de\/HP2020\/wp-content\/uploads\/2021\/01\/writing-1149962_1920-1030x687.jpg 1030w, https:\/\/cborsplus.de\/HP2020\/wp-content\/uploads\/2021\/01\/writing-1149962_1920-768x512.jpg 768w, https:\/\/cborsplus.de\/HP2020\/wp-content\/uploads\/2021\/01\/writing-1149962_1920-1536x1025.jpg 1536w, https:\/\/cborsplus.de\/HP2020\/wp-content\/uploads\/2021\/01\/writing-1149962_1920-1500x1001.jpg 1500w, https:\/\/cborsplus.de\/HP2020\/wp-content\/uploads\/2021\/01\/writing-1149962_1920-705x470.jpg 705w, https:\/\/cborsplus.de\/HP2020\/wp-content\/uploads\/2021\/01\/writing-1149962_1920-450x300.jpg 450w, https:\/\/cborsplus.de\/HP2020\/wp-content\/uploads\/2021\/01\/writing-1149962_1920.jpg 1920w\" sizes=\"(max-width: 300px) 100vw, 300px\" \/><\/div><\/div><\/div><\/div>\n\n<style type=\"text\/css\" data-created_by=\"avia_inline_auto\" id=\"style-css-av-kwyaso-426740e95c1bbefae20dc498b71725b8\">\n.flex_column.av-kwyaso-426740e95c1bbefae20dc498b71725b8{\n-webkit-border-radius:0px 0px 0px 0px;\n-moz-border-radius:0px 0px 0px 0px;\nborder-radius:0px 0px 0px 0px;\npadding:0px 0px 0px 0px;\n}\n<\/style>\n<div  class='flex_column av-kwyaso-426740e95c1bbefae20dc498b71725b8 av_three_fourth  avia-builder-el-4  el_after_av_one_fifth  el_before_av_one_full  flex_column_div av-zero-column-padding  column-top-margin'     ><p>\n<style type=\"text\/css\" data-created_by=\"avia_inline_auto\" id=\"style-css-av-j46jw8-7cf1343bc2b4f0001284ef0d8cbd1032\">\n#top .av-special-heading.av-j46jw8-7cf1343bc2b4f0001284ef0d8cbd1032{\npadding-bottom:10px;\n}\nbody .av-special-heading.av-j46jw8-7cf1343bc2b4f0001284ef0d8cbd1032 .av-special-heading-tag .heading-char{\nfont-size:25px;\n}\n.av-special-heading.av-j46jw8-7cf1343bc2b4f0001284ef0d8cbd1032 .av-subheading{\nfont-size:15px;\n}\n<\/style>\n<div  class='av-special-heading av-j46jw8-7cf1343bc2b4f0001284ef0d8cbd1032 av-special-heading-h2 blockquote modern-quote modern-centered  avia-builder-el-5  el_before_av_iconlist  avia-builder-el-first '><h2 class='av-special-heading-tag'  itemprop=\"headline\"  >Das gilt f\u00fcr die Anmeldung:<\/h2><div class=\"special-heading-border\"><div class=\"special-heading-inner-border\"><\/div><\/div><\/div><br \/>\n\n<style type=\"text\/css\" data-created_by=\"avia_inline_auto\" id=\"style-css-av-hd4qxk-a097586c23f4251aa6ed5b8aab3dd0ca\">\n#top .avia-icon-list-container.av-hd4qxk-a097586c23f4251aa6ed5b8aab3dd0ca .iconlist_icon{\nfont-size:23px;\n}\n#top #wrap_all .avia-icon-list-container.av-hd4qxk-a097586c23f4251aa6ed5b8aab3dd0ca .av_iconlist_title{\nfont-size:23px;\n}\n<\/style>\n<div  class='avia-icon-list-container av-hd4qxk-a097586c23f4251aa6ed5b8aab3dd0ca  avia-builder-el-6  el_after_av_heading  avia-builder-el-last '><ul class='avia-icon-list avia_animate_when_almost_visible avia-icon-list-left av-iconlist-small av-hd4qxk-a097586c23f4251aa6ed5b8aab3dd0ca avia-iconlist-animate'>\n<li><div class='iconlist_icon av-f2dxa0-81884e65c345ab529cafc255f5a60fd0 avia-font-entypo-fontello'><span class='iconlist-char' aria-hidden='true' data-av_icon='\ue8d1' data-av_iconfont='entypo-fontello'><\/span><\/div><article class=\"article-icon-entry \"  itemscope=\"itemscope\" itemtype=\"https:\/\/schema.org\/CreativeWork\" ><div class=\"iconlist_content_wrap\"><header class=\"entry-content-header\"><div class='av_iconlist_title iconlist_title_small  '  itemprop=\"headline\" >Anmeldezeitraum<\/div><\/header><div class='iconlist_content '  itemprop=\"text\" ><p>Der Anmeldezeitraum f\u00fcr den Wechsel von der Grundschule zur Realschule plus (immer montags bis freitags) beginnt am 02.02.26 und endet am 06.03.26 (vom 12.02.26 bis 17.02.26 findet keine Anmeldung statt &#8211; Karnevalstage). Generell ist die Anmeldung m\u00f6glich:<\/p>\n<p>montags von 9.00- 15.00 Uhr<br \/>\ndienstags von 10.00 &#8211; 15.00 Uhr<br \/>\nmittwochs von 9.00 &#8211; 15.00 Uhr<br \/>\ndonnerstags von 10.00 &#8211; 15.00 Uhr<br \/>\nfreitags von 8.00 &#8211; 10.00 Uhr<\/p>\n<p>Bitte telefonisch einen Termin vereinbaren (0261-31336) oder per Email: info@cbors.de<\/p>\n<p>Anfragen zum Schulwechsel sind nach Terminvereinbarungen m\u00f6glich.<\/p>\n<\/div><\/div><footer class=\"entry-footer\"><\/footer><\/article><div class=\"iconlist-timeline\"><\/div><\/li>\n<li><div class='iconlist_icon av-1d5slk-22fb2865cbcb446720bf3f18d8f5cbbd avia-font-entypo-fontello'><span class='iconlist-char' aria-hidden='true' data-av_icon='\ue862' data-av_iconfont='entypo-fontello'><\/span><\/div><article class=\"article-icon-entry \"  itemscope=\"itemscope\" itemtype=\"https:\/\/schema.org\/CreativeWork\" ><div class=\"iconlist_content_wrap\"><header class=\"entry-content-header\"><div class='av_iconlist_title iconlist_title_small  '  itemprop=\"headline\" >Terminvereinbarung<\/div><\/header><div class='iconlist_content '  itemprop=\"text\" ><p>Bitte vereinbaren Sie telefonisch mit unserem Sekretariat (0261-31336) einen Anmeldetermin. Ohne Termin k\u00f6nnen wir eine zeitnahe Anmeldung nicht garantieren.<\/p>\n<\/div><\/div><footer class=\"entry-footer\"><\/footer><\/article><div class=\"iconlist-timeline\"><\/div><\/li>\n<li><div class='iconlist_icon av-cefx54-bd49e606b0289ee3fd00fcf2a7176c4b avia-font-entypo-fontello'><span class='iconlist-char' aria-hidden='true' data-av_icon='\ue850' data-av_iconfont='entypo-fontello'><\/span><\/div><article class=\"article-icon-entry \"  itemscope=\"itemscope\" itemtype=\"https:\/\/schema.org\/CreativeWork\" ><div class=\"iconlist_content_wrap\"><header class=\"entry-content-header\"><div class='av_iconlist_title iconlist_title_small  '  itemprop=\"headline\" >Unterlagen<\/div><\/header><div class='iconlist_content '  itemprop=\"text\" ><p>Bitte bringen Sie folgende Unterlagen f\u00fcr die Anmeldung mit:<\/p>\n<ul>\n<li>Stammbuch\/Geburtsurkunde<\/li>\n<li>Halbjahreszeugnis<\/li>\n<li>Passbild<\/li>\n<li>Empfehlung der Grundschule<\/li>\n<\/ul>\n<p>Erg\u00e4nzung: Beim Schulwechsel in andere Klassenstufen bitte das zuletzt ausgestellte Zeugnis mitbringen. Bei Zug\u00e4ngen ohne Grundschulbesuch in Deutschland ist ein Nachweis \u00fcber Masernschutz zwingend <strong>notwendig<\/strong>!<\/p>\n<\/div><\/div><footer class=\"entry-footer\"><\/footer><\/article><div class=\"iconlist-timeline\"><\/div><\/li>\n<li><div class='iconlist_icon av-ans9fs-b93812f9e4c8590596800e9aa003d5f5 avia-font-entypo-fontello'><span class='iconlist-char' aria-hidden='true' data-av_icon='\ue84d' data-av_iconfont='entypo-fontello'><\/span><\/div><article class=\"article-icon-entry \"  itemscope=\"itemscope\" itemtype=\"https:\/\/schema.org\/CreativeWork\" ><div class=\"iconlist_content_wrap\"><header class=\"entry-content-header\"><div class='av_iconlist_title iconlist_title_small  '  itemprop=\"headline\" >Antr\u00e4ge<\/div><\/header><div class='iconlist_content '  itemprop=\"text\" ><p>Antr\u00e4ge sind ausschlie\u00dflich online zu stellen!<\/p>\n<p>Die QR Codes dazu finden Sie <a href=\"https:\/\/cborsplus.de\/HP2020\/download\/\">hier: Download Antr\u00e4ge<\/a><\/p>\n<\/div><\/div><footer class=\"entry-footer\"><\/footer><\/article><div class=\"iconlist-timeline\"><\/div><\/li>\n<li><div class='iconlist_icon av-92ikrc-6367ccb34a73c5154d3b21951c7e9d10 avia-font-entypo-fontello'><span class='iconlist-char' aria-hidden='true' data-av_icon='\ue84e' data-av_iconfont='entypo-fontello'><\/span><\/div><article class=\"article-icon-entry \"  itemscope=\"itemscope\" itemtype=\"https:\/\/schema.org\/CreativeWork\" ><div class=\"iconlist_content_wrap\"><header class=\"entry-content-header\"><div class='av_iconlist_title iconlist_title_small  '  itemprop=\"headline\" >Anmeldeunterlagen<\/div><\/header><div class='iconlist_content '  itemprop=\"text\" ><p>BITTE HELFEN SIE MIT!<\/p>\n<p>Bitte laden Sie sich die Unterlagen zur Anmeldung herunter und bringen Sie diese ausgef\u00fcllt mit. Somit k\u00f6nnen wir einen schnellen und reibungslosen Ablauf garantieren!<\/p>\n<p><a href=\"https:\/\/cborsplus.de\/HP2020\/?page_id=397\">Download<\/a><\/p>\n<\/div><\/div><footer class=\"entry-footer\"><\/footer><\/article><div class=\"iconlist-timeline\"><\/div><\/li>\n<\/ul><\/div><\/p><\/div>\n<style type=\"text\/css\" data-created_by=\"avia_inline_auto\" id=\"style-css-av-7rkz54-075113756a261082e14a5a45a3930f6a\">\n.flex_column.av-7rkz54-075113756a261082e14a5a45a3930f6a{\n-webkit-border-radius:0px 0px 0px 0px;\n-moz-border-radius:0px 0px 0px 0px;\nborder-radius:0px 0px 0px 0px;\npadding:0px 0px 0px 0px;\n}\n<\/style>\n<div  class='flex_column av-7rkz54-075113756a261082e14a5a45a3930f6a av_one_full  avia-builder-el-7  el_after_av_three_fourth  el_before_av_one_full  first flex_column_div av-zero-column-padding  column-top-margin'     ><style type=\"text\/css\" data-created_by=\"avia_inline_auto\" id=\"style-css-av-5nshu0-b467a8f160fe4c328ada761c15af84c1\">\n#top .av-special-heading.av-5nshu0-b467a8f160fe4c328ada761c15af84c1{\npadding-bottom:10px;\n}\nbody .av-special-heading.av-5nshu0-b467a8f160fe4c328ada761c15af84c1 .av-special-heading-tag .heading-char{\nfont-size:25px;\n}\n.av-special-heading.av-5nshu0-b467a8f160fe4c328ada761c15af84c1 .av-subheading{\nfont-size:15px;\n}\n<\/style>\n<div  class='av-special-heading av-5nshu0-b467a8f160fe4c328ada761c15af84c1 av-special-heading-h2 blockquote modern-quote modern-centered  avia-builder-el-8  avia-builder-el-no-sibling '><h2 class='av-special-heading-tag'  itemprop=\"headline\"  >Sie wollen unsere Schule n\u00e4her kennenlernen?<\/h2><div class=\"special-heading-border\"><div class=\"special-heading-inner-border\"><\/div><\/div><\/div><\/div><\/p>\n\n<style type=\"text\/css\" data-created_by=\"avia_inline_auto\" id=\"style-css-av-4irijc-555765f6357770d00f01c21e3637af25\">\n.flex_column.av-4irijc-555765f6357770d00f01c21e3637af25{\n-webkit-border-radius:0px 0px 0px 0px;\n-moz-border-radius:0px 0px 0px 0px;\nborder-radius:0px 0px 0px 0px;\npadding:0px 0px 0px 0px;\n}\n<\/style>\n<div  class='flex_column av-4irijc-555765f6357770d00f01c21e3637af25 av_one_full  avia-builder-el-9  el_after_av_one_full  avia-builder-el-last  first flex_column_div av-zero-column-padding  column-top-margin'     ><div  class='avia-video av-1y4w8o-d646cb932dc079dcfbd055619d52f19b avia-video-16-9 av-no-preview-image avia-video-load-always av-lazyload-immediate av-lazyload-video-embed'  itemprop=\"video\" itemtype=\"https:\/\/schema.org\/VideoObject\"  data-original_url='https:\/\/www.youtube.com\/watch?v=hYsRJdZo_po&amp;feature=youtu.be'><script type='text\/html' class='av-video-tmpl'><div class='avia-iframe-wrap'><iframe loading=\"lazy\" title=\"Das ist die Clemi!\" width=\"1500\" height=\"844\" src=\"https:\/\/www.youtube.com\/embed\/hYsRJdZo_po?feature=oembed&autoplay=0&loop=0&controls=1&mute=0\" frameborder=\"0\" allow=\"accelerometer; autoplay; clipboard-write; encrypted-media; gyroscope; picture-in-picture; web-share\" allowfullscreen><\/iframe><\/div><\/script><div class='av-click-to-play-overlay'><div class=\"avia_playpause_icon\"><\/div><\/div><\/div><\/div>\n","protected":false},"excerpt":{"rendered":"","protected":false},"author":1,"featured_media":0,"parent":211,"menu_order":0,"comment_status":"closed","ping_status":"closed","template":"","meta":{"footnotes":""},"class_list":["post-1528","page","type-page","status-publish","hentry"],"_links":{"self":[{"href":"https:\/\/cborsplus.de\/HP2020\/wp-json\/wp\/v2\/pages\/1528","targetHints":{"allow":["GET"]}}],"collection":[{"href":"https:\/\/cborsplus.de\/HP2020\/wp-json\/wp\/v2\/pages"}],"about":[{"href":"https:\/\/cborsplus.de\/HP2020\/wp-json\/wp\/v2\/types\/page"}],"author":[{"embeddable":true,"href":"https:\/\/cborsplus.de\/HP2020\/wp-json\/wp\/v2\/users\/1"}],"replies":[{"embeddable":true,"href":"https:\/\/cborsplus.de\/HP2020\/wp-json\/wp\/v2\/comments?post=1528"}],"version-history":[{"count":26,"href":"https:\/\/cborsplus.de\/HP2020\/wp-json\/wp\/v2\/pages\/1528\/revisions"}],"predecessor-version":[{"id":2904,"href":"https:\/\/cborsplus.de\/HP2020\/wp-json\/wp\/v2\/pages\/1528\/revisions\/2904"}],"up":[{"embeddable":true,"href":"https:\/\/cborsplus.de\/HP2020\/wp-json\/wp\/v2\/pages\/211"}],"wp:attachment":[{"href":"https:\/\/cborsplus.de\/HP2020\/wp-json\/wp\/v2\/media?parent=1528"}],"curies":[{"name":"wp","href":"https:\/\/api.w.org\/{rel}","templated":true}]}}