{"id":112,"date":"2020-02-11T07:34:21","date_gmt":"2020-02-11T06:34:21","guid":{"rendered":"http:\/\/cborsplus.de\/HP2020\/?page_id=112"},"modified":"2020-02-13T08:39:07","modified_gmt":"2020-02-13T07:39:07","slug":"gewaltpraevention","status":"publish","type":"page","link":"https:\/\/cborsplus.de\/HP2020\/gewaltpraevention\/","title":{"rendered":"Gewaltpr\u00e4vention"},"content":{"rendered":"\n<style type=\"text\/css\" data-created_by=\"avia_inline_auto\" id=\"style-css-av-av_one_full-f4c26a98045946fc01b9ad09dcbe50c8\">\n.flex_column.av-av_one_full-f4c26a98045946fc01b9ad09dcbe50c8{\n-webkit-border-radius:0px 0px 0px 0px;\n-moz-border-radius:0px 0px 0px 0px;\nborder-radius:0px 0px 0px 0px;\npadding:0px 0px 0px 0px;\n}\n<\/style>\n<div  class='flex_column av-av_one_full-f4c26a98045946fc01b9ad09dcbe50c8 av_one_full  avia-builder-el-0  el_before_av_hr  avia-builder-el-first  first flex_column_div av-animated-generic fade-in av-zero-column-padding  '     ><style type=\"text\/css\" data-created_by=\"avia_inline_auto\" id=\"style-css-av-av_heading-c826e62a20ff3e19dc6ebe8c17e72fe3\">\n#top .av-special-heading.av-av_heading-c826e62a20ff3e19dc6ebe8c17e72fe3{\npadding-bottom:10px;\n}\nbody .av-special-heading.av-av_heading-c826e62a20ff3e19dc6ebe8c17e72fe3 .av-special-heading-tag .heading-char{\nfont-size:25px;\n}\n.av-special-heading.av-av_heading-c826e62a20ff3e19dc6ebe8c17e72fe3 .av-subheading{\nfont-size:15px;\n}\n<\/style>\n<div  class='av-special-heading av-av_heading-c826e62a20ff3e19dc6ebe8c17e72fe3 av-special-heading-h1 blockquote modern-quote modern-centered  avia-builder-el-1  avia-builder-el-no-sibling '><h1 class='av-special-heading-tag'  itemprop=\"headline\"  >Unser Pr\u00e4ventionsprogramm in den einzelnen Klassenstufen<\/h1><div class=\"special-heading-border\"><div class=\"special-heading-inner-border\"><\/div><\/div><\/div><\/div>\n<div  class='hr av-av_hr-0ff602b3e980a3377077ff3c1c834df6 hr-default  avia-builder-el-2  el_after_av_one_full  el_before_av_one_full '><span class='hr-inner '><span class=\"hr-inner-style\"><\/span><\/span><\/div>\n\n<style type=\"text\/css\" data-created_by=\"avia_inline_auto\" id=\"style-css-av-av_one_full-f4c26a98045946fc01b9ad09dcbe50c8\">\n.flex_column.av-av_one_full-f4c26a98045946fc01b9ad09dcbe50c8{\n-webkit-border-radius:0px 0px 0px 0px;\n-moz-border-radius:0px 0px 0px 0px;\nborder-radius:0px 0px 0px 0px;\npadding:0px 0px 0px 0px;\n}\n<\/style>\n<div  class='flex_column av-av_one_full-f4c26a98045946fc01b9ad09dcbe50c8 av_one_full  avia-builder-el-3  el_after_av_hr  el_before_av_one_third  first flex_column_div av-animated-generic fade-in av-zero-column-padding  '     ><p>\n<style type=\"text\/css\" data-created_by=\"avia_inline_auto\" id=\"style-css-av-av_heading-ed27c3e7fb90a2e85cd8a0705d41ae19\">\n#top .av-special-heading.av-av_heading-ed27c3e7fb90a2e85cd8a0705d41ae19{\npadding-bottom:10px;\n}\nbody .av-special-heading.av-av_heading-ed27c3e7fb90a2e85cd8a0705d41ae19 .av-special-heading-tag .heading-char{\nfont-size:25px;\n}\n.av-special-heading.av-av_heading-ed27c3e7fb90a2e85cd8a0705d41ae19 .av-subheading{\nfont-size:15px;\n}\n<\/style>\n<div  class='av-special-heading av-av_heading-ed27c3e7fb90a2e85cd8a0705d41ae19 av-special-heading-h3 blockquote modern-quote modern-centered  avia-builder-el-4  el_before_av_image  avia-builder-el-first '><h3 class='av-special-heading-tag'  itemprop=\"headline\"  >Wir sagen NEIN zu Gewalt!<\/h3><div class=\"special-heading-border\"><div class=\"special-heading-inner-border\"><\/div><\/div><\/div><br \/>\n\n<style type=\"text\/css\" data-created_by=\"avia_inline_auto\" id=\"style-css-av-av_image-966ca47b1dfbdb1c082b85b07bc36588\">\n.avia-image-container.av-av_image-966ca47b1dfbdb1c082b85b07bc36588 img.avia_image{\nbox-shadow:none;\n}\n.avia-image-container.av-av_image-966ca47b1dfbdb1c082b85b07bc36588 .av-image-caption-overlay-center{\ncolor:#ffffff;\n}\n<\/style>\n<div  class='avia-image-container av-av_image-966ca47b1dfbdb1c082b85b07bc36588 av-styling- avia_animated_image av-animated-when-visible-95 fade-in avia-align-center  avia-builder-el-5  el_after_av_heading  avia-builder-el-last '   itemprop=\"image\" itemscope=\"itemscope\" itemtype=\"https:\/\/schema.org\/ImageObject\" ><div class=\"avia-image-container-inner\"><div class=\"avia-image-overlay-wrap\"><img decoding=\"async\" class='wp-image-244 avia-img-lazy-loading-not-244 avia_image ' src=\"https:\/\/cborsplus.de\/HP2020\/wp-content\/uploads\/2020\/02\/sign-3228713_1280-251x300.png\" alt='' title='sign-3228713_1280'  height=\"300\" width=\"251\"  itemprop=\"thumbnailUrl\" srcset=\"https:\/\/cborsplus.de\/HP2020\/wp-content\/uploads\/2020\/02\/sign-3228713_1280-251x300.png 251w, https:\/\/cborsplus.de\/HP2020\/wp-content\/uploads\/2020\/02\/sign-3228713_1280-861x1030.png 861w, https:\/\/cborsplus.de\/HP2020\/wp-content\/uploads\/2020\/02\/sign-3228713_1280-768x919.png 768w, https:\/\/cborsplus.de\/HP2020\/wp-content\/uploads\/2020\/02\/sign-3228713_1280-589x705.png 589w, https:\/\/cborsplus.de\/HP2020\/wp-content\/uploads\/2020\/02\/sign-3228713_1280-450x538.png 450w, https:\/\/cborsplus.de\/HP2020\/wp-content\/uploads\/2020\/02\/sign-3228713_1280.png 1070w\" sizes=\"(max-width: 251px) 100vw, 251px\" \/><\/div><\/div><\/div><\/p><\/div>\n\n<style type=\"text\/css\" data-created_by=\"avia_inline_auto\" id=\"style-css-av-av_one_third-f4c26a98045946fc01b9ad09dcbe50c8\">\n.flex_column.av-av_one_third-f4c26a98045946fc01b9ad09dcbe50c8{\n-webkit-border-radius:0px 0px 0px 0px;\n-moz-border-radius:0px 0px 0px 0px;\nborder-radius:0px 0px 0px 0px;\npadding:0px 0px 0px 0px;\n}\n<\/style>\n<div  class='flex_column av-av_one_third-f4c26a98045946fc01b9ad09dcbe50c8 av_one_third  avia-builder-el-6  el_after_av_one_full  el_before_av_one_third  first flex_column_div av-animated-generic fade-in av-zero-column-padding  column-top-margin'     ><article  class='iconbox iconbox_top av-av_icon_box-257412377e993262c11b048ba258bac9  avia-builder-el-7  avia-builder-el-no-sibling  main_color'  itemscope=\"itemscope\" itemtype=\"https:\/\/schema.org\/CreativeWork\" ><div class=\"iconbox_content\"><header class=\"entry-content-header\"><div class=\"iconbox_icon heading-color\" aria-hidden='true' data-av_icon='\ue8a0' data-av_iconfont='entypo-fontello'><\/div><h3 class='iconbox_content_title '  itemprop=\"headline\" >Klassenstufe 7<\/h3><\/header><div class='iconbox_content_container '  itemprop=\"text\" ><p><b>\u201eGewalt in der Schule\u201c<\/b><\/p>\n<p>In Zusammenarbeit mit Polizeibeamten des Kriminalkomissariats K15 werden die Sch\u00fcler in Gespr\u00e4chsrunden \u00fcber Formen und Folgen von Gewalt aufgekl\u00e4rt. Aktuelle Probleme werden in die Thematik eingebunden.<\/p>\n<\/div><\/div><footer class=\"entry-footer\"><\/footer><\/article><\/div>\n<style type=\"text\/css\" data-created_by=\"avia_inline_auto\" id=\"style-css-av-av_one_third-14ecd2fc7ff9e37d6b0dc2ca1c41c5aa\">\n.flex_column.av-av_one_third-14ecd2fc7ff9e37d6b0dc2ca1c41c5aa{\n-webkit-border-radius:0px 0px 0px 0px;\n-moz-border-radius:0px 0px 0px 0px;\nborder-radius:0px 0px 0px 0px;\npadding:0px 0px 0px 0px;\n}\n<\/style>\n<div  class='flex_column av-av_one_third-14ecd2fc7ff9e37d6b0dc2ca1c41c5aa av_one_third  avia-builder-el-8  el_after_av_one_third  el_before_av_one_third  flex_column_div av-animated-generic fade-in av-zero-column-padding  column-top-margin'     ><article  class='iconbox iconbox_top av-av_icon_box-cb42eb5114fc54b483eecbb51660e92c  avia-builder-el-9  avia-builder-el-no-sibling  main_color'  itemscope=\"itemscope\" itemtype=\"https:\/\/schema.org\/CreativeWork\" ><div class=\"iconbox_content\"><header class=\"entry-content-header\"><div class=\"iconbox_icon heading-color\" aria-hidden='true' data-av_icon='\ue8a1' data-av_iconfont='entypo-fontello'><\/div><h3 class='iconbox_content_title '  itemprop=\"headline\" >Klassenstufe 8<\/h3><\/header><div class='iconbox_content_container '  itemprop=\"text\" ><p><b>Besinnungstage im Haus Wasserburg des Paillotiner-Ordens:<\/b><\/p>\n<p>Dieser dreit\u00e4gige Aufenthalt der Klassen soll die Klassengemeinschaft st\u00e4rken und die sozialen Kompetenzen der Sch\u00fcler vertiefen. Das St\u00e4rken dieser F\u00e4higkeiten \u2013 das Selbstbewusstsein jedes einzelnen Sch\u00fclers und gleichwohl ein Bewusstsein f\u00fcr die Gemeinschaft sind f\u00fcr die Suchtpr\u00e4vention wesentlich.<\/p>\n<\/div><\/div><footer class=\"entry-footer\"><\/footer><\/article><\/div>\n<style type=\"text\/css\" data-created_by=\"avia_inline_auto\" id=\"style-css-av-av_one_third-14ecd2fc7ff9e37d6b0dc2ca1c41c5aa\">\n.flex_column.av-av_one_third-14ecd2fc7ff9e37d6b0dc2ca1c41c5aa{\n-webkit-border-radius:0px 0px 0px 0px;\n-moz-border-radius:0px 0px 0px 0px;\nborder-radius:0px 0px 0px 0px;\npadding:0px 0px 0px 0px;\n}\n<\/style>\n<div  class='flex_column av-av_one_third-14ecd2fc7ff9e37d6b0dc2ca1c41c5aa av_one_third  avia-builder-el-10  el_after_av_one_third  avia-builder-el-last  flex_column_div av-animated-generic fade-in av-zero-column-padding  column-top-margin'     ><article  class='iconbox iconbox_top av-av_icon_box-b4722a802608cb460ce28b908ba6c916  avia-builder-el-11  avia-builder-el-no-sibling  main_color'  itemscope=\"itemscope\" itemtype=\"https:\/\/schema.org\/CreativeWork\" ><div class=\"iconbox_content\"><header class=\"entry-content-header\"><div class=\"iconbox_icon heading-color\" aria-hidden='true' data-av_icon='\ue8a2' data-av_iconfont='entypo-fontello'><\/div><h3 class='iconbox_content_title '  itemprop=\"headline\" >Klassenstufe 9<\/h3><\/header><div class='iconbox_content_container '  itemprop=\"text\" ><p><b>\u201eWer nichts tut macht mit\u201c<\/b><\/p>\n<p>Dieses Projekt besch\u00e4ftigt sich mit dem Thema Zivilcourage. Anhand filmischen Materials erarbeiten Polizeibeamte des Kriminalkommissariats gemeinsam mit den Sch\u00fclern Verhaltensalternativen.<\/p>\n<\/div><\/div><footer class=\"entry-footer\"><\/footer><\/article><\/div><\/p>\n","protected":false},"excerpt":{"rendered":"","protected":false},"author":1,"featured_media":0,"parent":0,"menu_order":0,"comment_status":"closed","ping_status":"closed","template":"","meta":{"footnotes":""},"class_list":["post-112","page","type-page","status-publish","hentry"],"_links":{"self":[{"href":"https:\/\/cborsplus.de\/HP2020\/wp-json\/wp\/v2\/pages\/112","targetHints":{"allow":["GET"]}}],"collection":[{"href":"https:\/\/cborsplus.de\/HP2020\/wp-json\/wp\/v2\/pages"}],"about":[{"href":"https:\/\/cborsplus.de\/HP2020\/wp-json\/wp\/v2\/types\/page"}],"author":[{"embeddable":true,"href":"https:\/\/cborsplus.de\/HP2020\/wp-json\/wp\/v2\/users\/1"}],"replies":[{"embeddable":true,"href":"https:\/\/cborsplus.de\/HP2020\/wp-json\/wp\/v2\/comments?post=112"}],"version-history":[{"count":16,"href":"https:\/\/cborsplus.de\/HP2020\/wp-json\/wp\/v2\/pages\/112\/revisions"}],"predecessor-version":[{"id":249,"href":"https:\/\/cborsplus.de\/HP2020\/wp-json\/wp\/v2\/pages\/112\/revisions\/249"}],"wp:attachment":[{"href":"https:\/\/cborsplus.de\/HP2020\/wp-json\/wp\/v2\/media?parent=112"}],"curies":[{"name":"wp","href":"https:\/\/api.w.org\/{rel}","templated":true}]}}