{"id":109,"date":"2020-02-11T07:33:43","date_gmt":"2020-02-11T06:33:43","guid":{"rendered":"http:\/\/cborsplus.de\/HP2020\/?page_id=109"},"modified":"2020-03-05T08:40:07","modified_gmt":"2020-03-05T07:40:07","slug":"berufsorientierung","status":"publish","type":"page","link":"https:\/\/cborsplus.de\/HP2020\/unser-plus\/berufsorientierung\/","title":{"rendered":"Berufsorientierung"},"content":{"rendered":"\n<style type=\"text\/css\" data-created_by=\"avia_inline_auto\" id=\"style-css-av-av_one_full-15d750bd1b332b34c6e70b077ebbccdf\">\n.flex_column.av-av_one_full-15d750bd1b332b34c6e70b077ebbccdf{\n-webkit-border-radius:0px 0px 0px 0px;\n-moz-border-radius:0px 0px 0px 0px;\nborder-radius:0px 0px 0px 0px;\npadding:0px 0px 0px 0px;\n}\n<\/style>\n<div  class='flex_column av-av_one_full-15d750bd1b332b34c6e70b077ebbccdf av_one_full  avia-builder-el-0  el_before_av_two_fifth  avia-builder-el-first  first flex_column_div av-zero-column-padding  '     ><style type=\"text\/css\" data-created_by=\"avia_inline_auto\" id=\"style-css-av-av_heading-621f6651b44468cd6c4a3c9982077aee\">\n#top .av-special-heading.av-av_heading-621f6651b44468cd6c4a3c9982077aee{\npadding-bottom:10px;\n}\nbody .av-special-heading.av-av_heading-621f6651b44468cd6c4a3c9982077aee .av-special-heading-tag .heading-char{\nfont-size:25px;\n}\n.av-special-heading.av-av_heading-621f6651b44468cd6c4a3c9982077aee .av-subheading{\nfont-size:15px;\n}\n<\/style>\n<div  class='av-special-heading av-av_heading-621f6651b44468cd6c4a3c9982077aee av-special-heading-h1 blockquote modern-quote modern-centered  avia-builder-el-1  avia-builder-el-no-sibling '><h1 class='av-special-heading-tag'  itemprop=\"headline\"  >F\u00fcr einen erfolgreichen Start ins Berufsleben<\/h1><div class=\"special-heading-border\"><div class=\"special-heading-inner-border\"><\/div><\/div><\/div><\/div>\n\n<style type=\"text\/css\" data-created_by=\"avia_inline_auto\" id=\"style-css-av-av_two_fifth-15d750bd1b332b34c6e70b077ebbccdf\">\n.flex_column.av-av_two_fifth-15d750bd1b332b34c6e70b077ebbccdf{\n-webkit-border-radius:0px 0px 0px 0px;\n-moz-border-radius:0px 0px 0px 0px;\nborder-radius:0px 0px 0px 0px;\npadding:0px 0px 0px 0px;\n}\n<\/style>\n<div  class='flex_column av-av_two_fifth-15d750bd1b332b34c6e70b077ebbccdf av_two_fifth  avia-builder-el-2  el_after_av_one_full  el_before_av_one_fifth  first flex_column_div av-zero-column-padding  column-top-margin'     ><style type=\"text\/css\" data-created_by=\"avia_inline_auto\" id=\"style-css-av-av_image-2c3e6055d1600a3689db1bd8500c0fd0\">\n.avia-image-container.av-av_image-2c3e6055d1600a3689db1bd8500c0fd0 img.avia_image{\nbox-shadow:none;\n}\n.avia-image-container.av-av_image-2c3e6055d1600a3689db1bd8500c0fd0 .av-image-caption-overlay-center{\ncolor:#ffffff;\n}\n<\/style>\n<div  class='avia-image-container av-av_image-2c3e6055d1600a3689db1bd8500c0fd0 av-styling- av-hover-grow avia_animated_image av-animated-when-visible-95 fade-in avia-align-center  avia-builder-el-3  avia-builder-el-no-sibling '   itemprop=\"image\" itemscope=\"itemscope\" itemtype=\"https:\/\/schema.org\/ImageObject\" ><div class=\"avia-image-container-inner\"><div class=\"avia-image-overlay-wrap\"><img decoding=\"async\" class='wp-image-329 avia-img-lazy-loading-not-329 avia_image ' src=\"https:\/\/cborsplus.de\/HP2020\/wp-content\/uploads\/2020\/02\/building-1080592_1920-300x200.jpg\" alt='' title='building-1080592_1920'  height=\"200\" width=\"300\"  itemprop=\"thumbnailUrl\" srcset=\"https:\/\/cborsplus.de\/HP2020\/wp-content\/uploads\/2020\/02\/building-1080592_1920-300x200.jpg 300w, https:\/\/cborsplus.de\/HP2020\/wp-content\/uploads\/2020\/02\/building-1080592_1920-1030x685.jpg 1030w, https:\/\/cborsplus.de\/HP2020\/wp-content\/uploads\/2020\/02\/building-1080592_1920-768x511.jpg 768w, https:\/\/cborsplus.de\/HP2020\/wp-content\/uploads\/2020\/02\/building-1080592_1920-1536x1022.jpg 1536w, https:\/\/cborsplus.de\/HP2020\/wp-content\/uploads\/2020\/02\/building-1080592_1920-1500x998.jpg 1500w, https:\/\/cborsplus.de\/HP2020\/wp-content\/uploads\/2020\/02\/building-1080592_1920-705x469.jpg 705w, https:\/\/cborsplus.de\/HP2020\/wp-content\/uploads\/2020\/02\/building-1080592_1920-450x299.jpg 450w, https:\/\/cborsplus.de\/HP2020\/wp-content\/uploads\/2020\/02\/building-1080592_1920.jpg 1920w\" sizes=\"(max-width: 300px) 100vw, 300px\" \/><\/div><\/div><\/div><\/div>\n\n<style type=\"text\/css\" data-created_by=\"avia_inline_auto\" id=\"style-css-av-av_one_fifth-c8fc129dc35fd1ae2a1e410224d39ea8\">\n.flex_column.av-av_one_fifth-c8fc129dc35fd1ae2a1e410224d39ea8{\n-webkit-border-radius:0px 0px 0px 0px;\n-moz-border-radius:0px 0px 0px 0px;\nborder-radius:0px 0px 0px 0px;\npadding:0px 0px 0px 0px;\n}\n<\/style>\n<div  class='flex_column av-av_one_fifth-c8fc129dc35fd1ae2a1e410224d39ea8 av_one_fifth  avia-builder-el-4  el_after_av_two_fifth  el_before_av_two_fifth  flex_column_div av-zero-column-padding  column-top-margin'     ><style type=\"text\/css\" data-created_by=\"avia_inline_auto\" id=\"style-css-av-av_image-fb77ee37349ddb21ae8d54f8422843ac\">\n.avia-image-container.av-av_image-fb77ee37349ddb21ae8d54f8422843ac img.avia_image{\nbox-shadow:none;\n}\n.avia-image-container.av-av_image-fb77ee37349ddb21ae8d54f8422843ac .av-image-caption-overlay-center{\ncolor:#ffffff;\n}\n<\/style>\n<div  class='avia-image-container av-av_image-fb77ee37349ddb21ae8d54f8422843ac av-styling- av-hover-grow avia_animated_image av-animated-when-visible-95 fade-in avia-align-center  avia-builder-el-5  avia-builder-el-no-sibling '   itemprop=\"image\" itemscope=\"itemscope\" itemtype=\"https:\/\/schema.org\/ImageObject\" ><div class=\"avia-image-container-inner\"><div class=\"avia-image-overlay-wrap\"><img decoding=\"async\" class='wp-image-330 avia-img-lazy-loading-not-330 avia_image ' src=\"https:\/\/cborsplus.de\/HP2020\/wp-content\/uploads\/2020\/02\/colorful-1643273_1280-267x300.png\" alt='' title='colorful-1643273_1280'  height=\"300\" width=\"267\"  itemprop=\"thumbnailUrl\" srcset=\"https:\/\/cborsplus.de\/HP2020\/wp-content\/uploads\/2020\/02\/colorful-1643273_1280-267x300.png 267w, https:\/\/cborsplus.de\/HP2020\/wp-content\/uploads\/2020\/02\/colorful-1643273_1280-917x1030.png 917w, https:\/\/cborsplus.de\/HP2020\/wp-content\/uploads\/2020\/02\/colorful-1643273_1280-768x862.png 768w, https:\/\/cborsplus.de\/HP2020\/wp-content\/uploads\/2020\/02\/colorful-1643273_1280-628x705.png 628w, https:\/\/cborsplus.de\/HP2020\/wp-content\/uploads\/2020\/02\/colorful-1643273_1280-450x505.png 450w, https:\/\/cborsplus.de\/HP2020\/wp-content\/uploads\/2020\/02\/colorful-1643273_1280.png 1140w\" sizes=\"(max-width: 267px) 100vw, 267px\" \/><\/div><\/div><\/div><\/div>\n\n<style type=\"text\/css\" data-created_by=\"avia_inline_auto\" id=\"style-css-av-av_two_fifth-14ecd2fc7ff9e37d6b0dc2ca1c41c5aa\">\n.flex_column.av-av_two_fifth-14ecd2fc7ff9e37d6b0dc2ca1c41c5aa{\n-webkit-border-radius:0px 0px 0px 0px;\n-moz-border-radius:0px 0px 0px 0px;\nborder-radius:0px 0px 0px 0px;\npadding:0px 0px 0px 0px;\n}\n<\/style>\n<div  class='flex_column av-av_two_fifth-14ecd2fc7ff9e37d6b0dc2ca1c41c5aa av_two_fifth  avia-builder-el-6  el_after_av_one_fifth  el_before_av_hr  flex_column_div av-animated-generic fade-in av-zero-column-padding  column-top-margin'     ><style type=\"text\/css\" data-created_by=\"avia_inline_auto\" id=\"style-css-av-av_image-9564e5aa18f9bf8e9ae60b2b27b4360f\">\n.avia-image-container.av-av_image-9564e5aa18f9bf8e9ae60b2b27b4360f img.avia_image{\nbox-shadow:none;\n}\n.avia-image-container.av-av_image-9564e5aa18f9bf8e9ae60b2b27b4360f .av-image-caption-overlay-center{\ncolor:#ffffff;\n}\n<\/style>\n<div  class='avia-image-container av-av_image-9564e5aa18f9bf8e9ae60b2b27b4360f av-styling- av-hover-grow avia-align-center  avia-builder-el-7  avia-builder-el-no-sibling '   itemprop=\"image\" itemscope=\"itemscope\" itemtype=\"https:\/\/schema.org\/ImageObject\" ><div class=\"avia-image-container-inner\"><div class=\"avia-image-overlay-wrap\"><img decoding=\"async\" class='wp-image-331 avia-img-lazy-loading-not-331 avia_image ' src=\"https:\/\/cborsplus.de\/HP2020\/wp-content\/uploads\/2020\/02\/laboratory-2815632_1920-300x206.jpg\" alt='' title='laboratory-2815632_1920'  height=\"206\" width=\"300\"  itemprop=\"thumbnailUrl\" srcset=\"https:\/\/cborsplus.de\/HP2020\/wp-content\/uploads\/2020\/02\/laboratory-2815632_1920-300x206.jpg 300w, https:\/\/cborsplus.de\/HP2020\/wp-content\/uploads\/2020\/02\/laboratory-2815632_1920-1030x706.jpg 1030w, https:\/\/cborsplus.de\/HP2020\/wp-content\/uploads\/2020\/02\/laboratory-2815632_1920-768x526.jpg 768w, https:\/\/cborsplus.de\/HP2020\/wp-content\/uploads\/2020\/02\/laboratory-2815632_1920-1536x1053.jpg 1536w, https:\/\/cborsplus.de\/HP2020\/wp-content\/uploads\/2020\/02\/laboratory-2815632_1920-1500x1028.jpg 1500w, https:\/\/cborsplus.de\/HP2020\/wp-content\/uploads\/2020\/02\/laboratory-2815632_1920-705x483.jpg 705w, https:\/\/cborsplus.de\/HP2020\/wp-content\/uploads\/2020\/02\/laboratory-2815632_1920-450x308.jpg 450w, https:\/\/cborsplus.de\/HP2020\/wp-content\/uploads\/2020\/02\/laboratory-2815632_1920.jpg 1920w\" sizes=\"(max-width: 300px) 100vw, 300px\" \/><\/div><\/div><\/div><\/div>\n<div  class='hr av-av_hr-0ff602b3e980a3377077ff3c1c834df6 hr-default  avia-builder-el-8  el_after_av_two_fifth  el_before_av_one_full '><span class='hr-inner '><span class=\"hr-inner-style\"><\/span><\/span><\/div>\n\n<style type=\"text\/css\" data-created_by=\"avia_inline_auto\" id=\"style-css-av-av_one_full-f4c26a98045946fc01b9ad09dcbe50c8\">\n.flex_column.av-av_one_full-f4c26a98045946fc01b9ad09dcbe50c8{\n-webkit-border-radius:0px 0px 0px 0px;\n-moz-border-radius:0px 0px 0px 0px;\nborder-radius:0px 0px 0px 0px;\npadding:0px 0px 0px 0px;\n}\n<\/style>\n<div  class='flex_column av-av_one_full-f4c26a98045946fc01b9ad09dcbe50c8 av_one_full  avia-builder-el-9  el_after_av_hr  el_before_av_one_full  first flex_column_div av-animated-generic fade-in av-zero-column-padding  '     ><div id='avia-messagebox-' class='avia_message_box av_notification av-av_notification-cec448315ce0e665f2d01ebd1cab7e3a avia-color-red avia-size-large avia-icon_select-no avia-border-dashed  avia-builder-el-10  avia-builder-el-no-sibling ' ><div class=\"avia_message_box_content\"><p>Wir m\u00f6chten f\u00fcr unsere Sch\u00fcler einen perfekten Start in die Berufswelt gew\u00e4hrleisten. In den verschiedenen Klassenstufen finden regelm\u00e4\u00dfig Berufsberatungen statt, au\u00dferdem bieten wir Exkursionen zu Messen und Ausstellungen rund um das Thema Berufswahl an.<\/p>\n<\/div><\/div><\/div>\n\n<style type=\"text\/css\" data-created_by=\"avia_inline_auto\" id=\"style-css-av-av_one_full-15d750bd1b332b34c6e70b077ebbccdf\">\n.flex_column.av-av_one_full-15d750bd1b332b34c6e70b077ebbccdf{\n-webkit-border-radius:0px 0px 0px 0px;\n-moz-border-radius:0px 0px 0px 0px;\nborder-radius:0px 0px 0px 0px;\npadding:0px 0px 0px 0px;\n}\n<\/style>\n<div  class='flex_column av-av_one_full-15d750bd1b332b34c6e70b077ebbccdf av_one_full  avia-builder-el-11  el_after_av_one_full  el_before_av_one_third  first flex_column_div av-zero-column-padding  column-top-margin'     ><style type=\"text\/css\" data-created_by=\"avia_inline_auto\" id=\"style-css-av-av_heading-704842db57539c3f8baebd06715c0769\">\n#top .av-special-heading.av-av_heading-704842db57539c3f8baebd06715c0769{\npadding-bottom:10px;\n}\nbody .av-special-heading.av-av_heading-704842db57539c3f8baebd06715c0769 .av-special-heading-tag .heading-char{\nfont-size:25px;\n}\n.av-special-heading.av-av_heading-704842db57539c3f8baebd06715c0769 .av-subheading{\nfont-size:15px;\n}\n<\/style>\n<div  class='av-special-heading av-av_heading-704842db57539c3f8baebd06715c0769 av-special-heading-h2 blockquote modern-quote modern-centered  avia-builder-el-12  avia-builder-el-no-sibling '><h2 class='av-special-heading-tag'  itemprop=\"headline\"  >Unser Konzept<\/h2><div class=\"special-heading-border\"><div class=\"special-heading-inner-border\"><\/div><\/div><\/div><\/div>\n\n<style type=\"text\/css\" data-created_by=\"avia_inline_auto\" id=\"style-css-av-av_one_third-15d750bd1b332b34c6e70b077ebbccdf\">\n.flex_column.av-av_one_third-15d750bd1b332b34c6e70b077ebbccdf{\n-webkit-border-radius:0px 0px 0px 0px;\n-moz-border-radius:0px 0px 0px 0px;\nborder-radius:0px 0px 0px 0px;\npadding:0px 0px 0px 0px;\n}\n<\/style>\n<div  class='flex_column av-av_one_third-15d750bd1b332b34c6e70b077ebbccdf av_one_third  avia-builder-el-13  el_after_av_one_full  el_before_av_one_third  first flex_column_div av-zero-column-padding  column-top-margin'     ><article  class='iconbox iconbox_top av-av_icon_box-86340283eeb08ecc442fab4b67d09842  avia-builder-el-14  avia-builder-el-no-sibling  main_color'  itemscope=\"itemscope\" itemtype=\"https:\/\/schema.org\/CreativeWork\" ><div class=\"iconbox_content\"><header class=\"entry-content-header\"><a href='https:\/\/cborsplus.de\/HP2020\/jobscout\/' title='JobScout'  class=\"iconbox_icon heading-color\" aria-hidden='true' data-av_icon='\ue85a' data-av_iconfont='entypo-fontello'><\/a><h3 class='iconbox_content_title '  itemprop=\"headline\" ><a href='https:\/\/cborsplus.de\/HP2020\/jobscout\/' title='JobScout' >JobScout<\/a><\/h3><\/header><div class='iconbox_content_container '  itemprop=\"text\" ><\/div><\/div><footer class=\"entry-footer\"><\/footer><\/article><\/div>\n\n<style type=\"text\/css\" data-created_by=\"avia_inline_auto\" id=\"style-css-av-av_one_third-c8fc129dc35fd1ae2a1e410224d39ea8\">\n.flex_column.av-av_one_third-c8fc129dc35fd1ae2a1e410224d39ea8{\n-webkit-border-radius:0px 0px 0px 0px;\n-moz-border-radius:0px 0px 0px 0px;\nborder-radius:0px 0px 0px 0px;\npadding:0px 0px 0px 0px;\n}\n<\/style>\n<div  class='flex_column av-av_one_third-c8fc129dc35fd1ae2a1e410224d39ea8 av_one_third  avia-builder-el-15  el_after_av_one_third  el_before_av_one_third  flex_column_div av-zero-column-padding  column-top-margin'     ><article  class='iconbox iconbox_top av-av_icon_box-381bde0c8f736a58f2c20dcf9c6ef2c1  avia-builder-el-16  avia-builder-el-no-sibling  main_color'  itemscope=\"itemscope\" itemtype=\"https:\/\/schema.org\/CreativeWork\" ><div class=\"iconbox_content\"><header class=\"entry-content-header\"><a href='https:\/\/cborsplus.de\/HP2020\/praktika\/' title='Praktika'  class=\"iconbox_icon heading-color\" aria-hidden='true' data-av_icon='\ue856' data-av_iconfont='entypo-fontello'><\/a><h3 class='iconbox_content_title '  itemprop=\"headline\" ><a href='https:\/\/cborsplus.de\/HP2020\/praktika\/' title='Praktika' >Praktika<\/a><\/h3><\/header><div class='iconbox_content_container '  itemprop=\"text\" ><\/div><\/div><footer class=\"entry-footer\"><\/footer><\/article><\/div>\n\n<style type=\"text\/css\" data-created_by=\"avia_inline_auto\" id=\"style-css-av-av_one_third-c8fc129dc35fd1ae2a1e410224d39ea8\">\n.flex_column.av-av_one_third-c8fc129dc35fd1ae2a1e410224d39ea8{\n-webkit-border-radius:0px 0px 0px 0px;\n-moz-border-radius:0px 0px 0px 0px;\nborder-radius:0px 0px 0px 0px;\npadding:0px 0px 0px 0px;\n}\n<\/style>\n<div  class='flex_column av-av_one_third-c8fc129dc35fd1ae2a1e410224d39ea8 av_one_third  avia-builder-el-17  el_after_av_one_third  avia-builder-el-last  flex_column_div av-zero-column-padding  column-top-margin'     ><article  class='iconbox iconbox_top av-av_icon_box-8c89d43a2c958ec4c3de8f6b39eb26e8  avia-builder-el-18  avia-builder-el-no-sibling  main_color'  itemscope=\"itemscope\" itemtype=\"https:\/\/schema.org\/CreativeWork\" ><div class=\"iconbox_content\"><header class=\"entry-content-header\"><a href='https:\/\/cborsplus.de\/HP2020\/beratungsangebote\/' title='Beratungsangebote'  class=\"iconbox_icon heading-color\" aria-hidden='true' data-av_icon='\ue81e' data-av_iconfont='entypo-fontello'><\/a><h3 class='iconbox_content_title '  itemprop=\"headline\" ><a href='https:\/\/cborsplus.de\/HP2020\/beratungsangebote\/' title='Beratungsangebote' >Beratungsangebote<\/a><\/h3><\/header><div class='iconbox_content_container '  itemprop=\"text\" ><\/div><\/div><footer class=\"entry-footer\"><\/footer><\/article><\/div>\n","protected":false},"excerpt":{"rendered":"","protected":false},"author":1,"featured_media":0,"parent":101,"menu_order":0,"comment_status":"closed","ping_status":"closed","template":"","meta":{"footnotes":""},"class_list":["post-109","page","type-page","status-publish","hentry"],"_links":{"self":[{"href":"https:\/\/cborsplus.de\/HP2020\/wp-json\/wp\/v2\/pages\/109","targetHints":{"allow":["GET"]}}],"collection":[{"href":"https:\/\/cborsplus.de\/HP2020\/wp-json\/wp\/v2\/pages"}],"about":[{"href":"https:\/\/cborsplus.de\/HP2020\/wp-json\/wp\/v2\/types\/page"}],"author":[{"embeddable":true,"href":"https:\/\/cborsplus.de\/HP2020\/wp-json\/wp\/v2\/users\/1"}],"replies":[{"embeddable":true,"href":"https:\/\/cborsplus.de\/HP2020\/wp-json\/wp\/v2\/comments?post=109"}],"version-history":[{"count":16,"href":"https:\/\/cborsplus.de\/HP2020\/wp-json\/wp\/v2\/pages\/109\/revisions"}],"predecessor-version":[{"id":464,"href":"https:\/\/cborsplus.de\/HP2020\/wp-json\/wp\/v2\/pages\/109\/revisions\/464"}],"up":[{"embeddable":true,"href":"https:\/\/cborsplus.de\/HP2020\/wp-json\/wp\/v2\/pages\/101"}],"wp:attachment":[{"href":"https:\/\/cborsplus.de\/HP2020\/wp-json\/wp\/v2\/media?parent=109"}],"curies":[{"name":"wp","href":"https:\/\/api.w.org\/{rel}","templated":true}]}}