{"id":1021,"date":"2020-04-30T10:04:41","date_gmt":"2020-04-30T08:04:41","guid":{"rendered":"http:\/\/cborsplus.de\/HP2020\/?page_id=1021"},"modified":"2024-09-09T20:31:47","modified_gmt":"2024-09-09T18:31:47","slug":"impressum","status":"publish","type":"page","link":"https:\/\/cborsplus.de\/HP2020\/impressum\/","title":{"rendered":"Impressum"},"content":{"rendered":"\n<style type=\"text\/css\" data-created_by=\"avia_inline_auto\" id=\"style-css-av-4q0ckt-05e54f756e0acab5d8daefd997af727b\">\n.flex_column.av-4q0ckt-05e54f756e0acab5d8daefd997af727b{\n-webkit-border-radius:0px 0px 0px 0px;\n-moz-border-radius:0px 0px 0px 0px;\nborder-radius:0px 0px 0px 0px;\npadding:0px 0px 0px 0px;\n}\n<\/style>\n<div  class='flex_column av-4q0ckt-05e54f756e0acab5d8daefd997af727b av_one_full  avia-builder-el-0  avia-builder-el-no-sibling  first flex_column_div av-zero-column-padding  '     ><section  class='av_textblock_section av-30tmql-71e0e3c8a72c58b4d746fb0c2ef79c2f '   itemscope=\"itemscope\" itemtype=\"https:\/\/schema.org\/CreativeWork\" ><div class='avia_textblock'  itemprop=\"text\" ><div class=\"post-headline\">\n<h1>Kontakt\/Impressum<\/h1>\n<\/div>\n<div class=\"post-bodycopy clearfix\">\n<h3><\/h3>\n<p>Clemens-Brentano-\/ Overberg Realschule plus Koblenz<\/p>\n<p>Wei\u00dfergasse 6<br \/>\n56068 Koblenz<\/p>\n<p>Telefon 0261 \/ 31336<br \/>\nTelefax 0261 \/ 37326<\/p>\n<p>Email:<\/p>\n<p>B\u00fcro:<br \/>\ninfo (at) cbors.de<\/p>\n<p>Anfahrt:<\/p>\n<p><a title=\"Amtlicher Stadtplan von Koblenz\" href=\"https:\/\/www.openstreetmap.org\/way\/108311602#map=18\/50.362009\/7.591386\" target=\"_blank\" rel=\"noopener\">Stadtplan<\/a><\/p>\n<p>Schulleitung:<\/p>\n<p>Schulleitung: Herr Haunschild<\/p>\n<p>weitere Mitglieder der Schulleitung:<\/p>\n<p>1. stellvertretende Schulleiterin: Fr. Durdagi<\/p>\n<p>2. stellvertretende\/r Schulleiter\/in: &#8211;<\/p>\n<p>didaktische Koordinatorin: Frau Weiler<\/p>\n<p>p\u00e4dagogische Koordinator\/in: &#8211;<\/p>\n<h3>IMPRESSUM<\/h3>\n<p>Schultr\u00e4ger (Diensteanbieter im Sinne des \u00a76 TDG und \u00a76 Abs. 1 MDStV):<\/p>\n<p>SCHULTR\u00c4GER: Stadt Koblenz,<br \/>\nSchulverwaltungsamt<br \/>\nPostfach 201551<br \/>\n56015 Koblenz<\/p>\n<p>Hausanschrift:<br \/>\nGymnasialstra\u00dfe 2<br \/>\n56068 Koblenz<br \/>\nTelefon (0261) 129 1902<br \/>\nE-Mail Monika.Klier (at) stadt.koblenz.de<\/p>\n<p>Verantwortlicher f\u00fcr die Internetseite i.S.d. \u00a7 10 Abs. 3 MDStV:<br \/>\nHr. Haunschild, Clemens-Brentano-\/ Overberg Realschule plus Koblenz<br \/>\nWei\u00dfergasse 6, 56068 Koblenz<br \/>\nhaunschild (at) cbors.de<\/p>\n<p>Verantwortlich f\u00fcr die Inhalte der einzelnen Seiten und Artikel sind einzig und allein die Autoren.<\/p>\n<p>Die Autoren sind alle \u00fcber die Kontaktdaten der Schule zu erreichen!<\/p>\n<p>Haftungsausschluss<br \/>\nDie Clemens-Brentano-\/ Overberg Realschule plus Koblenz erstellt die Informationen auf ihrer Homepage mit gr\u00f6\u00dfter Sorgfalt und ist darum bem\u00fcht, Aktualit\u00e4t und Richtigkeit sicher zu stellen. Alle Inhalte sind zur allgemeinen Information bestimmt und stellen keine rechtliche oder sonstige Beratungsdienstleistung dar.<\/p>\n<p>Die Schule \u00fcbernimmt keine Gew\u00e4hr und haftet nicht f\u00fcr etwaige Sch\u00e4den ganz gleich welcher Art, die durch Nutzung dieses Dienstes verursacht werden, soweit sie nicht nachweislich durch Vorsatz oder grobe Fahrl\u00e4ssigkeit verschuldet sind. Dies gilt insbesondere f\u00fcr die zum Herunterladen hinterlegten Dateien.<\/p>\n<p>Die auf der Homepage ver\u00f6ffentlichten Hinweise sind sorgf\u00e4ltig zusammengestellt, erheben aber keinen Anspruch auf Vollst\u00e4ndigkeit. Soweit Gesetze oder Vorschriften erw\u00e4hnt werden ist rechtsverbindlich jeweils nur die aktuelle Fassung, die in den einschl\u00e4gigen Organen (insbesondere Gesetz- und Verordnungsblatt des Landes RLP, Amtsblatt) bekannt gemacht wird.<\/p>\n<p>Von dieser Internetseite aus wird auf zahlreiche andere Angebote im Internet verwiesen (\u201everlinkt\u201c). Die Inhalte der verlinkten Seiten sind von Institutionen gestaltet, auf die die Schule keinen Einfluss hat; sie macht sich die dort aufgef\u00fchrten Inhalte nicht zu eigen. F\u00fcr die Angebote Dritter wird keinerlei Haftung \u00fcbernommen.<\/p>\n<p>Sollten Sie auf dieser Homepage oder auf solchen Seiten, auf die verwiesen wird, bedenkliche oder rechtswidrige Inhalte feststellen, sind wir f\u00fcr einen entsprechenden Hinweis dankbar, werden ihm nachgehen und werden sofern n\u00f6tig die Verlinkung schnellstm\u00f6glich entfernen.<\/p>\n<p>Copyright<br \/>\nDie Urheber- und Nutzungsrechte (Copyright) f\u00fcr Texte, Grafiken, Bilder liegen bei der Clemens-Brentano-\/ Overberg Realschule plus Koblenz oder Dritten. Die nicht-kommerzielle Erstellung, Verwendung und Weitergabe von Kopien in elektronischer oder ausgedruckter Form sind erlaubt, wenn der Inhalt unver\u00e4ndert bleibt, die Quelle angegeben wird (Clemens-Brentano-\/ Overberg Realschule plus Koblenz) und keine Rechte Dritter betroffen sind.<\/p>\n<\/div>\n<\/div><\/section><\/div>\n","protected":false},"excerpt":{"rendered":"","protected":false},"author":1,"featured_media":0,"parent":0,"menu_order":0,"comment_status":"closed","ping_status":"closed","template":"","meta":{"footnotes":""},"class_list":["post-1021","page","type-page","status-publish","hentry"],"_links":{"self":[{"href":"https:\/\/cborsplus.de\/HP2020\/wp-json\/wp\/v2\/pages\/1021","targetHints":{"allow":["GET"]}}],"collection":[{"href":"https:\/\/cborsplus.de\/HP2020\/wp-json\/wp\/v2\/pages"}],"about":[{"href":"https:\/\/cborsplus.de\/HP2020\/wp-json\/wp\/v2\/types\/page"}],"author":[{"embeddable":true,"href":"https:\/\/cborsplus.de\/HP2020\/wp-json\/wp\/v2\/users\/1"}],"replies":[{"embeddable":true,"href":"https:\/\/cborsplus.de\/HP2020\/wp-json\/wp\/v2\/comments?post=1021"}],"version-history":[{"count":8,"href":"https:\/\/cborsplus.de\/HP2020\/wp-json\/wp\/v2\/pages\/1021\/revisions"}],"predecessor-version":[{"id":2592,"href":"https:\/\/cborsplus.de\/HP2020\/wp-json\/wp\/v2\/pages\/1021\/revisions\/2592"}],"wp:attachment":[{"href":"https:\/\/cborsplus.de\/HP2020\/wp-json\/wp\/v2\/media?parent=1021"}],"curies":[{"name":"wp","href":"https:\/\/api.w.org\/{rel}","templated":true}]}}